{"id":5926,"date":"2022-05-31T10:26:27","date_gmt":"2022-05-31T10:26:27","guid":{"rendered":"https:\/\/www.alhambrait.com\/oneseq\/?page_id=5926"},"modified":"2026-01-22T12:43:04","modified_gmt":"2026-01-22T12:43:04","slug":"contacto","status":"publish","type":"page","link":"https:\/\/www.alhambrait.com\/oneseq\/contacto\/","title":{"rendered":"Contacto"},"content":{"rendered":"<p>[et_pb_section fb_built=\u00bb1&#8243; _builder_version=\u00bb4.27.5&#8243; _module_preset=\u00bbdefault\u00bb background_color=\u00bb#5b6476&#8243; background_image=\u00bbhttps:\/\/www.alhambrait.com\/oneseq\/wp-content\/uploads\/2026\/01\/contacto_1920.webp\u00bb min_height=\u00bb500px\u00bb height=\u00bb500px\u00bb max_height=\u00bb500px\u00bb top_divider_style=\u00bbarrow2&#8243; top_divider_color=\u00bb#FFFFFF\u00bb top_divider_height_tablet=\u00bb75px\u00bb top_divider_height_phone=\u00bb50px\u00bb top_divider_height_last_edited=\u00bbon|phone\u00bb bottom_divider_style=\u00bbarrow2&#8243; bottom_divider_color=\u00bb#FFFFFF\u00bb bottom_divider_height_tablet=\u00bb75px\u00bb bottom_divider_height_phone=\u00bb50px\u00bb bottom_divider_height_last_edited=\u00bbon|phone\u00bb hover_enabled=\u00bb0&#8243; background_last_edited=\u00bbon|phone\u00bb background_image_tablet=\u00bbhttps:\/\/www.alhambrait.com\/oneseq\/wp-content\/uploads\/2026\/01\/contacto_1200.webp\u00bb background_image_phone=\u00bbhttps:\/\/www.alhambrait.com\/oneseq\/wp-content\/uploads\/2026\/01\/contacto_500.webp\u00bb background_enable_image_tablet=\u00bbon\u00bb background_enable_image_phone=\u00bbon\u00bb custom_css_main_element=\u00bbdisplay: flex;||flex-direction: column;||justify-content: center;\u00bb global_colors_info=\u00bb{}\u00bb title_text=\u00bbcontacto_500&#8243; sticky_enabled=\u00bb0&#8243;][et_pb_row _builder_version=\u00bb4.21.0&#8243; _module_preset=\u00bbdefault\u00bb global_colors_info=\u00bb{}\u00bb][et_pb_column type=\u00bb4_4&#8243; _builder_version=\u00bb4.21.0&#8243; _module_preset=\u00bbdefault\u00bb global_colors_info=\u00bb{}\u00bb][et_pb_blurb title=\u00bbContacto\u00bb use_icon=\u00bbon\u00bb content_max_width=\u00bb100%\u00bb _builder_version=\u00bb4.21.0&#8243; _module_preset=\u00bbdefault\u00bb header_level=\u00bbh1&#8243; header_font=\u00bbAlhambraIT||||||||\u00bb header_text_align=\u00bbcenter\u00bb header_text_color=\u00bb#FFFFFF\u00bb header_font_size=\u00bb60px\u00bb header_font_size_tablet=\u00bb50px\u00bb header_font_size_phone=\u00bb40px\u00bb header_font_size_last_edited=\u00bbon|phone\u00bb global_colors_info=\u00bb{}\u00bb][\/et_pb_blurb][\/et_pb_column][\/et_pb_row][\/et_pb_section][et_pb_section fb_built=\u00bb1&#8243; _builder_version=\u00bb4.21.0&#8243; _module_preset=\u00bbdefault\u00bb background_color=\u00bb#FFFFFF\u00bb custom_margin=\u00bb||||false|false\u00bb custom_padding=\u00bb0px||0px||false|false\u00bb bottom_divider_color=\u00bb#5b6476&#8243; bottom_divider_height_tablet=\u00bb75px\u00bb bottom_divider_height_phone=\u00bb50px\u00bb bottom_divider_height_last_edited=\u00bbon|phone\u00bb global_colors_info=\u00bb{}\u00bb][et_pb_row _builder_version=\u00bb4.21.0&#8243; _module_preset=\u00bbdefault\u00bb custom_padding=\u00bb||0px||false|false\u00bb global_colors_info=\u00bb{}\u00bb][et_pb_column type=\u00bb4_4&#8243; _builder_version=\u00bb4.21.0&#8243; _module_preset=\u00bbdefault\u00bb global_colors_info=\u00bb{}\u00bb][et_pb_text _builder_version=\u00bb4.21.0&#8243; _module_preset=\u00bbdefault\u00bb text_font=\u00bb||||||||\u00bb text_text_color=\u00bb#5b6476&#8243; text_font_size=\u00bb15px\u00bb text_orientation=\u00bbcenter\u00bb custom_margin=\u00bb||5px||false|false\u00bb global_colors_info=\u00bb{}\u00bb]<\/p>\n<p><a href=\"https:\/\/www.alhambrait.com\/oneseq\/\">Home<\/a> &gt; Contacto<\/p>\n<p>[\/et_pb_text][et_pb_divider _builder_version=\u00bb4.21.0&#8243; _module_preset=\u00bbdefault\u00bb custom_margin=\u00bb||||false|false\u00bb global_colors_info=\u00bb{}\u00bb][\/et_pb_divider][\/et_pb_column][\/et_pb_row][\/et_pb_section][et_pb_section fb_built=\u00bb1&#8243; _builder_version=\u00bb4.21.0&#8243; custom_padding=\u00bb0px||0px||false|false\u00bb global_colors_info=\u00bb{}\u00bb][et_pb_row _builder_version=\u00bb4.16&#8243; background_size=\u00bbinitial\u00bb background_position=\u00bbtop_left\u00bb background_repeat=\u00bbrepeat\u00bb global_colors_info=\u00bb{}\u00bb][et_pb_column type=\u00bb4_4&#8243; _builder_version=\u00bb4.16&#8243; custom_padding=\u00bb|||\u00bb global_colors_info=\u00bb{}\u00bb custom_padding__hover=\u00bb|||\u00bb][et_pb_blurb title=\u00bb\u00bfHablamos?\u00bb image_icon_width=\u00bb60px\u00bb content_max_width=\u00bb100%\u00bb _builder_version=\u00bb4.21.0&#8243; _module_preset=\u00bbdefault\u00bb header_level=\u00bbh2&#8243; header_font=\u00bbAlhambraIT||||||||\u00bb header_text_color=\u00bb#5b6476&#8243; header_font_size=\u00bb35px\u00bb body_text_color=\u00bb#222222&#8243; body_font_size=\u00bb18px\u00bb custom_margin=\u00bb||||false|false\u00bb custom_padding=\u00bb||20px||false|false\u00bb custom_padding_tablet=\u00bb||20px||false|false\u00bb custom_padding_phone=\u00bb||20px||false|false\u00bb custom_padding_last_edited=\u00bbon|phone\u00bb animation=\u00bboff\u00bb header_font_size_tablet=\u00bb32px\u00bb header_font_size_phone=\u00bb25px\u00bb header_font_size_last_edited=\u00bbon|tablet\u00bb body_font_size_tablet=\u00bb16px\u00bb body_font_size_phone=\u00bb15px\u00bb body_font_size_last_edited=\u00bbon|phone\u00bb custom_css_blurb_title=\u00bbmargin-bottom:20px\u00bb global_colors_info=\u00bb{}\u00bb]<\/p>\n<p>Nuestra mayor preocupaci\u00f3n es la satisfacci\u00f3n de nuestros clientes. Por ello esperamos poder facilitarte cualquier tipo de informaci\u00f3n y resolver cualquier incidencia, en caso de que los canales habituales no cubran tus necesidades. La Direcci\u00f3n de nuestra compa\u00f1\u00eda gestionar\u00e1 la informaci\u00f3n aqu\u00ed indicada.<\/p>\n<p>[\/et_pb_blurb][\/et_pb_column][\/et_pb_row][\/et_pb_section][et_pb_section fb_built=\u00bb1&#8243; custom_padding_last_edited=\u00bbon|phone\u00bb _builder_version=\u00bb4.21.0&#8243; _module_preset=\u00bbdefault\u00bb background_color=\u00bb#e7e8eb\u00bb custom_margin=\u00bb||||false|false\u00bb custom_padding=\u00bb125px||75px||false|false\u00bb custom_padding_tablet=\u00bb100px||75px||false|false\u00bb custom_padding_phone=\u00bb75px||75px||false|false\u00bb top_divider_style=\u00bbarrow2&#8243; top_divider_color=\u00bb#FFFFFF\u00bb top_divider_height_tablet=\u00bb75px\u00bb top_divider_height_phone=\u00bb50px\u00bb top_divider_height_last_edited=\u00bbon|phone\u00bb bottom_divider_style=\u00bbarrow2&#8243; bottom_divider_color=\u00bb#FFFFFF\u00bb bottom_divider_height_tablet=\u00bb75px\u00bb bottom_divider_height_phone=\u00bb50px\u00bb bottom_divider_height_last_edited=\u00bbon|phone\u00bb global_colors_info=\u00bb{}\u00bb][et_pb_row column_structure=\u00bb1_2,1_2&#8243; use_custom_gutter=\u00bbon\u00bb gutter_width=\u00bb4&#8243; _builder_version=\u00bb4.21.0&#8243; _module_preset=\u00bbdefault\u00bb width=\u00bb60%\u00bb width_tablet=\u00bb75%\u00bb width_phone=\u00bb85%\u00bb width_last_edited=\u00bbon|phone\u00bb max_width=\u00bb2560px\u00bb custom_margin=\u00bb||20px||false|false\u00bb custom_margin_tablet=\u00bb||-20px||false|false\u00bb custom_margin_phone=\u00bb||-20px||false|false\u00bb custom_margin_last_edited=\u00bbon|phone\u00bb custom_padding=\u00bb||||false|false\u00bb global_colors_info=\u00bb{}\u00bb][et_pb_column type=\u00bb1_2&#8243; _builder_version=\u00bb4.21.0&#8243; _module_preset=\u00bbdefault\u00bb global_colors_info=\u00bb{}\u00bb][et_pb_blurb title=\u00bbSolicitud de informaci\u00f3n\u00bb use_icon=\u00bbon\u00bb font_icon=\u00bb&#xf0e0;||fa||900&#8243; image_icon_width=\u00bb40px\u00bb content_max_width=\u00bb100%\u00bb _builder_version=\u00bb4.21.0&#8243; _module_preset=\u00bbdefault\u00bb header_font=\u00bbAlhambraIT||||||||\u00bb header_text_align=\u00bbcenter\u00bb header_text_color=\u00bb#5b6476&#8243; header_font_size=\u00bb30px\u00bb body_text_color=\u00bb#222222&#8243; body_font_size=\u00bb17px\u00bb body_line_height=\u00bb1.4em\u00bb header_font_size_tablet=\u00bb30px\u00bb header_font_size_phone=\u00bb28px\u00bb header_font_size_last_edited=\u00bbon|phone\u00bb body_font_size_tablet=\u00bb15px\u00bb body_font_size_phone=\u00bb15px\u00bb body_font_size_last_edited=\u00bbon|phone\u00bb global_colors_info=\u00bb{}\u00bb]<\/p>\n<p style=\"text-align: center;\">Si necesitas ampliar la informaci\u00f3n de nuestros servicios, podemos hacerte llegar la documentaci\u00f3n que necesites.<\/p>\n<p>[\/et_pb_blurb][et_pb_button button_url=\u00bb\/oneseq\/contacto\/solicitud-informacion\/\u00bb button_text=\u00bbSolicitar\u00bb button_alignment=\u00bbcenter\u00bb _builder_version=\u00bb4.25.1&#8243; _module_preset=\u00bbdefault\u00bb custom_button=\u00bbon\u00bb button_text_color=\u00bb#FFFFFF\u00bb button_bg_color=\u00bb#be8e24&#8243; button_font=\u00bbAlhambraIT||||||||\u00bb button_icon_color=\u00bb#FFFFFF\u00bb custom_margin=\u00bb-15px||20px||false|false\u00bb custom_margin_tablet=\u00bb-15px||20px||false|false\u00bb custom_margin_phone=\u00bb-15px||20px||false|false\u00bb custom_margin_last_edited=\u00bbon|desktop\u00bb global_colors_info=\u00bb{}\u00bb button_bg_color__hover_enabled=\u00bbon|hover\u00bb button_bg_color__hover=\u00bb#4d5564&#8243; button_bg_enable_color__hover=\u00bbon\u00bb][\/et_pb_button][\/et_pb_column][et_pb_column type=\u00bb1_2&#8243; _builder_version=\u00bb4.21.0&#8243; _module_preset=\u00bbdefault\u00bb global_colors_info=\u00bb{}\u00bb][et_pb_blurb title=\u00bbIncidencias\u00bb use_icon=\u00bbon\u00bb font_icon=\u00bb&#xf085;||fa||900&#8243; image_icon_width=\u00bb40px\u00bb content_max_width=\u00bb100%\u00bb _builder_version=\u00bb4.21.0&#8243; _module_preset=\u00bbdefault\u00bb header_font=\u00bbAlhambraIT||||||||\u00bb header_text_align=\u00bbcenter\u00bb header_text_color=\u00bb#5b6476&#8243; header_font_size=\u00bb30px\u00bb body_text_color=\u00bb#222222&#8243; body_font_size=\u00bb17px\u00bb body_line_height=\u00bb1.4em\u00bb header_font_size_tablet=\u00bb30px\u00bb header_font_size_phone=\u00bb28px\u00bb header_font_size_last_edited=\u00bbon|phone\u00bb body_font_size_tablet=\u00bb16px\u00bb body_font_size_phone=\u00bb16px\u00bb body_font_size_last_edited=\u00bbon|phone\u00bb global_colors_info=\u00bb{}\u00bb]<\/p>\n<p style=\"text-align: center;\">Si eres cliente y has sufrido alguna incidencia t\u00e9cnica, por favor, det\u00e1llanosla a continuaci\u00f3n.<\/p>\n<p>[\/et_pb_blurb][et_pb_button button_url=\u00bb\/oneseq\/contacto\/incidencias\/\u00bb button_text=\u00bbAbrir incidencia\u00bb button_alignment=\u00bbcenter\u00bb _builder_version=\u00bb4.25.1&#8243; _module_preset=\u00bbdefault\u00bb custom_button=\u00bbon\u00bb button_text_color=\u00bb#FFFFFF\u00bb button_bg_color=\u00bb#be8e24&#8243; button_font=\u00bbAlhambraIT||||||||\u00bb button_icon_color=\u00bb#FFFFFF\u00bb custom_margin=\u00bb-15px||20px||false|false\u00bb custom_margin_tablet=\u00bb-15px||20px||false|false\u00bb custom_margin_phone=\u00bb-15px||20px||false|false\u00bb custom_margin_last_edited=\u00bbon|desktop\u00bb global_colors_info=\u00bb{}\u00bb button_bg_color__hover_enabled=\u00bbon|hover\u00bb button_bg_color__hover=\u00bb#4d5564&#8243; button_bg_enable_color__hover=\u00bbon\u00bb][\/et_pb_button][\/et_pb_column][\/et_pb_row][\/et_pb_section][et_pb_section fb_built=\u00bb1&#8243; _builder_version=\u00bb4.27.5&#8243; _module_preset=\u00bbdefault\u00bb global_module=\u00bb6443&#8243; saved_tabs=\u00bball\u00bb global_colors_info=\u00bb{}\u00bb][et_pb_row _builder_version=\u00bb4.21.0&#8243; _module_preset=\u00bbdefault\u00bb max_width=\u00bb2560px\u00bb custom_padding=\u00bb||0px||false|false\u00bb global_colors_info=\u00bb{}\u00bb][et_pb_column type=\u00bb4_4&#8243; _builder_version=\u00bb4.17.4&#8243; _module_preset=\u00bbdefault\u00bb global_colors_info=\u00bb{}\u00bb][et_pb_blurb title=\u00bbAcreditaciones y Colaboraciones\u00bb use_icon=\u00bbon\u00bb content_max_width=\u00bb1100px\u00bb _builder_version=\u00bb4.27.5&#8243; _module_preset=\u00bbdefault\u00bb header_level=\u00bbh2&#8243; header_font=\u00bbAlhambraIT||||||||\u00bb header_text_align=\u00bbcenter\u00bb header_text_color=\u00bb#5b6476&#8243; header_font_size=\u00bb40px\u00bb header_line_height=\u00bb0.9em\u00bb body_font=\u00bbRaleway|300|||||||\u00bb body_text_color=\u00bb#222222&#8243; body_font_size=\u00bb21px\u00bb body_line_height=\u00bb1.5em\u00bb header_font_size_tablet=\u00bb36px\u00bb header_font_size_phone=\u00bb30px\u00bb header_font_size_last_edited=\u00bbon|phone\u00bb body_font_size_tablet=\u00bb18px\u00bb body_font_size_phone=\u00bb17px\u00bb body_font_size_last_edited=\u00bbon|phone\u00bb body_line_height_tablet=\u00bb1.5em\u00bb body_line_height_phone=\u00bb1.5em\u00bb body_line_height_last_edited=\u00bbon|desktop\u00bb custom_css_blurb_title=\u00bbmargin-bottom: 15px\u00bb global_colors_info=\u00bb{}\u00bb][\/et_pb_blurb][et_pb_image src=\u00bbhttps:\/\/www.alhambrait.com\/oneseq\/wp-content\/uploads\/2024\/04\/logos_calidad_appplus_2024.png\u00bb alt=\u00bbProcesos Certificados en Espa\u00f1a\u00bb title_text=\u00bblogos_calidad_appplus_2024_mobile\u00bb align=\u00bbcenter\u00bb src_tablet=\u00bbhttps:\/\/www.alhambrait.com\/oneseq\/wp-content\/uploads\/2024\/04\/logos_calidad_appplus_2024_tablet.png\u00bb src_phone=\u00bbhttps:\/\/www.alhambrait.com\/oneseq\/wp-content\/uploads\/2024\/04\/logos_calidad_appplus_2024_mobile.png\u00bb src_last_edited=\u00bbon|phone\u00bb _builder_version=\u00bb4.24.3&#8243; _module_preset=\u00bbdefault\u00bb global_colors_info=\u00bb{}\u00bb][\/et_pb_image][et_pb_divider color=\u00bb#5b6476&#8243; divider_weight=\u00bb1px\u00bb _builder_version=\u00bb4.18.0&#8243; _module_preset=\u00bbdefault\u00bb module_alignment=\u00bbcenter\u00bb global_colors_info=\u00bb{}\u00bb][\/et_pb_divider][\/et_pb_column][\/et_pb_row][et_pb_row column_structure=\u00bb1_6,1_6,1_6,1_6,1_6,1_6&#8243; use_custom_gutter=\u00bbon\u00bb gutter_width=\u00bb1&#8243; _builder_version=\u00bb4.21.0&#8243; _module_preset=\u00bbdefault\u00bb width_tablet=\u00bb\u00bb width_phone=\u00bb\u00bb width_last_edited=\u00bbon|tablet\u00bb max_width=\u00bb2560px\u00bb custom_padding=\u00bb0px||0px||false|false\u00bb global_colors_info=\u00bb{}\u00bb][et_pb_column type=\u00bb1_6&#8243; _builder_version=\u00bb4.18.0&#8243; _module_preset=\u00bbdefault\u00bb global_colors_info=\u00bb{}\u00bb][et_pb_image src=\u00bbhttps:\/\/www.alhambrait.com\/oneseq\/wp-content\/uploads\/2023\/06\/calidad_ccn.jpg\u00bb alt=\u00bbCCN\u00bb title_text=\u00bbcalidad_ccn\u00bb url_new_window=\u00bbon\u00bb align=\u00bbcenter\u00bb _builder_version=\u00bb4.22.2&#8243; _module_preset=\u00bbdefault\u00bb width_tablet=\u00bb\u00bb width_phone=\u00bb50%\u00bb width_last_edited=\u00bbon|phone\u00bb global_colors_info=\u00bb{}\u00bb width__hover_enabled=\u00bboff|desktop\u00bb][\/et_pb_image][\/et_pb_column][et_pb_column type=\u00bb1_6&#8243; _builder_version=\u00bb4.18.0&#8243; _module_preset=\u00bbdefault\u00bb global_colors_info=\u00bb{}\u00bb][et_pb_image src=\u00bbhttps:\/\/www.alhambrait.com\/oneseq\/wp-content\/uploads\/2023\/06\/calidad_incibe.jpg\u00bb alt=\u00bbINCIBE\u00bb title_text=\u00bbcalidad_incibe\u00bb url_new_window=\u00bbon\u00bb align=\u00bbcenter\u00bb _builder_version=\u00bb4.22.2&#8243; _module_preset=\u00bbdefault\u00bb width_tablet=\u00bb\u00bb width_phone=\u00bb50%\u00bb width_last_edited=\u00bbon|phone\u00bb global_colors_info=\u00bb{}\u00bb][\/et_pb_image][\/et_pb_column][et_pb_column type=\u00bb1_6&#8243; _builder_version=\u00bb4.18.0&#8243; _module_preset=\u00bbdefault\u00bb global_colors_info=\u00bb{}\u00bb][et_pb_image src=\u00bbhttps:\/\/www.alhambrait.com\/oneseq\/wp-content\/uploads\/2023\/06\/calidad_red_nacional_soc.jpg\u00bb alt=\u00bbRed Nacional de SOC\u00bb title_text=\u00bbcalidad_red_nacional_soc\u00bb url_new_window=\u00bbon\u00bb align=\u00bbcenter\u00bb _builder_version=\u00bb4.22.2&#8243; _module_preset=\u00bbdefault\u00bb width_tablet=\u00bb\u00bb width_phone=\u00bb50%\u00bb width_last_edited=\u00bbon|phone\u00bb global_colors_info=\u00bb{}\u00bb][\/et_pb_image][\/et_pb_column][et_pb_column type=\u00bb1_6&#8243; _builder_version=\u00bb4.18.0&#8243; _module_preset=\u00bbdefault\u00bb global_colors_info=\u00bb{}\u00bb][et_pb_image src=\u00bbhttps:\/\/www.alhambrait.com\/oneseq\/wp-content\/uploads\/2023\/06\/calidad_trusted_introducer.jpg\u00bb alt=\u00bbTrusted Introducer\u00bb title_text=\u00bbcalidad_trusted_introducer\u00bb align=\u00bbcenter\u00bb _builder_version=\u00bb4.22.2&#8243; _module_preset=\u00bbdefault\u00bb width_tablet=\u00bb\u00bb width_phone=\u00bb50%\u00bb width_last_edited=\u00bbon|phone\u00bb global_colors_info=\u00bb{}\u00bb][\/et_pb_image][\/et_pb_column][et_pb_column type=\u00bb1_6&#8243; _builder_version=\u00bb4.18.0&#8243; _module_preset=\u00bbdefault\u00bb global_colors_info=\u00bb{}\u00bb][et_pb_image src=\u00bbhttps:\/\/www.alhambrait.com\/oneseq\/wp-content\/uploads\/2023\/06\/calidad_first.jpg\u00bb alt=\u00bbFirst\u00bb title_text=\u00bbcalidad_first\u00bb align=\u00bbcenter\u00bb _builder_version=\u00bb4.22.2&#8243; _module_preset=\u00bbdefault\u00bb width_tablet=\u00bb\u00bb width_phone=\u00bb50%\u00bb width_last_edited=\u00bbon|phone\u00bb global_colors_info=\u00bb{}\u00bb][\/et_pb_image][\/et_pb_column][et_pb_column type=\u00bb1_6&#8243; _builder_version=\u00bb4.18.0&#8243; _module_preset=\u00bbdefault\u00bb global_colors_info=\u00bb{}\u00bb][et_pb_image src=\u00bbhttps:\/\/www.alhambrait.com\/oneseq\/wp-content\/uploads\/2023\/06\/calidad_csirt.jpg\u00bb alt=\u00bbCSIRT\u00bb title_text=\u00bbcalidad_csirt\u00bb align=\u00bbcenter\u00bb _builder_version=\u00bb4.22.2&#8243; _module_preset=\u00bbdefault\u00bb width_tablet=\u00bb\u00bb width_phone=\u00bb50%\u00bb width_last_edited=\u00bbon|phone\u00bb global_colors_info=\u00bb{}\u00bb][\/et_pb_image][\/et_pb_column][\/et_pb_row][\/et_pb_section]<\/p>\n","protected":false},"excerpt":{"rendered":"<p>Home &gt; ContactoNuestra mayor preocupaci\u00f3n es la satisfacci\u00f3n de nuestros clientes. Por ello esperamos poder facilitarte cualquier tipo de informaci\u00f3n y resolver cualquier incidencia, en caso de que los canales habituales no cubran tus necesidades. La Direcci\u00f3n de nuestra compa\u00f1\u00eda gestionar\u00e1 la informaci\u00f3n aqu\u00ed indicada.Si necesitas ampliar la informaci\u00f3n de nuestros servicios, podemos hacerte llegar la documentaci\u00f3n que necesites.Si eres cliente y has sufrido alguna incidencia t\u00e9cnica, por favor, det\u00e1llanosla a continuaci\u00f3n.<\/p>\n","protected":false},"author":1,"featured_media":0,"parent":0,"menu_order":0,"comment_status":"closed","ping_status":"closed","template":"","meta":{"_acf_changed":false,"_et_pb_use_builder":"on","_et_pb_old_content":"","_et_gb_content_width":"","content-type":"","footnotes":""},"class_list":["post-5926","page","type-page","status-publish","hentry"],"acf":[],"yoast_head":"<!-- This site is optimized with the Yoast SEO plugin v27.4 - https:\/\/yoast.com\/product\/yoast-seo-wordpress\/ -->\n<title>Contacta con OneseQ (by Alhambra) | Ciberseguridad empresarial<\/title>\n<meta name=\"description\" content=\"Resolvemos tus dudas sobre nuestras soluciones y servicios de ciberseguridad empresarial. Queremos ayudarte a maximizar tu seguridad.\" \/>\n<meta name=\"robots\" content=\"index, follow, max-snippet:-1, max-image-preview:large, max-video-preview:-1\" \/>\n<link rel=\"canonical\" href=\"https:\/\/www.alhambrait.com\/oneseq\/contacto\/\" \/>\n<meta property=\"og:locale\" content=\"es_ES\" \/>\n<meta property=\"og:type\" content=\"article\" \/>\n<meta property=\"og:title\" content=\"Contacta con OneseQ (by Alhambra) | Ciberseguridad empresarial\" \/>\n<meta property=\"og:description\" content=\"Resolvemos tus dudas sobre nuestras soluciones y servicios de ciberseguridad empresarial. Queremos ayudarte a maximizar tu seguridad.\" \/>\n<meta property=\"og:url\" content=\"https:\/\/www.alhambrait.com\/oneseq\/contacto\/\" \/>\n<meta property=\"og:site_name\" content=\"OneseQ\" \/>\n<meta property=\"article:modified_time\" content=\"2026-01-22T12:43:04+00:00\" \/>\n<meta name=\"twitter:card\" content=\"summary_large_image\" \/>\n<meta name=\"twitter:label1\" content=\"Tiempo de lectura\" \/>\n\t<meta name=\"twitter:data1\" content=\"1 minuto\" \/>\n<script type=\"application\/ld+json\" class=\"yoast-schema-graph\">{\"@context\":\"https:\\\/\\\/schema.org\",\"@graph\":[{\"@type\":\"WebPage\",\"@id\":\"https:\\\/\\\/www.alhambrait.com\\\/oneseq\\\/contacto\\\/\",\"url\":\"https:\\\/\\\/www.alhambrait.com\\\/oneseq\\\/contacto\\\/\",\"name\":\"Contacta con OneseQ (by Alhambra) | Ciberseguridad empresarial\",\"isPartOf\":{\"@id\":\"https:\\\/\\\/www.alhambrait.com\\\/oneseq\\\/#website\"},\"datePublished\":\"2022-05-31T10:26:27+00:00\",\"dateModified\":\"2026-01-22T12:43:04+00:00\",\"description\":\"Resolvemos tus dudas sobre nuestras soluciones y servicios de ciberseguridad empresarial. Queremos ayudarte a maximizar tu seguridad.\",\"breadcrumb\":{\"@id\":\"https:\\\/\\\/www.alhambrait.com\\\/oneseq\\\/contacto\\\/#breadcrumb\"},\"inLanguage\":\"es\",\"potentialAction\":[{\"@type\":\"ReadAction\",\"target\":[\"https:\\\/\\\/www.alhambrait.com\\\/oneseq\\\/contacto\\\/\"]}]},{\"@type\":\"BreadcrumbList\",\"@id\":\"https:\\\/\\\/www.alhambrait.com\\\/oneseq\\\/contacto\\\/#breadcrumb\",\"itemListElement\":[{\"@type\":\"ListItem\",\"position\":1,\"name\":\"Portada\",\"item\":\"https:\\\/\\\/www.alhambrait.com\\\/oneseq\\\/\"},{\"@type\":\"ListItem\",\"position\":2,\"name\":\"Contacto\"}]},{\"@type\":\"WebSite\",\"@id\":\"https:\\\/\\\/www.alhambrait.com\\\/oneseq\\\/#website\",\"url\":\"https:\\\/\\\/www.alhambrait.com\\\/oneseq\\\/\",\"name\":\"OneseQ\",\"description\":\"\u00c1rea de Ciberseguridad de Alhambra IT\",\"potentialAction\":[{\"@type\":\"SearchAction\",\"target\":{\"@type\":\"EntryPoint\",\"urlTemplate\":\"https:\\\/\\\/www.alhambrait.com\\\/oneseq\\\/?s={search_term_string}\"},\"query-input\":{\"@type\":\"PropertyValueSpecification\",\"valueRequired\":true,\"valueName\":\"search_term_string\"}}],\"inLanguage\":\"es\"}]}<\/script>\n<!-- \/ Yoast SEO plugin. -->","yoast_head_json":{"title":"Contacta con OneseQ (by Alhambra) | Ciberseguridad empresarial","description":"Resolvemos tus dudas sobre nuestras soluciones y servicios de ciberseguridad empresarial. Queremos ayudarte a maximizar tu seguridad.","robots":{"index":"index","follow":"follow","max-snippet":"max-snippet:-1","max-image-preview":"max-image-preview:large","max-video-preview":"max-video-preview:-1"},"canonical":"https:\/\/www.alhambrait.com\/oneseq\/contacto\/","og_locale":"es_ES","og_type":"article","og_title":"Contacta con OneseQ (by Alhambra) | Ciberseguridad empresarial","og_description":"Resolvemos tus dudas sobre nuestras soluciones y servicios de ciberseguridad empresarial. Queremos ayudarte a maximizar tu seguridad.","og_url":"https:\/\/www.alhambrait.com\/oneseq\/contacto\/","og_site_name":"OneseQ","article_modified_time":"2026-01-22T12:43:04+00:00","twitter_card":"summary_large_image","twitter_misc":{"Tiempo de lectura":"1 minuto"},"schema":{"@context":"https:\/\/schema.org","@graph":[{"@type":"WebPage","@id":"https:\/\/www.alhambrait.com\/oneseq\/contacto\/","url":"https:\/\/www.alhambrait.com\/oneseq\/contacto\/","name":"Contacta con OneseQ (by Alhambra) | Ciberseguridad empresarial","isPartOf":{"@id":"https:\/\/www.alhambrait.com\/oneseq\/#website"},"datePublished":"2022-05-31T10:26:27+00:00","dateModified":"2026-01-22T12:43:04+00:00","description":"Resolvemos tus dudas sobre nuestras soluciones y servicios de ciberseguridad empresarial. Queremos ayudarte a maximizar tu seguridad.","breadcrumb":{"@id":"https:\/\/www.alhambrait.com\/oneseq\/contacto\/#breadcrumb"},"inLanguage":"es","potentialAction":[{"@type":"ReadAction","target":["https:\/\/www.alhambrait.com\/oneseq\/contacto\/"]}]},{"@type":"BreadcrumbList","@id":"https:\/\/www.alhambrait.com\/oneseq\/contacto\/#breadcrumb","itemListElement":[{"@type":"ListItem","position":1,"name":"Portada","item":"https:\/\/www.alhambrait.com\/oneseq\/"},{"@type":"ListItem","position":2,"name":"Contacto"}]},{"@type":"WebSite","@id":"https:\/\/www.alhambrait.com\/oneseq\/#website","url":"https:\/\/www.alhambrait.com\/oneseq\/","name":"OneseQ","description":"\u00c1rea de Ciberseguridad de Alhambra IT","potentialAction":[{"@type":"SearchAction","target":{"@type":"EntryPoint","urlTemplate":"https:\/\/www.alhambrait.com\/oneseq\/?s={search_term_string}"},"query-input":{"@type":"PropertyValueSpecification","valueRequired":true,"valueName":"search_term_string"}}],"inLanguage":"es"}]}},"_links":{"self":[{"href":"https:\/\/www.alhambrait.com\/oneseq\/wp-json\/wp\/v2\/pages\/5926","targetHints":{"allow":["GET"]}}],"collection":[{"href":"https:\/\/www.alhambrait.com\/oneseq\/wp-json\/wp\/v2\/pages"}],"about":[{"href":"https:\/\/www.alhambrait.com\/oneseq\/wp-json\/wp\/v2\/types\/page"}],"author":[{"embeddable":true,"href":"https:\/\/www.alhambrait.com\/oneseq\/wp-json\/wp\/v2\/users\/1"}],"replies":[{"embeddable":true,"href":"https:\/\/www.alhambrait.com\/oneseq\/wp-json\/wp\/v2\/comments?post=5926"}],"version-history":[{"count":21,"href":"https:\/\/www.alhambrait.com\/oneseq\/wp-json\/wp\/v2\/pages\/5926\/revisions"}],"predecessor-version":[{"id":42323,"href":"https:\/\/www.alhambrait.com\/oneseq\/wp-json\/wp\/v2\/pages\/5926\/revisions\/42323"}],"wp:attachment":[{"href":"https:\/\/www.alhambrait.com\/oneseq\/wp-json\/wp\/v2\/media?parent=5926"}],"curies":[{"name":"wp","href":"https:\/\/api.w.org\/{rel}","templated":true}]}}