{"id":1343,"date":"2020-06-18T06:45:45","date_gmt":"2020-06-18T06:45:45","guid":{"rendered":"https:\/\/health.alhambrait.com\/?page_id=1343"},"modified":"2025-08-29T08:38:56","modified_gmt":"2025-08-29T08:38:56","slug":"gracias-informacion","status":"publish","type":"page","link":"https:\/\/www.alhambrait.com\/health\/gracias-informacion\/","title":{"rendered":"Gracias informaci\u00f3n"},"content":{"rendered":"<p>[et_pb_section fb_built=\u00bb1&#8243; _builder_version=\u00bb4.21.0&#8243; background_image=\u00bbhttps:\/\/a-e.es\/health\/wp-content\/uploads\/2023\/05\/banner_hablamos_1920.jpg\u00bb background_size=\u00bbinitial\u00bb module_alignment=\u00bbright\u00bb min_height=\u00bb400px\u00bb min_height_tablet=\u00bb400px\u00bb min_height_phone=\u00bb400px\u00bb min_height_last_edited=\u00bbon|phone\u00bb height=\u00bb400px\u00bb height_tablet=\u00bb400px\u00bb height_phone=\u00bb400px\u00bb height_last_edited=\u00bbon|phone\u00bb max_height=\u00bb400px\u00bb max_height_tablet=\u00bb400px\u00bb max_height_phone=\u00bb400px\u00bb max_height_last_edited=\u00bbon|desktop\u00bb custom_margin=\u00bb||||false|false\u00bb custom_margin_tablet=\u00bb||||false|false\u00bb custom_margin_phone=\u00bb||||false|false\u00bb custom_margin_last_edited=\u00bbon|phone\u00bb custom_padding=\u00bb||||false|false\u00bb top_divider_style=\u00bbcurve\u00bb top_divider_color=\u00bb#1623b7&#8243; top_divider_height=\u00bb75px\u00bb top_divider_height_tablet=\u00bb50px\u00bb top_divider_height_phone=\u00bb25px\u00bb top_divider_height_last_edited=\u00bbon|phone\u00bb bottom_divider_style=\u00bbcurve\u00bb bottom_divider_color=\u00bb#FFFFFF\u00bb bottom_divider_height=\u00bb75px\u00bb bottom_divider_height_tablet=\u00bb50px\u00bb bottom_divider_height_phone=\u00bb25px\u00bb bottom_divider_height_last_edited=\u00bbon|desktop\u00bb background_last_edited=\u00bbon|phone\u00bb background_image_tablet=\u00bbhttps:\/\/a-e.es\/health\/wp-content\/uploads\/2023\/05\/banner_hablamos_1200.jpg\u00bb background_image_phone=\u00bbhttps:\/\/a-e.es\/health\/wp-content\/uploads\/2023\/05\/banner_hablamos_500.jpg\u00bb background_enable_image_tablet=\u00bbon\u00bb background_enable_image_phone=\u00bbon\u00bb custom_css_main_element=\u00bbdisplay: flex;||flex-direction: column;||justify-content: center;\u00bb global_colors_info=\u00bb{}\u00bb][et_pb_row column_structure=\u00bb1_2,1_2&#8243; _builder_version=\u00bb4.21.0&#8243; _module_preset=\u00bbdefault\u00bb width=\u00bb65%\u00bb width_tablet=\u00bb85%\u00bb width_phone=\u00bb90%\u00bb width_last_edited=\u00bbon|phone\u00bb max_width=\u00bb2560px\u00bb global_colors_info=\u00bb{}\u00bb][et_pb_column type=\u00bb1_2&#8243; _builder_version=\u00bb4.16&#8243; _module_preset=\u00bbdefault\u00bb global_colors_info=\u00bb{}\u00bb][et_pb_blurb title=\u00bbGracias por contactar.\u00bb use_icon=\u00bbon\u00bb content_max_width=\u00bb1100px\u00bb _builder_version=\u00bb4.21.0&#8243; _module_preset=\u00bbdefault\u00bb header_level=\u00bbh1&#8243; header_font=\u00bbAlhambraIT||||||||\u00bb header_text_color=\u00bbrgba(22,35,183,0.9)\u00bb header_font_size=\u00bb45px\u00bb body_text_align=\u00bbleft\u00bb body_text_color=\u00bb#222222&#8243; body_font_size=\u00bb21px\u00bb body_line_height=\u00bb1.2em\u00bb background_color=\u00bbrgba(255,255,255,0.75)\u00bb custom_margin=\u00bb50px||||false|false\u00bb custom_margin_tablet=\u00bb40px||||false|false\u00bb custom_margin_phone=\u00bb10px||||false|false\u00bb custom_margin_last_edited=\u00bbon|phone\u00bb custom_padding=\u00bb35px|35px|35px|35px|false|false\u00bb custom_padding_tablet=\u00bb||||false|false\u00bb custom_padding_phone=\u00bb||||false|false\u00bb custom_padding_last_edited=\u00bbon|phone\u00bb header_text_align_tablet=\u00bb\u00bb header_text_align_phone=\u00bbcenter\u00bb header_text_align_last_edited=\u00bbon|phone\u00bb header_font_size_tablet=\u00bb35px\u00bb header_font_size_phone=\u00bb30px\u00bb header_font_size_last_edited=\u00bbon|tablet\u00bb body_text_align_tablet=\u00bbleft\u00bb body_text_align_phone=\u00bbcenter\u00bb body_text_align_last_edited=\u00bbon|tablet\u00bb body_font_size_tablet=\u00bb18px\u00bb body_font_size_phone=\u00bb17px\u00bb body_font_size_last_edited=\u00bbon|phone\u00bb custom_css_blurb_title=\u00bbmargin-bottom:10px\u00bb border_color_all=\u00bbRGBA(255,255,255,0)\u00bb border_width_left=\u00bb2px\u00bb border_color_left=\u00bb#00a6bc\u00bb global_colors_info=\u00bb{}\u00bb][\/et_pb_blurb][\/et_pb_column][et_pb_column type=\u00bb1_2&#8243; _builder_version=\u00bb4.16&#8243; _module_preset=\u00bbdefault\u00bb global_colors_info=\u00bb{}\u00bb][\/et_pb_column][\/et_pb_row][\/et_pb_section][et_pb_section fb_built=\u00bb1&#8243; custom_padding_last_edited=\u00bbon|phone\u00bb next_background_color=\u00bb#ffffff\u00bb _builder_version=\u00bb4.21.0&#8243; background_color=\u00bb#FFFFFF\u00bb custom_padding=\u00bb||100px||false|false\u00bb custom_padding_tablet=\u00bb||100px||false|false\u00bb custom_padding_phone=\u00bb||50px||false|false\u00bb top_divider_height_tablet=\u00bb\u00bb top_divider_height_phone=\u00bb\u00bb top_divider_height_last_edited=\u00bbon|desktop\u00bb bottom_divider_style=\u00bbcurve\u00bb bottom_divider_height=\u00bb75px\u00bb bottom_divider_height_tablet=\u00bb50px\u00bb bottom_divider_height_phone=\u00bb25px\u00bb bottom_divider_height_last_edited=\u00bbon|phone\u00bb global_colors_info=\u00bb{}\u00bb][et_pb_row _builder_version=\u00bb4.21.0&#8243; _module_preset=\u00bbdefault\u00bb width=\u00bb65%\u00bb width_tablet=\u00bb85%\u00bb width_phone=\u00bb85%\u00bb width_last_edited=\u00bbon|tablet\u00bb max_width=\u00bb2560px\u00bb global_colors_info=\u00bb{}\u00bb][et_pb_column type=\u00bb4_4&#8243; _builder_version=\u00bb4.16&#8243; _module_preset=\u00bbdefault\u00bb global_colors_info=\u00bb{}\u00bb][et_pb_blurb title=\u00bbSolicitud de Informaci\u00f3n recibida.\u00bb image_icon_width=\u00bb50px\u00bb content_max_width=\u00bb100%\u00bb _builder_version=\u00bb4.27.4&#8243; _module_preset=\u00bbdefault\u00bb header_level=\u00bbh2&#8243; header_font=\u00bbAlhambraIT||||||||\u00bb header_text_align=\u00bbleft\u00bb header_text_color=\u00bb#1623b7&#8243; header_font_size=\u00bb35px\u00bb body_text_align=\u00bbleft\u00bb body_text_color=\u00bb#222222&#8243; body_font_size=\u00bb17px\u00bb custom_padding=\u00bb||||false|false\u00bb header_font_size_tablet=\u00bb30px\u00bb header_font_size_phone=\u00bb26px\u00bb header_font_size_last_edited=\u00bbon|phone\u00bb body_font_size_tablet=\u00bb17px\u00bb body_font_size_phone=\u00bb15px\u00bb body_font_size_last_edited=\u00bbon|desktop\u00bb custom_css_blurb_title=\u00bbmargin-bottom: 20px\u00bb global_colors_info=\u00bb{}\u00bb]<\/p>\n<p>Hemos recibido tu solicitud de informaci\u00f3n y en menos de 48 horas trataremos de darte una respuesta acorde a lo que nos solicitas.<\/p>\n<p>Los datos que nos has proporcionado en el formulario de Solicitud de Informaci\u00f3n son necesarios para poder responder a tu consulta. Recuerda que para obtener toda la informaci\u00f3n que necesites y ejercer tus derechos de acceso, portabilidad, rectificaci\u00f3n, oposici\u00f3n, supresi\u00f3n, limitaci\u00f3n del tratamiento y derecho a no ser objeto de decisiones \u00edntegramente automatizadas sobre tus datos personales, puedes dirigirte a nuestro apartado de <strong><a href=\"https:\/\/www.alhambrait.com\/hablamos\/gestion-datos-personales\/\" target=\"_blank\" rel=\"noopener noreferrer\">Gesti\u00f3n de Datos Personales<\/a><\/strong> o consultar nuestra <a href=\"https:\/\/www.alhambrait.com\/politica-de-privacidad\/\"><strong>Pol\u00edtica de Privacidad de Alhambra IT<\/strong><\/a>.<\/p>\n<p>Por \u00faltimo, indicarte que estamos a tu entera disposici\u00f3n y que puedes comunicarte tambi\u00e9n con Alhambra Health a trav\u00e9s del tel\u00e9fono +34 91 787 23 00<\/p>\n<p>[\/et_pb_blurb][\/et_pb_column][\/et_pb_row][\/et_pb_section]<\/p>\n","protected":false},"excerpt":{"rendered":"<p>Hemos recibido tu solicitud de informaci\u00f3n y en menos de 48 horas trataremos de darte una respuesta acorde a lo que nos solicitas. Los datos que nos has proporcionado en el formulario de Solicitud de Informaci\u00f3n son necesarios para poder responder a tu consulta. Recuerda que para obtener toda la informaci\u00f3n que necesites y ejercer [&hellip;]<\/p>\n","protected":false},"author":2,"featured_media":0,"parent":0,"menu_order":0,"comment_status":"closed","ping_status":"closed","template":"","meta":{"_et_pb_use_builder":"on","_et_pb_old_content":"","_et_gb_content_width":"","footnotes":""},"class_list":["post-1343","page","type-page","status-publish","hentry"],"yoast_head":"<!-- This site is optimized with the Yoast SEO plugin v27.3 - https:\/\/yoast.com\/product\/yoast-seo-wordpress\/ -->\n<title>Gracias informaci\u00f3n - Alhambra Health<\/title>\n<meta name=\"robots\" content=\"noindex, follow\" \/>\n<meta property=\"og:locale\" content=\"es_ES\" \/>\n<meta property=\"og:type\" content=\"article\" \/>\n<meta property=\"og:title\" content=\"Gracias informaci\u00f3n - Alhambra Health\" \/>\n<meta property=\"og:description\" content=\"Hemos recibido tu solicitud de informaci\u00f3n y en menos de 48 horas trataremos de darte una respuesta acorde a lo que nos solicitas. Los datos que nos has proporcionado en el formulario de Solicitud de Informaci\u00f3n son necesarios para poder responder a tu consulta. Recuerda que para obtener toda la informaci\u00f3n que necesites y ejercer [&hellip;]\" \/>\n<meta property=\"og:url\" content=\"https:\/\/www.alhambrait.com\/health\/gracias-informacion\/\" \/>\n<meta property=\"og:site_name\" content=\"Alhambra Health\" \/>\n<meta property=\"article:modified_time\" content=\"2025-08-29T08:38:56+00:00\" \/>\n<meta name=\"twitter:card\" content=\"summary_large_image\" \/>\n<meta name=\"twitter:label1\" content=\"Tiempo de lectura\" \/>\n\t<meta name=\"twitter:data1\" content=\"1 minuto\" \/>\n<script type=\"application\/ld+json\" class=\"yoast-schema-graph\">{\"@context\":\"https:\\\/\\\/schema.org\",\"@graph\":[{\"@type\":\"WebPage\",\"@id\":\"https:\\\/\\\/www.alhambrait.com\\\/health\\\/gracias-informacion\\\/\",\"url\":\"https:\\\/\\\/www.alhambrait.com\\\/health\\\/gracias-informacion\\\/\",\"name\":\"Gracias informaci\u00f3n - Alhambra Health\",\"isPartOf\":{\"@id\":\"https:\\\/\\\/www.alhambrait.com\\\/health\\\/#website\"},\"datePublished\":\"2020-06-18T06:45:45+00:00\",\"dateModified\":\"2025-08-29T08:38:56+00:00\",\"breadcrumb\":{\"@id\":\"https:\\\/\\\/www.alhambrait.com\\\/health\\\/gracias-informacion\\\/#breadcrumb\"},\"inLanguage\":\"es\",\"potentialAction\":[{\"@type\":\"ReadAction\",\"target\":[\"https:\\\/\\\/www.alhambrait.com\\\/health\\\/gracias-informacion\\\/\"]}]},{\"@type\":\"BreadcrumbList\",\"@id\":\"https:\\\/\\\/www.alhambrait.com\\\/health\\\/gracias-informacion\\\/#breadcrumb\",\"itemListElement\":[{\"@type\":\"ListItem\",\"position\":1,\"name\":\"Portada\",\"item\":\"https:\\\/\\\/www.alhambrait.com\\\/health\\\/\"},{\"@type\":\"ListItem\",\"position\":2,\"name\":\"Gracias informaci\u00f3n\"}]},{\"@type\":\"WebSite\",\"@id\":\"https:\\\/\\\/www.alhambrait.com\\\/health\\\/#website\",\"url\":\"https:\\\/\\\/www.alhambrait.com\\\/health\\\/\",\"name\":\"Alhambra Health\",\"description\":\"Soluciones Tecnol\u00f3gicas para el Sector Salud\",\"potentialAction\":[{\"@type\":\"SearchAction\",\"target\":{\"@type\":\"EntryPoint\",\"urlTemplate\":\"https:\\\/\\\/www.alhambrait.com\\\/health\\\/?s={search_term_string}\"},\"query-input\":{\"@type\":\"PropertyValueSpecification\",\"valueRequired\":true,\"valueName\":\"search_term_string\"}}],\"inLanguage\":\"es\"}]}<\/script>\n<!-- \/ Yoast SEO plugin. -->","yoast_head_json":{"title":"Gracias informaci\u00f3n - Alhambra Health","robots":{"index":"noindex","follow":"follow"},"og_locale":"es_ES","og_type":"article","og_title":"Gracias informaci\u00f3n - Alhambra Health","og_description":"Hemos recibido tu solicitud de informaci\u00f3n y en menos de 48 horas trataremos de darte una respuesta acorde a lo que nos solicitas. Los datos que nos has proporcionado en el formulario de Solicitud de Informaci\u00f3n son necesarios para poder responder a tu consulta. Recuerda que para obtener toda la informaci\u00f3n que necesites y ejercer [&hellip;]","og_url":"https:\/\/www.alhambrait.com\/health\/gracias-informacion\/","og_site_name":"Alhambra Health","article_modified_time":"2025-08-29T08:38:56+00:00","twitter_card":"summary_large_image","twitter_misc":{"Tiempo de lectura":"1 minuto"},"schema":{"@context":"https:\/\/schema.org","@graph":[{"@type":"WebPage","@id":"https:\/\/www.alhambrait.com\/health\/gracias-informacion\/","url":"https:\/\/www.alhambrait.com\/health\/gracias-informacion\/","name":"Gracias informaci\u00f3n - Alhambra Health","isPartOf":{"@id":"https:\/\/www.alhambrait.com\/health\/#website"},"datePublished":"2020-06-18T06:45:45+00:00","dateModified":"2025-08-29T08:38:56+00:00","breadcrumb":{"@id":"https:\/\/www.alhambrait.com\/health\/gracias-informacion\/#breadcrumb"},"inLanguage":"es","potentialAction":[{"@type":"ReadAction","target":["https:\/\/www.alhambrait.com\/health\/gracias-informacion\/"]}]},{"@type":"BreadcrumbList","@id":"https:\/\/www.alhambrait.com\/health\/gracias-informacion\/#breadcrumb","itemListElement":[{"@type":"ListItem","position":1,"name":"Portada","item":"https:\/\/www.alhambrait.com\/health\/"},{"@type":"ListItem","position":2,"name":"Gracias informaci\u00f3n"}]},{"@type":"WebSite","@id":"https:\/\/www.alhambrait.com\/health\/#website","url":"https:\/\/www.alhambrait.com\/health\/","name":"Alhambra Health","description":"Soluciones Tecnol\u00f3gicas para el Sector Salud","potentialAction":[{"@type":"SearchAction","target":{"@type":"EntryPoint","urlTemplate":"https:\/\/www.alhambrait.com\/health\/?s={search_term_string}"},"query-input":{"@type":"PropertyValueSpecification","valueRequired":true,"valueName":"search_term_string"}}],"inLanguage":"es"}]}},"_links":{"self":[{"href":"https:\/\/www.alhambrait.com\/health\/wp-json\/wp\/v2\/pages\/1343","targetHints":{"allow":["GET"]}}],"collection":[{"href":"https:\/\/www.alhambrait.com\/health\/wp-json\/wp\/v2\/pages"}],"about":[{"href":"https:\/\/www.alhambrait.com\/health\/wp-json\/wp\/v2\/types\/page"}],"author":[{"embeddable":true,"href":"https:\/\/www.alhambrait.com\/health\/wp-json\/wp\/v2\/users\/2"}],"replies":[{"embeddable":true,"href":"https:\/\/www.alhambrait.com\/health\/wp-json\/wp\/v2\/comments?post=1343"}],"version-history":[{"count":13,"href":"https:\/\/www.alhambrait.com\/health\/wp-json\/wp\/v2\/pages\/1343\/revisions"}],"predecessor-version":[{"id":42029,"href":"https:\/\/www.alhambrait.com\/health\/wp-json\/wp\/v2\/pages\/1343\/revisions\/42029"}],"wp:attachment":[{"href":"https:\/\/www.alhambrait.com\/health\/wp-json\/wp\/v2\/media?parent=1343"}],"curies":[{"name":"wp","href":"https:\/\/api.w.org\/{rel}","templated":true}]}}