{"id":128,"date":"2020-02-04T12:09:08","date_gmt":"2020-02-04T12:09:08","guid":{"rendered":"http:\/\/health.alhambrait.com\/?page_id=128"},"modified":"2024-05-20T11:52:02","modified_gmt":"2024-05-20T11:52:02","slug":"hablamos","status":"publish","type":"page","link":"https:\/\/www.alhambrait.com\/health\/hablamos\/","title":{"rendered":"\u00bfHablamos?"},"content":{"rendered":"<p>[et_pb_section fb_built=\u00bb1&#8243; _builder_version=\u00bb4.21.0&#8243; background_image=\u00bbhttps:\/\/a-e.es\/health\/wp-content\/uploads\/2023\/05\/banner_hablamos_1920.jpg\u00bb background_size=\u00bbinitial\u00bb module_alignment=\u00bbright\u00bb min_height=\u00bb400px\u00bb min_height_tablet=\u00bb400px\u00bb min_height_phone=\u00bb400px\u00bb min_height_last_edited=\u00bbon|phone\u00bb height=\u00bb400px\u00bb height_tablet=\u00bb400px\u00bb height_phone=\u00bb400px\u00bb height_last_edited=\u00bbon|phone\u00bb max_height=\u00bb400px\u00bb max_height_tablet=\u00bb400px\u00bb max_height_phone=\u00bb400px\u00bb max_height_last_edited=\u00bbon|desktop\u00bb custom_margin=\u00bb||||false|false\u00bb custom_margin_tablet=\u00bb||||false|false\u00bb custom_margin_phone=\u00bb||||false|false\u00bb custom_margin_last_edited=\u00bbon|phone\u00bb custom_padding=\u00bb||||false|false\u00bb top_divider_style=\u00bbcurve\u00bb top_divider_color=\u00bb#1623b7&#8243; top_divider_height=\u00bb75px\u00bb top_divider_height_tablet=\u00bb50px\u00bb top_divider_height_phone=\u00bb25px\u00bb top_divider_height_last_edited=\u00bbon|phone\u00bb bottom_divider_style=\u00bbcurve\u00bb bottom_divider_color=\u00bb#1623b7&#8243; bottom_divider_height=\u00bb75px\u00bb bottom_divider_height_tablet=\u00bb50px\u00bb bottom_divider_height_phone=\u00bb25px\u00bb bottom_divider_height_last_edited=\u00bbon|desktop\u00bb background_last_edited=\u00bbon|phone\u00bb background_image_tablet=\u00bbhttps:\/\/a-e.es\/health\/wp-content\/uploads\/2023\/05\/banner_hablamos_1200.jpg\u00bb background_image_phone=\u00bbhttps:\/\/a-e.es\/health\/wp-content\/uploads\/2023\/05\/banner_hablamos_500.jpg\u00bb background_enable_image_tablet=\u00bbon\u00bb background_enable_image_phone=\u00bbon\u00bb custom_css_main_element=\u00bbdisplay: flex;||flex-direction: column;||justify-content: center;\u00bb global_colors_info=\u00bb{}\u00bb][et_pb_row column_structure=\u00bb1_2,1_2&#8243; _builder_version=\u00bb4.21.0&#8243; _module_preset=\u00bbdefault\u00bb width=\u00bb65%\u00bb width_tablet=\u00bb85%\u00bb width_phone=\u00bb90%\u00bb width_last_edited=\u00bbon|phone\u00bb max_width=\u00bb2560px\u00bb global_colors_info=\u00bb{}\u00bb][et_pb_column type=\u00bb1_2&#8243; _builder_version=\u00bb4.16&#8243; _module_preset=\u00bbdefault\u00bb global_colors_info=\u00bb{}\u00bb][et_pb_blurb title=\u00bb\u00bfHablamos?\u00bb use_icon=\u00bbon\u00bb content_max_width=\u00bb1100px\u00bb _builder_version=\u00bb4.21.0&#8243; _module_preset=\u00bbdefault\u00bb header_level=\u00bbh1&#8243; header_font=\u00bbAlhambraIT||||||||\u00bb header_text_color=\u00bbrgba(22,35,183,0.9)\u00bb header_font_size=\u00bb45px\u00bb body_text_align=\u00bbleft\u00bb body_text_color=\u00bb#222222&#8243; body_font_size=\u00bb21px\u00bb body_line_height=\u00bb1.2em\u00bb background_color=\u00bbrgba(255,255,255,0.75)\u00bb custom_margin=\u00bb50px||||false|false\u00bb custom_margin_tablet=\u00bb40px||||false|false\u00bb custom_margin_phone=\u00bb10px||||false|false\u00bb custom_margin_last_edited=\u00bbon|phone\u00bb custom_padding=\u00bb35px|35px|35px|35px|false|false\u00bb custom_padding_tablet=\u00bb||||false|false\u00bb custom_padding_phone=\u00bb||||false|false\u00bb custom_padding_last_edited=\u00bbon|phone\u00bb header_text_align_tablet=\u00bb\u00bb header_text_align_phone=\u00bbcenter\u00bb header_text_align_last_edited=\u00bbon|phone\u00bb header_font_size_tablet=\u00bb35px\u00bb header_font_size_phone=\u00bb30px\u00bb header_font_size_last_edited=\u00bbon|tablet\u00bb body_text_align_tablet=\u00bbleft\u00bb body_text_align_phone=\u00bbcenter\u00bb body_text_align_last_edited=\u00bbon|tablet\u00bb body_font_size_tablet=\u00bb18px\u00bb body_font_size_phone=\u00bb17px\u00bb body_font_size_last_edited=\u00bbon|phone\u00bb custom_css_blurb_title=\u00bbmargin-bottom:10px\u00bb border_color_all=\u00bbRGBA(255,255,255,0)\u00bb border_width_left=\u00bb2px\u00bb border_color_left=\u00bb#00a6bc\u00bb global_colors_info=\u00bb{}\u00bb][\/et_pb_blurb][\/et_pb_column][et_pb_column type=\u00bb1_2&#8243; _builder_version=\u00bb4.16&#8243; _module_preset=\u00bbdefault\u00bb global_colors_info=\u00bb{}\u00bb][\/et_pb_column][\/et_pb_row][\/et_pb_section][et_pb_section fb_built=\u00bb1&#8243; custom_padding_last_edited=\u00bbon|phone\u00bb _builder_version=\u00bb4.21.0&#8243; _module_preset=\u00bbdefault\u00bb background_color=\u00bb#1623b7&#8243; custom_margin=\u00bb||||false|false\u00bb custom_padding=\u00bb25px||50px||false|false\u00bb custom_padding_tablet=\u00bb||||false|false\u00bb custom_padding_phone=\u00bb5px||||false|false\u00bb top_divider_color=\u00bb#048baa\u00bb top_divider_height=\u00bb75px\u00bb top_divider_height_tablet=\u00bb50px\u00bb top_divider_height_phone=\u00bb25px\u00bb top_divider_height_last_edited=\u00bbon|phone\u00bb bottom_divider_style=\u00bbcurve\u00bb bottom_divider_color=\u00bb#FFFFFF\u00bb bottom_divider_height=\u00bb75px\u00bb bottom_divider_height_tablet=\u00bb50px\u00bb bottom_divider_height_phone=\u00bb25px\u00bb bottom_divider_height_last_edited=\u00bbon|phone\u00bb global_colors_info=\u00bb{}\u00bb][et_pb_row _builder_version=\u00bb4.21.0&#8243; width=\u00bb65%\u00bb width_tablet=\u00bb85%\u00bb width_phone=\u00bb85%\u00bb width_last_edited=\u00bbon|phone\u00bb max_width=\u00bb2560px\u00bb custom_padding=\u00bb0px||0px||false|false\u00bb global_colors_info=\u00bb{}\u00bb][et_pb_column type=\u00bb4_4&#8243; _builder_version=\u00bb4.16&#8243; global_colors_info=\u00bb{}\u00bb][et_pb_text _builder_version=\u00bb4.21.0&#8243; text_text_color=\u00bb#ffffff\u00bb text_font_size_tablet=\u00bb\u00bb text_font_size_phone=\u00bb13px\u00bb text_font_size_last_edited=\u00bbon|desktop\u00bb global_colors_info=\u00bb{}\u00bb]<a style=\"color: #00a6bc;\" href=\"https:\/\/www.alhambrait.com\/health\/\"><strong>Inicio<\/strong> <\/a>&gt; Contacto[\/et_pb_text][et_pb_divider color=\u00bb#00a6bc\u00bb divider_weight=\u00bb2px\u00bb _builder_version=\u00bb4.20.4&#8243; custom_margin=\u00bb-25px||||false|false\u00bb custom_padding=\u00bb||||false|false\u00bb global_colors_info=\u00bb{}\u00bb][\/et_pb_divider][\/et_pb_column][\/et_pb_row][et_pb_row _builder_version=\u00bb4.21.0&#8243; _module_preset=\u00bbdefault\u00bb width=\u00bb50%\u00bb width_tablet=\u00bb85%\u00bb width_phone=\u00bb85%\u00bb width_last_edited=\u00bbon|tablet\u00bb max_width=\u00bb2560px\u00bb global_colors_info=\u00bb{}\u00bb][et_pb_column type=\u00bb4_4&#8243; _builder_version=\u00bb4.16&#8243; _module_preset=\u00bbdefault\u00bb global_colors_info=\u00bb{}\u00bb][et_pb_blurb title=\u00bbComunicarse con nuestros profesionales es f\u00e1cil.\u00bb image_icon_width=\u00bb50px\u00bb content_max_width=\u00bb1100px\u00bb _builder_version=\u00bb4.24.2&#8243; _module_preset=\u00bbdefault\u00bb header_level=\u00bbh2&#8243; header_font=\u00bbAlhambraIT||||||||\u00bb header_text_align=\u00bbleft\u00bb header_text_color=\u00bb#FFFFFF\u00bb header_font_size=\u00bb45px\u00bb body_text_align=\u00bbcenter\u00bb body_text_color=\u00bb#FFFFFF\u00bb body_font_size=\u00bb17px\u00bb custom_padding=\u00bb||||false|false\u00bb header_font_size_tablet=\u00bb40px\u00bb header_font_size_phone=\u00bb30px\u00bb header_font_size_last_edited=\u00bbon|desktop\u00bb body_font_size_tablet=\u00bb17px\u00bb body_font_size_phone=\u00bb15px\u00bb body_font_size_last_edited=\u00bbon|desktop\u00bb custom_css_blurb_title=\u00bbmargin-bottom: 20px\u00bb global_colors_info=\u00bb{}\u00bb][\/et_pb_blurb][\/et_pb_column][\/et_pb_row][\/et_pb_section][et_pb_section fb_built=\u00bb1&#8243; _builder_version=\u00bb4.21.0&#8243; custom_padding=\u00bb0px||||false|false\u00bb top_divider_height_tablet=\u00bb\u00bb top_divider_height_phone=\u00bb\u00bb top_divider_height_last_edited=\u00bbon|desktop\u00bb bottom_divider_style=\u00bbcurve\u00bb bottom_divider_color=\u00bb#1623b7&#8243; bottom_divider_height=\u00bb75px\u00bb bottom_divider_height_tablet=\u00bb50px\u00bb bottom_divider_height_phone=\u00bb25px\u00bb bottom_divider_height_last_edited=\u00bbon|phone\u00bb global_colors_info=\u00bb{}\u00bb][et_pb_row column_structure=\u00bb2_5,3_5&#8243; _builder_version=\u00bb4.21.0&#8243; width=\u00bb65%\u00bb width_tablet=\u00bb85%\u00bb width_phone=\u00bb85%\u00bb width_last_edited=\u00bbon|phone\u00bb max_width=\u00bb2560px\u00bb global_colors_info=\u00bb{}\u00bb][et_pb_column type=\u00bb2_5&#8243; _builder_version=\u00bb4.16&#8243; global_colors_info=\u00bb{}\u00bb][et_pb_blurb use_icon=\u00bbon\u00bb font_icon=\u00bb&#xf0e0;||fa||900&#8243; icon_color=\u00bb#00a6bc\u00bb image_icon_width=\u00bb38px\u00bb icon_alignment=\u00bbleft\u00bb content_max_width=\u00bb1100px\u00bb image_icon_width_tablet=\u00bb38px\u00bb image_icon_width_phone=\u00bb38px\u00bb image_icon_width_last_edited=\u00bbon|phone\u00bb _builder_version=\u00bb4.20.4&#8243; header_level=\u00bbh1&#8243; header_font=\u00bbAlhambra||||||||\u00bb header_text_color=\u00bb#2028b2&#8243; header_font_size=\u00bb35px\u00bb body_text_color=\u00bb#222222&#8243; body_font_size=\u00bb16px\u00bb body_font_size_tablet=\u00bb16px\u00bb body_font_size_phone=\u00bb15px\u00bb body_font_size_last_edited=\u00bbon|phone\u00bb custom_css_blurb_title=\u00bbmargin-bottom:20px;\u00bb icon_font_size=\u00bb38px\u00bb icon_font_size_tablet=\u00bb\u00bb icon_font_size_phone=\u00bb\u00bb icon_font_size_last_edited=\u00bbon|phone\u00bb global_colors_info=\u00bb{}\u00bb]<\/p>\n<div class=\"wpb_column vc_column_container vc_col-sm-4\">\n<div class=\"vc_column-inner\">\n<div class=\"wpb_wrapper\">\n<div class=\"wpb_text_column wpb_content_element \">\n<div class=\"wpb_wrapper\">\n<p>Si precisas informaci\u00f3n sobre nuestras soluciones o informaci\u00f3n de la empresa, por favor rellena este formulario. Estaremos encantados de hac\u00e9rtela llegar lo antes posible.<\/p>\n<\/div>\n<\/div>\n<\/div>\n<\/div>\n<\/div>\n<p>[\/et_pb_blurb][et_pb_divider color=\u00bb#00a6bc\u00bb divider_weight=\u00bb2px\u00bb _builder_version=\u00bb4.20.4&#8243; global_colors_info=\u00bb{}\u00bb][\/et_pb_divider][et_pb_blurb use_icon=\u00bbon\u00bb font_icon=\u00bb&#xf3c5;||fa||900&#8243; icon_color=\u00bb#00a6bc\u00bb icon_placement=\u00bbleft\u00bb image_icon_width=\u00bb30px\u00bb _builder_version=\u00bb4.20.4&#8243; icon_font_size=\u00bb30px\u00bb global_colors_info=\u00bb{}\u00bb]<\/p>\n<p><strong>Albasanz, 16<br \/><\/strong>Edificio Antalia, Planta 4\u00aa<br \/>28037 Madrid \u2013 Espa\u00f1a<\/p>\n<p><strong>(+34) 91 787 23 00<\/strong><\/p>\n<p>[\/et_pb_blurb][\/et_pb_column][et_pb_column type=\u00bb3_5&#8243; _builder_version=\u00bb4.16&#8243; global_colors_info=\u00bb{}\u00bb][et_pb_text _builder_version=\u00bb4.25.1&#8243; hover_enabled=\u00bb0&#8243; global_colors_info=\u00bb{}\u00bb sticky_enabled=\u00bb0&#8243;]<script charset=\"utf-8\" type=\"text\/javascript\" src=\"\/\/js-eu1.hsforms.net\/forms\/embed\/v2.js\"><\/script><br \/>\n<script>\n  hbspt.forms.create({\n    region: \"eu1\",\n    portalId: \"2899526\",\n    formId: \"26a45619-6cf7-4d92-b785-92fa1799a28e\"\n  });\n<\/script>[\/et_pb_text][\/et_pb_column][\/et_pb_row][\/et_pb_section]<\/p>\n","protected":false},"excerpt":{"rendered":"<p>Inicio &gt; Contacto Si precisas informaci\u00f3n sobre nuestras soluciones o informaci\u00f3n de la empresa, por favor rellena este formulario. Estaremos encantados de hac\u00e9rtela llegar lo antes posible. Albasanz, 16Edificio Antalia, Planta 4\u00aa28037 Madrid \u2013 Espa\u00f1a (+34) 91 787 23 00<\/p>\n","protected":false},"author":2,"featured_media":0,"parent":0,"menu_order":0,"comment_status":"closed","ping_status":"closed","template":"","meta":{"_et_pb_use_builder":"on","_et_pb_old_content":"<!-- wp:divi\/placeholder \/-->","_et_gb_content_width":"","footnotes":""},"class_list":["post-128","page","type-page","status-publish","hentry"],"yoast_head":"<!-- This site is optimized with the Yoast SEO plugin v27.4 - https:\/\/yoast.com\/product\/yoast-seo-wordpress\/ -->\n<title>Contacta con nosotros | Alhambra Health<\/title>\n<meta name=\"description\" content=\"Si perteneces al sector Salud y necesitas implementar soluciones TI de primer nivel en tu organizaci\u00f3n, contacta con nosotros ahora.\" \/>\n<meta name=\"robots\" content=\"index, follow, max-snippet:-1, max-image-preview:large, max-video-preview:-1\" \/>\n<link rel=\"canonical\" href=\"https:\/\/www.alhambrait.com\/health\/hablamos\/\" \/>\n<meta property=\"og:locale\" content=\"es_ES\" \/>\n<meta property=\"og:type\" content=\"article\" \/>\n<meta property=\"og:title\" content=\"Contacta con nosotros | Alhambra Health\" \/>\n<meta property=\"og:description\" content=\"Si perteneces al sector Salud y necesitas implementar soluciones TI de primer nivel en tu organizaci\u00f3n, contacta con nosotros ahora.\" \/>\n<meta property=\"og:url\" content=\"https:\/\/www.alhambrait.com\/health\/hablamos\/\" \/>\n<meta property=\"og:site_name\" content=\"Alhambra Health\" \/>\n<meta property=\"article:modified_time\" content=\"2024-05-20T11:52:02+00:00\" \/>\n<meta name=\"twitter:card\" content=\"summary_large_image\" \/>\n<meta name=\"twitter:label1\" content=\"Tiempo de lectura\" \/>\n\t<meta name=\"twitter:data1\" content=\"1 minuto\" \/>\n<script type=\"application\/ld+json\" class=\"yoast-schema-graph\">{\"@context\":\"https:\\\/\\\/schema.org\",\"@graph\":[{\"@type\":\"WebPage\",\"@id\":\"https:\\\/\\\/www.alhambrait.com\\\/health\\\/hablamos\\\/\",\"url\":\"https:\\\/\\\/www.alhambrait.com\\\/health\\\/hablamos\\\/\",\"name\":\"Contacta con nosotros | Alhambra Health\",\"isPartOf\":{\"@id\":\"https:\\\/\\\/www.alhambrait.com\\\/health\\\/#website\"},\"datePublished\":\"2020-02-04T12:09:08+00:00\",\"dateModified\":\"2024-05-20T11:52:02+00:00\",\"description\":\"Si perteneces al sector Salud y necesitas implementar soluciones TI de primer nivel en tu organizaci\u00f3n, contacta con nosotros ahora.\",\"breadcrumb\":{\"@id\":\"https:\\\/\\\/www.alhambrait.com\\\/health\\\/hablamos\\\/#breadcrumb\"},\"inLanguage\":\"es\",\"potentialAction\":[{\"@type\":\"ReadAction\",\"target\":[\"https:\\\/\\\/www.alhambrait.com\\\/health\\\/hablamos\\\/\"]}]},{\"@type\":\"BreadcrumbList\",\"@id\":\"https:\\\/\\\/www.alhambrait.com\\\/health\\\/hablamos\\\/#breadcrumb\",\"itemListElement\":[{\"@type\":\"ListItem\",\"position\":1,\"name\":\"Portada\",\"item\":\"https:\\\/\\\/www.alhambrait.com\\\/health\\\/\"},{\"@type\":\"ListItem\",\"position\":2,\"name\":\"\u00bfHablamos?\"}]},{\"@type\":\"WebSite\",\"@id\":\"https:\\\/\\\/www.alhambrait.com\\\/health\\\/#website\",\"url\":\"https:\\\/\\\/www.alhambrait.com\\\/health\\\/\",\"name\":\"Alhambra Health\",\"description\":\"Soluciones Tecnol\u00f3gicas para el Sector Salud\",\"potentialAction\":[{\"@type\":\"SearchAction\",\"target\":{\"@type\":\"EntryPoint\",\"urlTemplate\":\"https:\\\/\\\/www.alhambrait.com\\\/health\\\/?s={search_term_string}\"},\"query-input\":{\"@type\":\"PropertyValueSpecification\",\"valueRequired\":true,\"valueName\":\"search_term_string\"}}],\"inLanguage\":\"es\"}]}<\/script>\n<!-- \/ Yoast SEO plugin. -->","yoast_head_json":{"title":"Contacta con nosotros | Alhambra Health","description":"Si perteneces al sector Salud y necesitas implementar soluciones TI de primer nivel en tu organizaci\u00f3n, contacta con nosotros ahora.","robots":{"index":"index","follow":"follow","max-snippet":"max-snippet:-1","max-image-preview":"max-image-preview:large","max-video-preview":"max-video-preview:-1"},"canonical":"https:\/\/www.alhambrait.com\/health\/hablamos\/","og_locale":"es_ES","og_type":"article","og_title":"Contacta con nosotros | Alhambra Health","og_description":"Si perteneces al sector Salud y necesitas implementar soluciones TI de primer nivel en tu organizaci\u00f3n, contacta con nosotros ahora.","og_url":"https:\/\/www.alhambrait.com\/health\/hablamos\/","og_site_name":"Alhambra Health","article_modified_time":"2024-05-20T11:52:02+00:00","twitter_card":"summary_large_image","twitter_misc":{"Tiempo de lectura":"1 minuto"},"schema":{"@context":"https:\/\/schema.org","@graph":[{"@type":"WebPage","@id":"https:\/\/www.alhambrait.com\/health\/hablamos\/","url":"https:\/\/www.alhambrait.com\/health\/hablamos\/","name":"Contacta con nosotros | Alhambra Health","isPartOf":{"@id":"https:\/\/www.alhambrait.com\/health\/#website"},"datePublished":"2020-02-04T12:09:08+00:00","dateModified":"2024-05-20T11:52:02+00:00","description":"Si perteneces al sector Salud y necesitas implementar soluciones TI de primer nivel en tu organizaci\u00f3n, contacta con nosotros ahora.","breadcrumb":{"@id":"https:\/\/www.alhambrait.com\/health\/hablamos\/#breadcrumb"},"inLanguage":"es","potentialAction":[{"@type":"ReadAction","target":["https:\/\/www.alhambrait.com\/health\/hablamos\/"]}]},{"@type":"BreadcrumbList","@id":"https:\/\/www.alhambrait.com\/health\/hablamos\/#breadcrumb","itemListElement":[{"@type":"ListItem","position":1,"name":"Portada","item":"https:\/\/www.alhambrait.com\/health\/"},{"@type":"ListItem","position":2,"name":"\u00bfHablamos?"}]},{"@type":"WebSite","@id":"https:\/\/www.alhambrait.com\/health\/#website","url":"https:\/\/www.alhambrait.com\/health\/","name":"Alhambra Health","description":"Soluciones Tecnol\u00f3gicas para el Sector Salud","potentialAction":[{"@type":"SearchAction","target":{"@type":"EntryPoint","urlTemplate":"https:\/\/www.alhambrait.com\/health\/?s={search_term_string}"},"query-input":{"@type":"PropertyValueSpecification","valueRequired":true,"valueName":"search_term_string"}}],"inLanguage":"es"}]}},"_links":{"self":[{"href":"https:\/\/www.alhambrait.com\/health\/wp-json\/wp\/v2\/pages\/128","targetHints":{"allow":["GET"]}}],"collection":[{"href":"https:\/\/www.alhambrait.com\/health\/wp-json\/wp\/v2\/pages"}],"about":[{"href":"https:\/\/www.alhambrait.com\/health\/wp-json\/wp\/v2\/types\/page"}],"author":[{"embeddable":true,"href":"https:\/\/www.alhambrait.com\/health\/wp-json\/wp\/v2\/users\/2"}],"replies":[{"embeddable":true,"href":"https:\/\/www.alhambrait.com\/health\/wp-json\/wp\/v2\/comments?post=128"}],"version-history":[{"count":46,"href":"https:\/\/www.alhambrait.com\/health\/wp-json\/wp\/v2\/pages\/128\/revisions"}],"predecessor-version":[{"id":3830,"href":"https:\/\/www.alhambrait.com\/health\/wp-json\/wp\/v2\/pages\/128\/revisions\/3830"}],"wp:attachment":[{"href":"https:\/\/www.alhambrait.com\/health\/wp-json\/wp\/v2\/media?parent=128"}],"curies":[{"name":"wp","href":"https:\/\/api.w.org\/{rel}","templated":true}]}}