{"id":12249,"date":"2024-01-31T11:34:34","date_gmt":"2024-01-31T11:34:34","guid":{"rendered":"https:\/\/alhambrait.com\/handsip\/?page_id=12249"},"modified":"2025-12-12T07:55:59","modified_gmt":"2025-12-12T07:55:59","slug":"solicitud-de-informacion","status":"publish","type":"page","link":"https:\/\/www.alhambrait.com\/handsip\/contacto\/solicitud-de-informacion\/","title":{"rendered":"Solicitud de Informaci\u00f3n"},"content":{"rendered":"<p>[et_pb_section fb_built=\u00bb1&#8243; _builder_version=\u00bb4.24.2&#8243; _module_preset=\u00bbdefault\u00bb background_image=\u00bbhttps:\/\/alhambrait.com\/handsip\/wp-content\/uploads\/2024\/02\/banner_solicitud_info_1920.jpg\u00bb min_height=\u00bb500px\u00bb height=\u00bb500px\u00bb max_height=\u00bb500px\u00bb top_divider_style=\u00bbwaves2&#8243; top_divider_color=\u00bb#FFFFFF\u00bb top_divider_height=\u00bb75px\u00bb top_divider_height_tablet=\u00bb50px\u00bb top_divider_height_phone=\u00bb25px\u00bb top_divider_height_last_edited=\u00bbon|tablet\u00bb bottom_divider_style=\u00bbarrow2&#8243; bottom_divider_color=\u00bb#FFFFFF\u00bb bottom_divider_height=\u00bb75px\u00bb bottom_divider_height_tablet=\u00bb50px\u00bb bottom_divider_height_phone=\u00bb25px\u00bb bottom_divider_height_last_edited=\u00bbon|phone\u00bb background_last_edited=\u00bbon|phone\u00bb background_image_tablet=\u00bbhttps:\/\/alhambrait.com\/handsip\/wp-content\/uploads\/2024\/02\/banner_solicitud_info_1200.jpg\u00bb background_image_phone=\u00bbhttps:\/\/alhambrait.com\/handsip\/wp-content\/uploads\/2024\/02\/banner_solicitud_info_500.jpg\u00bb background_enable_image_tablet=\u00bbon\u00bb background_enable_image_phone=\u00bbon\u00bb custom_css_main_element=\u00bbdisplay: flex;||flex-direction: column;||justify-content: center;\u00bb global_colors_info=\u00bb{}\u00bb custom_css_main_element_last_edited=\u00bbon|phone\u00bb custom_css_main_element_tablet=\u00bbdisplay: flex;||flex-direction: column;||justify-content: center;\u00bb custom_css_main_element_phone=\u00bbdisplay: flex;||flex-direction: column;||justify-content: center;\u00bb][et_pb_row custom_padding_last_edited=\u00bbon|desktop\u00bb _builder_version=\u00bb4.24.0&#8243; _module_preset=\u00bbdefault\u00bb width_tablet=\u00bb90%\u00bb width_phone=\u00bb80%\u00bb width_last_edited=\u00bbon|phone\u00bb max_width=\u00bb2560px\u00bb custom_padding=\u00bb||||false|false\u00bb custom_padding_tablet=\u00bb||||false|false\u00bb custom_padding_phone=\u00bb||||false|false\u00bb global_colors_info=\u00bb{}\u00bb][et_pb_column type=\u00bb4_4&#8243; _builder_version=\u00bb4.23.4&#8243; _module_preset=\u00bbdefault\u00bb global_colors_info=\u00bb{}\u00bb][et_pb_blurb title=\u00bbSolicitud de Informaci\u00f3n\u00bb use_icon=\u00bbon\u00bb content_max_width=\u00bb100%\u00bb _builder_version=\u00bb4.24.3&#8243; _module_preset=\u00bbdefault\u00bb header_level=\u00bbh1&#8243; header_font=\u00bbAlhambra||||||||\u00bb header_text_align=\u00bbright\u00bb header_text_color=\u00bb#FFFFFF\u00bb header_font_size=\u00bb48px\u00bb custom_margin_tablet=\u00bb\u00bb custom_margin_phone=\u00bb||||false|false\u00bb custom_margin_last_edited=\u00bbon|phone\u00bb custom_padding=\u00bb|60%|||false|false\u00bb custom_padding_tablet=\u00bb|65%|||false|false\u00bb custom_padding_phone=\u00bb|0%|||false|false\u00bb custom_padding_last_edited=\u00bbon|phone\u00bb header_text_align_tablet=\u00bbright\u00bb header_text_align_phone=\u00bbcenter\u00bb header_text_align_last_edited=\u00bbon|desktop\u00bb header_font_size_tablet=\u00bb35px\u00bb header_font_size_phone=\u00bb30px\u00bb header_font_size_last_edited=\u00bbon|phone\u00bb header_text_shadow_style=\u00bbpreset3&#8243; header_text_shadow_blur_strength=\u00bb0.5em\u00bb global_colors_info=\u00bb{}\u00bb][\/et_pb_blurb][\/et_pb_column][\/et_pb_row][\/et_pb_section][et_pb_section fb_built=\u00bb1&#8243; _builder_version=\u00bb4.24.0&#8243; _module_preset=\u00bbdefault\u00bb custom_padding=\u00bb0px||0px||false|false\u00bb global_colors_info=\u00bb{}\u00bb][et_pb_row _builder_version=\u00bb4.24.0&#8243; _module_preset=\u00bbdefault\u00bb custom_padding=\u00bb||0px||false|false\u00bb global_colors_info=\u00bb{}\u00bb][et_pb_column type=\u00bb4_4&#8243; _builder_version=\u00bb4.24.0&#8243; _module_preset=\u00bbdefault\u00bb global_colors_info=\u00bb{}\u00bb][et_pb_text _builder_version=\u00bb4.24.2&#8243; _module_preset=\u00bbdefault\u00bb text_font_size=\u00bb15px\u00bb text_orientation=\u00bbcenter\u00bb custom_padding=\u00bb||||false|false\u00bb text_font_size_tablet=\u00bb15px\u00bb text_font_size_phone=\u00bb14px\u00bb text_font_size_last_edited=\u00bbon|phone\u00bb global_colors_info=\u00bb{}\u00bb]<\/p>\n<p><strong><a style=\"color: #f97e03;\" href=\"https:\/\/www.alhambrait.com\/handsip\/\">Inicio<\/a> <\/strong>&gt; Contacto &gt; Solicitud de Informaci\u00f3n<\/p>\n<p>[\/et_pb_text][et_pb_divider _builder_version=\u00bb4.24.0&#8243; _module_preset=\u00bbdefault\u00bb custom_margin=\u00bb-20px||||false|false\u00bb custom_padding=\u00bb0px||0px||false|false\u00bb global_colors_info=\u00bb{}\u00bb][\/et_pb_divider][\/et_pb_column][\/et_pb_row][\/et_pb_section][et_pb_section fb_built=\u00bb1&#8243; custom_padding_last_edited=\u00bbon|desktop\u00bb admin_label=\u00bbSecci\u00f3n\u00bb _builder_version=\u00bb4.24.0&#8243; background_color=\u00bb#ffffff\u00bb custom_padding=\u00bb0px||||false|false\u00bb custom_padding_tablet=\u00bb50px|0|50px|0&#8243; custom_padding_phone=\u00bb\u00bb custom_css_main_element=\u00bbborder: 1px;\u00bb transparent_background=\u00bboff\u00bb make_fullwidth=\u00bboff\u00bb use_custom_width=\u00bboff\u00bb width_unit=\u00bbon\u00bb global_colors_info=\u00bb{}\u00bb][et_pb_row admin_label=\u00bbFila\u00bb _builder_version=\u00bb4.16&#8243; background_size=\u00bbinitial\u00bb background_position=\u00bbtop_left\u00bb background_repeat=\u00bbrepeat\u00bb global_colors_info=\u00bb{}\u00bb][et_pb_column type=\u00bb4_4&#8243; _builder_version=\u00bb4.16&#8243; custom_padding=\u00bb|||\u00bb global_colors_info=\u00bb{}\u00bb custom_padding__hover=\u00bb|||\u00bb][et_pb_blurb title=\u00bbSolicitud de Informaci\u00f3n\u00bb use_icon=\u00bbon\u00bb content_max_width=\u00bb100%\u00bb _builder_version=\u00bb4.24.3&#8243; _module_preset=\u00bbdefault\u00bb header_level=\u00bbh3&#8243; header_font=\u00bbAlhambra||||||||\u00bb header_text_align=\u00bbcenter\u00bb header_font_size=\u00bb40px\u00bb header_font_size_tablet=\u00bb32px\u00bb header_font_size_phone=\u00bb28px\u00bb header_font_size_last_edited=\u00bbon|phone\u00bb body_font_size_tablet=\u00bb\u00bb body_font_size_phone=\u00bb15px\u00bb body_font_size_last_edited=\u00bbon|phone\u00bb custom_css_blurb_title=\u00bbpadding-bottom:25px\u00bb global_colors_info=\u00bb{}\u00bb]<\/p>\n<p>Si precisas informaci\u00f3n sobre nuestros servicios y soluciones de Voz en la Nube, por favor rellena este formulario. Estaremos encantados de hac\u00e9rtela llegar lo antes posible.<\/p>\n<p>[\/et_pb_blurb][\/et_pb_column][\/et_pb_row][et_pb_row column_structure=\u00bb1_3,2_3&#8243; _builder_version=\u00bb4.24.0&#8243; _module_preset=\u00bbdefault\u00bb global_colors_info=\u00bb{}\u00bb][et_pb_column type=\u00bb1_3&#8243; _builder_version=\u00bb4.24.0&#8243; _module_preset=\u00bbdefault\u00bb global_colors_info=\u00bb{}\u00bb][et_pb_blurb use_icon=\u00bbon\u00bb font_icon=\u00bb&#xf3c5;||fa||900&#8243; icon_placement=\u00bbleft\u00bb image_icon_width=\u00bb40px\u00bb image_icon_width_tablet=\u00bb35px\u00bb image_icon_width_phone=\u00bb30px\u00bb image_icon_width_last_edited=\u00bbon|phone\u00bb _builder_version=\u00bb4.24.0&#8243; _module_preset=\u00bbdefault\u00bb body_font_size_tablet=\u00bb\u00bb body_font_size_phone=\u00bb15px\u00bb body_font_size_last_edited=\u00bbon|phone\u00bb global_colors_info=\u00bb{}\u00bb]<\/p>\n<p><strong>Oficina Central Madrid<\/strong>:<br \/>Albasanz, 16 \u2013 Edificio Antalia, Planta 4\u00aa<br \/>28037 Madrid (Espa\u00f1a)<\/p>\n<p>[\/et_pb_blurb][et_pb_blurb use_icon=\u00bbon\u00bb font_icon=\u00bb&#xf10b;||fa||900&#8243; icon_placement=\u00bbleft\u00bb image_icon_width=\u00bb40px\u00bb image_icon_width_tablet=\u00bb35px\u00bb image_icon_width_phone=\u00bb30px\u00bb image_icon_width_last_edited=\u00bbon|phone\u00bb _builder_version=\u00bb4.24.0&#8243; _module_preset=\u00bbdefault\u00bb body_font_size_tablet=\u00bb\u00bb body_font_size_phone=\u00bb15px\u00bb body_font_size_last_edited=\u00bbon|phone\u00bb global_colors_info=\u00bb{}\u00bb]<\/p>\n<p><strong>(+34) 91 787 23 00<\/strong><\/p>\n<p>[\/et_pb_blurb][\/et_pb_column][et_pb_column type=\u00bb2_3&#8243; _builder_version=\u00bb4.24.0&#8243; _module_preset=\u00bbdefault\u00bb global_colors_info=\u00bb{}\u00bb][et_pb_code _builder_version=\u00bb4.25.1&#8243; _module_preset=\u00bbdefault\u00bb global_colors_info=\u00bb{}\u00bb]<script charset=\"utf-8\" type=\"text\/javascript\" src=\"\/\/js-eu1.hsforms.net\/forms\/embed\/v2.js\"><\/script><!-- [et_pb_line_break_holder] --><script><!-- [et_pb_line_break_holder] -->  hbspt.forms.create({<!-- [et_pb_line_break_holder] -->    region: \"eu1\",<!-- [et_pb_line_break_holder] -->    portalId: \"2899526\",<!-- [et_pb_line_break_holder] -->    formId: \"1357dedf-91c1-439d-a6b9-87d928cf5a3c\"<!-- [et_pb_line_break_holder] -->  });<!-- [et_pb_line_break_holder] --><\/script>[\/et_pb_code][\/et_pb_column][\/et_pb_row][\/et_pb_section][et_pb_section fb_built=\u00bb1&#8243; _builder_version=\u00bb4.27.4&#8243; _module_preset=\u00bbdefault\u00bb custom_padding=\u00bb||||false|false\u00bb global_module=\u00bb39858&#8243; global_colors_info=\u00bb{}\u00bb][et_pb_row _builder_version=\u00bb4.23.4&#8243; _module_preset=\u00bbdefault\u00bb width=\u00bb65%\u00bb width_tablet=\u00bb85%\u00bb width_phone=\u00bb90%\u00bb width_last_edited=\u00bbon|phone\u00bb max_width=\u00bb2560px\u00bb global_colors_info=\u00bb{}\u00bb][et_pb_column type=\u00bb4_4&#8243; _builder_version=\u00bb4.23.4&#8243; _module_preset=\u00bbdefault\u00bb global_colors_info=\u00bb{}\u00bb][et_pb_blurb title=\u00bbComprometidos contigo y con el planeta\u00bb use_icon=\u00bbon\u00bb content_max_width=\u00bb100%\u00bb _builder_version=\u00bb4.27.0&#8243; _module_preset=\u00bbdefault\u00bb header_level=\u00bbh2&#8243; header_font=\u00bbAlhambra||||||||\u00bb header_text_align=\u00bbcenter\u00bb header_font_size=\u00bb40px\u00bb header_font_size_tablet=\u00bb32px\u00bb header_font_size_phone=\u00bb28px\u00bb header_font_size_last_edited=\u00bbon|desktop\u00bb body_font_size_tablet=\u00bb\u00bb body_font_size_phone=\u00bb15px\u00bb body_font_size_last_edited=\u00bbon|tablet\u00bb custom_css_blurb_title=\u00bbpadding-bottom:25px\u00bb global_colors_info=\u00bb{}\u00bb]<\/p>\n<p>Nos alineamos con los requisitos y exigencias que vuestra organizaci\u00f3n asume d\u00eda a d\u00eda, tanto por la actividad del negocio y de los clientes, como por el entorno regulatorio en el que oper\u00e1is. Y nuestro compromiso tambi\u00e9n est\u00e1 con el planeta: somos una organizaci\u00f3n <strong>Neutral CO2<\/strong>. Eliminamos o compensamos todas las emisiones producidas por nuestra actividad tecnol\u00f3gica.<\/p>\n<p>[\/et_pb_blurb][et_pb_image src=\u00bbhttps:\/\/alhambrait.com\/handsip\/wp-content\/uploads\/2024\/04\/logos_calidad_appplus_2024.png\u00bb alt=\u00bbProcesos Certificados en Espa\u00f1a\u00bb title_text=\u00bblogos_calidad_appplus_2024_mobile\u00bb align=\u00bbcenter\u00bb src_tablet=\u00bbhttps:\/\/alhambrait.com\/handsip\/wp-content\/uploads\/2024\/04\/logos_calidad_appplus_2024_tablet.png\u00bb src_phone=\u00bbhttps:\/\/alhambrait.com\/handsip\/wp-content\/uploads\/2024\/04\/logos_calidad_appplus_2024_mobile.png\u00bb src_last_edited=\u00bbon|phone\u00bb _builder_version=\u00bb4.24.3&#8243; _module_preset=\u00bbdefault\u00bb global_colors_info=\u00bb{}\u00bb][\/et_pb_image][\/et_pb_column][\/et_pb_row][\/et_pb_section]<\/p>\n","protected":false},"excerpt":{"rendered":"<p>Inicio &gt; Contacto &gt; Solicitud de Informaci\u00f3nSi precisas informaci\u00f3n sobre nuestros servicios y soluciones de Voz en la Nube, por favor rellena este formulario. Estaremos encantados de hac\u00e9rtela llegar lo antes posible.Oficina Central Madrid:Albasanz, 16 \u2013 Edificio Antalia, Planta 4\u00aa28037 Madrid (Espa\u00f1a)(+34) 91 787 23 00Nos alineamos con los requisitos y exigencias que vuestra organizaci\u00f3n [&hellip;]<\/p>\n","protected":false},"author":1,"featured_media":0,"parent":12243,"menu_order":0,"comment_status":"closed","ping_status":"closed","template":"","meta":{"_et_pb_use_builder":"on","_et_pb_old_content":"","_et_gb_content_width":"","footnotes":""},"class_list":["post-12249","page","type-page","status-publish","hentry"],"yoast_head":"<!-- This site is optimized with the Yoast SEO plugin v27.2 - https:\/\/yoast.com\/product\/yoast-seo-wordpress\/ -->\n<title>Solicitud de Informaci\u00f3n - handSIP<\/title>\n<meta name=\"description\" content=\"Si quieres solicitar informaci\u00f3n sobre los servicios de HandSIP de Alhambra IT, entra en esta p\u00e1gina y env\u00edanos un formulario\" \/>\n<meta name=\"robots\" content=\"index, follow, max-snippet:-1, max-image-preview:large, max-video-preview:-1\" \/>\n<link rel=\"canonical\" href=\"https:\/\/www.alhambrait.com\/handsip\/contacto\/solicitud-de-informacion\/\" \/>\n<meta property=\"og:locale\" content=\"es_ES\" \/>\n<meta property=\"og:type\" content=\"article\" \/>\n<meta property=\"og:title\" content=\"Solicitud de Informaci\u00f3n - handSIP\" \/>\n<meta property=\"og:description\" content=\"Si quieres solicitar informaci\u00f3n sobre los servicios de HandSIP de Alhambra IT, entra en esta p\u00e1gina y env\u00edanos un formulario\" \/>\n<meta property=\"og:url\" content=\"https:\/\/www.alhambrait.com\/handsip\/contacto\/solicitud-de-informacion\/\" \/>\n<meta property=\"og:site_name\" content=\"handSIP\" \/>\n<meta property=\"article:modified_time\" content=\"2025-12-12T07:55:59+00:00\" \/>\n<meta name=\"twitter:card\" content=\"summary_large_image\" \/>\n<meta name=\"twitter:label1\" content=\"Tiempo de lectura\" \/>\n\t<meta name=\"twitter:data1\" content=\"2 minutos\" \/>\n<script type=\"application\/ld+json\" class=\"yoast-schema-graph\">{\"@context\":\"https:\/\/schema.org\",\"@graph\":[{\"@type\":\"WebPage\",\"@id\":\"https:\/\/www.alhambrait.com\/handsip\/contacto\/solicitud-de-informacion\/\",\"url\":\"https:\/\/www.alhambrait.com\/handsip\/contacto\/solicitud-de-informacion\/\",\"name\":\"Solicitud de Informaci\u00f3n - handSIP\",\"isPartOf\":{\"@id\":\"https:\/\/www.alhambrait.com\/handsip\/#website\"},\"datePublished\":\"2024-01-31T11:34:34+00:00\",\"dateModified\":\"2025-12-12T07:55:59+00:00\",\"description\":\"Si quieres solicitar informaci\u00f3n sobre los servicios de HandSIP de Alhambra IT, entra en esta p\u00e1gina y env\u00edanos un formulario\",\"breadcrumb\":{\"@id\":\"https:\/\/www.alhambrait.com\/handsip\/contacto\/solicitud-de-informacion\/#breadcrumb\"},\"inLanguage\":\"es\",\"potentialAction\":[{\"@type\":\"ReadAction\",\"target\":[\"https:\/\/www.alhambrait.com\/handsip\/contacto\/solicitud-de-informacion\/\"]}]},{\"@type\":\"BreadcrumbList\",\"@id\":\"https:\/\/www.alhambrait.com\/handsip\/contacto\/solicitud-de-informacion\/#breadcrumb\",\"itemListElement\":[{\"@type\":\"ListItem\",\"position\":1,\"name\":\"Portada\",\"item\":\"https:\/\/www.alhambrait.com\/handsip\/\"},{\"@type\":\"ListItem\",\"position\":2,\"name\":\"Contacto\",\"item\":\"https:\/\/www.alhambrait.com\/handsip\/contacto\/\"},{\"@type\":\"ListItem\",\"position\":3,\"name\":\"Solicitud de Informaci\u00f3n\"}]},{\"@type\":\"WebSite\",\"@id\":\"https:\/\/www.alhambrait.com\/handsip\/#website\",\"url\":\"https:\/\/www.alhambrait.com\/handsip\/\",\"name\":\"handSIP\",\"description\":\"Servicios Seguros de Voz para el Canal\",\"potentialAction\":[{\"@type\":\"SearchAction\",\"target\":{\"@type\":\"EntryPoint\",\"urlTemplate\":\"https:\/\/www.alhambrait.com\/handsip\/?s={search_term_string}\"},\"query-input\":{\"@type\":\"PropertyValueSpecification\",\"valueRequired\":true,\"valueName\":\"search_term_string\"}}],\"inLanguage\":\"es\"}]}<\/script>\n<!-- \/ Yoast SEO plugin. -->","yoast_head_json":{"title":"Solicitud de Informaci\u00f3n - handSIP","description":"Si quieres solicitar informaci\u00f3n sobre los servicios de HandSIP de Alhambra IT, entra en esta p\u00e1gina y env\u00edanos un formulario","robots":{"index":"index","follow":"follow","max-snippet":"max-snippet:-1","max-image-preview":"max-image-preview:large","max-video-preview":"max-video-preview:-1"},"canonical":"https:\/\/www.alhambrait.com\/handsip\/contacto\/solicitud-de-informacion\/","og_locale":"es_ES","og_type":"article","og_title":"Solicitud de Informaci\u00f3n - handSIP","og_description":"Si quieres solicitar informaci\u00f3n sobre los servicios de HandSIP de Alhambra IT, entra en esta p\u00e1gina y env\u00edanos un formulario","og_url":"https:\/\/www.alhambrait.com\/handsip\/contacto\/solicitud-de-informacion\/","og_site_name":"handSIP","article_modified_time":"2025-12-12T07:55:59+00:00","twitter_card":"summary_large_image","twitter_misc":{"Tiempo de lectura":"2 minutos"},"schema":{"@context":"https:\/\/schema.org","@graph":[{"@type":"WebPage","@id":"https:\/\/www.alhambrait.com\/handsip\/contacto\/solicitud-de-informacion\/","url":"https:\/\/www.alhambrait.com\/handsip\/contacto\/solicitud-de-informacion\/","name":"Solicitud de Informaci\u00f3n - handSIP","isPartOf":{"@id":"https:\/\/www.alhambrait.com\/handsip\/#website"},"datePublished":"2024-01-31T11:34:34+00:00","dateModified":"2025-12-12T07:55:59+00:00","description":"Si quieres solicitar informaci\u00f3n sobre los servicios de HandSIP de Alhambra IT, entra en esta p\u00e1gina y env\u00edanos un formulario","breadcrumb":{"@id":"https:\/\/www.alhambrait.com\/handsip\/contacto\/solicitud-de-informacion\/#breadcrumb"},"inLanguage":"es","potentialAction":[{"@type":"ReadAction","target":["https:\/\/www.alhambrait.com\/handsip\/contacto\/solicitud-de-informacion\/"]}]},{"@type":"BreadcrumbList","@id":"https:\/\/www.alhambrait.com\/handsip\/contacto\/solicitud-de-informacion\/#breadcrumb","itemListElement":[{"@type":"ListItem","position":1,"name":"Portada","item":"https:\/\/www.alhambrait.com\/handsip\/"},{"@type":"ListItem","position":2,"name":"Contacto","item":"https:\/\/www.alhambrait.com\/handsip\/contacto\/"},{"@type":"ListItem","position":3,"name":"Solicitud de Informaci\u00f3n"}]},{"@type":"WebSite","@id":"https:\/\/www.alhambrait.com\/handsip\/#website","url":"https:\/\/www.alhambrait.com\/handsip\/","name":"handSIP","description":"Servicios Seguros de Voz para el Canal","potentialAction":[{"@type":"SearchAction","target":{"@type":"EntryPoint","urlTemplate":"https:\/\/www.alhambrait.com\/handsip\/?s={search_term_string}"},"query-input":{"@type":"PropertyValueSpecification","valueRequired":true,"valueName":"search_term_string"}}],"inLanguage":"es"}]}},"_links":{"self":[{"href":"https:\/\/www.alhambrait.com\/handsip\/wp-json\/wp\/v2\/pages\/12249","targetHints":{"allow":["GET"]}}],"collection":[{"href":"https:\/\/www.alhambrait.com\/handsip\/wp-json\/wp\/v2\/pages"}],"about":[{"href":"https:\/\/www.alhambrait.com\/handsip\/wp-json\/wp\/v2\/types\/page"}],"author":[{"embeddable":true,"href":"https:\/\/www.alhambrait.com\/handsip\/wp-json\/wp\/v2\/users\/1"}],"replies":[{"embeddable":true,"href":"https:\/\/www.alhambrait.com\/handsip\/wp-json\/wp\/v2\/comments?post=12249"}],"version-history":[{"count":22,"href":"https:\/\/www.alhambrait.com\/handsip\/wp-json\/wp\/v2\/pages\/12249\/revisions"}],"predecessor-version":[{"id":42205,"href":"https:\/\/www.alhambrait.com\/handsip\/wp-json\/wp\/v2\/pages\/12249\/revisions\/42205"}],"up":[{"embeddable":true,"href":"https:\/\/www.alhambrait.com\/handsip\/wp-json\/wp\/v2\/pages\/12243"}],"wp:attachment":[{"href":"https:\/\/www.alhambrait.com\/handsip\/wp-json\/wp\/v2\/media?parent=12249"}],"curies":[{"name":"wp","href":"https:\/\/api.w.org\/{rel}","templated":true}]}}