{"id":12226,"date":"2024-01-31T08:47:05","date_gmt":"2024-01-31T08:47:05","guid":{"rendered":"https:\/\/alhambrait.com\/handsip\/?page_id=12226"},"modified":"2024-10-14T15:14:33","modified_gmt":"2024-10-14T15:14:33","slug":"formacion","status":"publish","type":"page","link":"https:\/\/www.alhambrait.com\/handsip\/formacion\/","title":{"rendered":"Formaci\u00f3n"},"content":{"rendered":"<p>[et_pb_section fb_built=\u00bb1&#8243; custom_padding_last_edited=\u00bbon|phone\u00bb _builder_version=\u00bb4.24.3&#8243; _module_preset=\u00bbdefault\u00bb background_color=\u00bbRGBA(255,255,255,0)\u00bb custom_padding=\u00bb100px||||false|false\u00bb custom_padding_tablet=\u00bb100px||||false|false\u00bb custom_padding_phone=\u00bb50px||||false|false\u00bb top_divider_height=\u00bb75px\u00bb top_divider_height_tablet=\u00bb50px\u00bb top_divider_height_phone=\u00bb25px\u00bb top_divider_height_last_edited=\u00bbon|phone\u00bb bottom_divider_color=\u00bb#FFFFFF\u00bb bottom_divider_height=\u00bb75px\u00bb bottom_divider_height_tablet=\u00bb50px\u00bb bottom_divider_height_phone=\u00bb25px\u00bb bottom_divider_height_last_edited=\u00bbon|phone\u00bb global_colors_info=\u00bb{}\u00bb][et_pb_row _builder_version=\u00bb4.24.3&#8243; _module_preset=\u00bbdefault\u00bb global_colors_info=\u00bb{}\u00bb][et_pb_column type=\u00bb4_4&#8243; _builder_version=\u00bb4.24.3&#8243; _module_preset=\u00bbdefault\u00bb global_colors_info=\u00bb{}\u00bb][et_pb_blurb title=\u00bbFormaci\u00f3n especializada para distribuidores y resellers\u00bb alt=\u00bbConectividad\u00bb icon_placement=\u00bbleft\u00bb image_icon_width=\u00bb250px\u00bb content_max_width=\u00bb100%\u00bb icon_placement_tablet=\u00bbtop\u00bb icon_placement_phone=\u00bbtop\u00bb icon_placement_last_edited=\u00bbon|tablet\u00bb _builder_version=\u00bb4.24.3&#8243; _module_preset=\u00bbdefault\u00bb header_level=\u00bbh1&#8243; header_font=\u00bbAlhambra||||||||\u00bb header_text_align=\u00bbcenter\u00bb header_font_size=\u00bb40px\u00bb body_text_align=\u00bbcenter\u00bb body_text_color=\u00bb#222222&#8243; image_icon_custom_margin=\u00bb|70px|||false|false\u00bb image_icon_custom_margin_tablet=\u00bb|0px|||false|false\u00bb image_icon_custom_margin_phone=\u00bb|0px|||false|false\u00bb image_icon_custom_margin_last_edited=\u00bbon|tablet\u00bb image_icon_custom_padding=\u00bb||||false|false\u00bb header_font_size_tablet=\u00bb32px\u00bb header_font_size_phone=\u00bb28px\u00bb header_font_size_last_edited=\u00bbon|phone\u00bb body_font_size_tablet=\u00bb\u00bb body_font_size_phone=\u00bb15px\u00bb body_font_size_last_edited=\u00bbon|phone\u00bb custom_css_blurb_title=\u00bbpadding-bottom:25px\u00bb global_colors_info=\u00bb{}\u00bb]<\/p>\n<p>Desde handSIP te ofrecemos la posibilidad de formarte, de la mano de nuestros profesionales, en aquellas tecnolog\u00edas que m\u00e1s demandan tus clientes. Adem\u00e1s, podr\u00e1s certificarte si as\u00ed lo deseas.<\/p>\n<p>[\/et_pb_blurb][\/et_pb_column][\/et_pb_row][et_pb_row column_structure=\u00bb1_4,1_4,1_4,1_4&#8243; _builder_version=\u00bb4.24.3&#8243; _module_preset=\u00bbdefault\u00bb width=\u00bb75%\u00bb width_tablet=\u00bb80%\u00bb width_phone=\u00bb90%\u00bb width_last_edited=\u00bbon|phone\u00bb max_width=\u00bb2560px\u00bb global_colors_info=\u00bb{}\u00bb][et_pb_column type=\u00bb1_4&#8243; _builder_version=\u00bb4.24.3&#8243; _module_preset=\u00bbdefault\u00bb global_colors_info=\u00bb{}\u00bb][et_pb_blurb title=\u00bbCertificaci\u00f3n Centralita Virtual\u00bb url=\u00bb\/handsip\/formacion\/certificacion-centralita-virtual\/\u00bb url_new_window=\u00bbon\u00bb image=\u00bbhttps:\/\/www.alhambrait.com\/handsip\/wp-content\/uploads\/2024\/04\/icon_certificacion_centralita_virtual.png\u00bb alt=\u00bbIcono Certificaci\u00f3n Centralita Virtual\u00bb _builder_version=\u00bb4.24.3&#8243; _module_preset=\u00bbdefault\u00bb header_level=\u00bbh2&#8243; header_font=\u00bbAlhambra||||||||\u00bb header_text_align=\u00bbcenter\u00bb header_text_color=\u00bb#222222&#8243; animation=\u00bboff\u00bb header_font_size_tablet=\u00bb24px\u00bb header_font_size_phone=\u00bb21px\u00bb header_font_size_last_edited=\u00bbon|phone\u00bb custom_css_blurb_image=\u00bbmargin-bottom:15px\u00bb global_colors_info=\u00bb{}\u00bb][\/et_pb_blurb][\/et_pb_column][et_pb_column type=\u00bb1_4&#8243; _builder_version=\u00bb4.24.3&#8243; _module_preset=\u00bbdefault\u00bb global_colors_info=\u00bb{}\u00bb][et_pb_blurb title=\u00bbCertificaci\u00f3n MikroTik MTCNA\u00bb url=\u00bb\/handsip\/formacion\/certificacion-mikrotik-mtcna\/\u00bb url_new_window=\u00bbon\u00bb image=\u00bbhttps:\/\/www.alhambrait.com\/handsip\/wp-content\/uploads\/2024\/04\/icon_mikrotik_mtcna.png\u00bb alt=\u00bbIcono MikroTik MTCNA\u00bb _builder_version=\u00bb4.24.3&#8243; _module_preset=\u00bbdefault\u00bb header_level=\u00bbh2&#8243; header_font=\u00bbAlhambra||||||||\u00bb header_text_align=\u00bbcenter\u00bb header_text_color=\u00bb#222222&#8243; animation=\u00bboff\u00bb header_font_size_tablet=\u00bb24px\u00bb header_font_size_phone=\u00bb21px\u00bb header_font_size_last_edited=\u00bbon|phone\u00bb custom_css_blurb_image=\u00bbmargin-bottom:15px\u00bb global_colors_info=\u00bb{}\u00bb][\/et_pb_blurb][\/et_pb_column][et_pb_column type=\u00bb1_4&#8243; _builder_version=\u00bb4.24.3&#8243; _module_preset=\u00bbdefault\u00bb global_colors_info=\u00bb{}\u00bb][et_pb_blurb title=\u00bbCertificaci\u00f3n MikroTik MTCWE\u00bb url=\u00bb\/handsip\/formacion\/certificacion-mikrotik-mtcwe\/\u00bb url_new_window=\u00bbon\u00bb image=\u00bbhttps:\/\/www.alhambrait.com\/handsip\/wp-content\/uploads\/2024\/04\/icon_mikrotik_mtcwe.png\u00bb alt=\u00bbIcono Centralita 3CX\u00bb _builder_version=\u00bb4.24.3&#8243; _module_preset=\u00bbdefault\u00bb header_level=\u00bbh2&#8243; header_font=\u00bbAlhambra||||||||\u00bb header_text_align=\u00bbcenter\u00bb header_text_color=\u00bb#222222&#8243; animation=\u00bboff\u00bb header_font_size_tablet=\u00bb24px\u00bb header_font_size_phone=\u00bb21px\u00bb header_font_size_last_edited=\u00bbon|phone\u00bb custom_css_blurb_image=\u00bbmargin-bottom:15px\u00bb global_colors_info=\u00bb{}\u00bb][\/et_pb_blurb][\/et_pb_column][et_pb_column type=\u00bb1_4&#8243; _builder_version=\u00bb4.24.3&#8243; _module_preset=\u00bbdefault\u00bb global_colors_info=\u00bb{}\u00bb][et_pb_blurb title=\u00bbCertificaci\u00f3n MikroTik MTCRE\u00bb url=\u00bb\/handsip\/formacion\/certificacion-mikrotik-mtcre\/\u00bb url_new_window=\u00bbon\u00bb image=\u00bbhttps:\/\/www.alhambrait.com\/handsip\/wp-content\/uploads\/2024\/04\/icon_mikrotik_mtcre.png\u00bb alt=\u00bbIcono MikroTik MTCRE\u00bb _builder_version=\u00bb4.24.3&#8243; _module_preset=\u00bbdefault\u00bb header_level=\u00bbh2&#8243; header_font=\u00bbAlhambra||||||||\u00bb header_text_align=\u00bbcenter\u00bb header_text_color=\u00bb#222222&#8243; animation=\u00bboff\u00bb header_font_size_tablet=\u00bb24px\u00bb header_font_size_phone=\u00bb21px\u00bb header_font_size_last_edited=\u00bbon|phone\u00bb custom_css_blurb_image=\u00bbmargin-bottom:15px\u00bb global_colors_info=\u00bb{}\u00bb][\/et_pb_blurb][\/et_pb_column][\/et_pb_row][\/et_pb_section][et_pb_section fb_built=\u00bb1&#8243; _builder_version=\u00bb4.24.3&#8243; _module_preset=\u00bbdefault\u00bb background_color=\u00bbRGBA(255,255,255,0)\u00bb background_image=\u00bbhttps:\/\/alhambrait.com\/handsip\/wp-content\/uploads\/2024\/01\/destacado_contacto_1920.jpg\u00bb min_height=\u00bb450px\u00bb height=\u00bb450px\u00bb max_height=\u00bb450px\u00bb top_divider_style=\u00bbarrow2&#8243; top_divider_color=\u00bb#FFFFFF\u00bb top_divider_height=\u00bb75px\u00bb top_divider_height_tablet=\u00bb50px\u00bb top_divider_height_phone=\u00bb25px\u00bb top_divider_height_last_edited=\u00bbon|desktop\u00bb bottom_divider_style=\u00bbarrow2&#8243; bottom_divider_color=\u00bb#FFFFFF\u00bb bottom_divider_height=\u00bb75px\u00bb bottom_divider_height_tablet=\u00bb50px\u00bb bottom_divider_height_phone=\u00bb25px\u00bb bottom_divider_height_last_edited=\u00bbon|phone\u00bb background_last_edited=\u00bbon|phone\u00bb background_image_tablet=\u00bbhttps:\/\/alhambrait.com\/handsip\/wp-content\/uploads\/2024\/01\/destacado_contacto_1200.jpg\u00bb background_image_phone=\u00bbhttps:\/\/alhambrait.com\/handsip\/wp-content\/uploads\/2024\/01\/destacado_contacto_500.jpg\u00bb background_enable_image_tablet=\u00bbon\u00bb background_enable_image_phone=\u00bbon\u00bb custom_css_main_element=\u00bbdisplay: flex;||flex-direction: column;||justify-content: center;\u00bb global_module=\u00bb12142&#8243; saved_tabs=\u00bball\u00bb global_colors_info=\u00bb{}\u00bb custom_css_main_element_last_edited=\u00bbon|phone\u00bb custom_css_main_element_tablet=\u00bbdisplay: flex;||flex-direction: column;||justify-content: center;\u00bb custom_css_main_element_phone=\u00bbdisplay: flex;||flex-direction: column;||justify-content: center;\u00bb][et_pb_row custom_padding_last_edited=\u00bbon|desktop\u00bb _builder_version=\u00bb4.24.3&#8243; _module_preset=\u00bbdefault\u00bb width=\u00bb30%\u00bb width_tablet=\u00bb60%\u00bb width_phone=\u00bb80%\u00bb width_last_edited=\u00bbon|phone\u00bb max_width=\u00bb2560px\u00bb custom_padding=\u00bb||||false|false\u00bb custom_padding_tablet=\u00bb||||false|false\u00bb custom_padding_phone=\u00bb||||false|false\u00bb global_colors_info=\u00bb{}\u00bb][et_pb_column type=\u00bb4_4&#8243; _builder_version=\u00bb4.23.4&#8243; _module_preset=\u00bbdefault\u00bb global_colors_info=\u00bb{}\u00bb][et_pb_cta button_url=\u00bb\/handsip\/contacto\/solicitud-de-informacion\/\u00bb button_text=\u00bb\u00bfHablamos?\u00bb _builder_version=\u00bb4.27.0&#8243; _module_preset=\u00bbdefault\u00bb header_font=\u00bb||||||||\u00bb header_text_color=\u00bb#2e414f\u00bb header_font_size=\u00bb28px\u00bb body_text_align=\u00bbcenter\u00bb body_text_color=\u00bb#2e414f\u00bb body_font_size=\u00bb28px\u00bb body_line_height=\u00bb1em\u00bb background_color=\u00bbrgba(255,255,255,0.9)\u00bb header_font_size_tablet=\u00bb26px\u00bb header_font_size_phone=\u00bb21px\u00bb header_font_size_last_edited=\u00bbon|phone\u00bb body_font_size_tablet=\u00bb26px\u00bb body_font_size_phone=\u00bb21px\u00bb body_font_size_last_edited=\u00bbon|phone\u00bb border_radii=\u00bbon|50px|50px|50px|50px\u00bb global_colors_info=\u00bb{}\u00bb]<\/p>\n<p>Te ayudamos con los Proyectos Tecnol\u00f3gicos de tus Clientes<\/p>\n<p>[\/et_pb_cta][\/et_pb_column][\/et_pb_row][\/et_pb_section][et_pb_section fb_built=\u00bb1&#8243; _builder_version=\u00bb4.25.0&#8243; _module_preset=\u00bbdefault\u00bb custom_padding=\u00bb||||false|false\u00bb global_colors_info=\u00bb{}\u00bb global_module=\u00bb39858&#8243; theme_builder_area=\u00bbpost_content\u00bb][et_pb_row _builder_version=\u00bb4.23.4&#8243; _module_preset=\u00bbdefault\u00bb width=\u00bb65%\u00bb width_tablet=\u00bb85%\u00bb width_phone=\u00bb90%\u00bb width_last_edited=\u00bbon|phone\u00bb max_width=\u00bb2560px\u00bb global_colors_info=\u00bb{}\u00bb theme_builder_area=\u00bbpost_content\u00bb][et_pb_column type=\u00bb4_4&#8243; _builder_version=\u00bb4.23.4&#8243; _module_preset=\u00bbdefault\u00bb global_colors_info=\u00bb{}\u00bb theme_builder_area=\u00bbpost_content\u00bb][et_pb_blurb title=\u00bbComprometidos contigo y con el planeta\u00bb use_icon=\u00bbon\u00bb content_max_width=\u00bb100%\u00bb _builder_version=\u00bb4.27.0&#8243; _module_preset=\u00bbdefault\u00bb header_level=\u00bbh2&#8243; header_font=\u00bbAlhambra||||||||\u00bb header_text_align=\u00bbcenter\u00bb header_font_size=\u00bb40px\u00bb header_font_size_tablet=\u00bb32px\u00bb header_font_size_phone=\u00bb28px\u00bb header_font_size_last_edited=\u00bbon|desktop\u00bb body_font_size_tablet=\u00bb\u00bb body_font_size_phone=\u00bb15px\u00bb body_font_size_last_edited=\u00bbon|tablet\u00bb custom_css_blurb_title=\u00bbpadding-bottom:25px\u00bb global_colors_info=\u00bb{}\u00bb theme_builder_area=\u00bbpost_content\u00bb]<\/p>\n<p>Nos alineamos con los requisitos y exigencias que vuestra organizaci\u00f3n asume d\u00eda a d\u00eda, tanto por la actividad del negocio y de los clientes, como por el entorno regulatorio en el que oper\u00e1is. Y nuestro compromiso tambi\u00e9n est\u00e1 con el planeta: somos una organizaci\u00f3n <strong>Neutral CO2<\/strong>. Eliminamos o compensamos todas las emisiones producidas por nuestra actividad tecnol\u00f3gica.<\/p>\n<p>[\/et_pb_blurb][et_pb_image src=\u00bbhttps:\/\/alhambrait.com\/handsip\/wp-content\/uploads\/2024\/04\/logos_calidad_appplus_2024.png\u00bb alt=\u00bbProcesos Certificados en Espa\u00f1a\u00bb title_text=\u00bblogos_calidad_appplus_2024_mobile\u00bb align=\u00bbcenter\u00bb src_tablet=\u00bbhttps:\/\/alhambrait.com\/handsip\/wp-content\/uploads\/2024\/04\/logos_calidad_appplus_2024_tablet.png\u00bb src_phone=\u00bbhttps:\/\/alhambrait.com\/handsip\/wp-content\/uploads\/2024\/04\/logos_calidad_appplus_2024_mobile.png\u00bb src_last_edited=\u00bbon|phone\u00bb _builder_version=\u00bb4.24.3&#8243; _module_preset=\u00bbdefault\u00bb global_colors_info=\u00bb{}\u00bb theme_builder_area=\u00bbpost_content\u00bb][\/et_pb_image][\/et_pb_column][\/et_pb_row][\/et_pb_section]<\/p>\n","protected":false},"excerpt":{"rendered":"<p>Desde handSIP te ofrecemos la posibilidad de formarte, de la mano de nuestros profesionales, en aquellas tecnolog\u00edas que m\u00e1s demandan tus clientes. Adem\u00e1s, podr\u00e1s certificarte si as\u00ed lo deseas.Te ayudamos con los Proyectos Tecnol\u00f3gicos de tus ClientesNos alineamos con los requisitos y exigencias que vuestra organizaci\u00f3n asume d\u00eda a d\u00eda, tanto por la actividad del [&hellip;]<\/p>\n","protected":false},"author":1,"featured_media":0,"parent":0,"menu_order":0,"comment_status":"closed","ping_status":"closed","template":"","meta":{"_et_pb_use_builder":"on","_et_pb_old_content":"","_et_gb_content_width":"","footnotes":""},"class_list":["post-12226","page","type-page","status-publish","hentry"],"yoast_head":"<!-- This site is optimized with the Yoast SEO plugin v27.2 - https:\/\/yoast.com\/product\/yoast-seo-wordpress\/ -->\n<title>handSIP Academy. Formaci\u00f3n para distribuidores y resellers<\/title>\n<meta name=\"description\" content=\"El objetivo de esta formaci\u00f3n, dirigida a distribuidores y resellers, es que los asistentes sean capaces de planificar, implementar y depurar configuraciones\" \/>\n<meta name=\"robots\" content=\"index, follow, max-snippet:-1, max-image-preview:large, max-video-preview:-1\" \/>\n<link rel=\"canonical\" href=\"https:\/\/www.alhambrait.com\/handsip\/formacion\/\" \/>\n<meta property=\"og:locale\" content=\"es_ES\" \/>\n<meta property=\"og:type\" content=\"article\" \/>\n<meta property=\"og:title\" content=\"handSIP Academy. Formaci\u00f3n para distribuidores y resellers\" \/>\n<meta property=\"og:description\" content=\"El objetivo de esta formaci\u00f3n, dirigida a distribuidores y resellers, es que los asistentes sean capaces de planificar, implementar y depurar configuraciones\" \/>\n<meta property=\"og:url\" content=\"https:\/\/www.alhambrait.com\/handsip\/formacion\/\" \/>\n<meta property=\"og:site_name\" content=\"handSIP\" \/>\n<meta property=\"article:modified_time\" content=\"2024-10-14T15:14:33+00:00\" \/>\n<meta name=\"twitter:card\" content=\"summary_large_image\" \/>\n<meta name=\"twitter:label1\" content=\"Tiempo de lectura\" \/>\n\t<meta name=\"twitter:data1\" content=\"2 minutos\" \/>\n<script type=\"application\/ld+json\" class=\"yoast-schema-graph\">{\"@context\":\"https:\/\/schema.org\",\"@graph\":[{\"@type\":\"WebPage\",\"@id\":\"https:\/\/www.alhambrait.com\/handsip\/formacion\/\",\"url\":\"https:\/\/www.alhambrait.com\/handsip\/formacion\/\",\"name\":\"handSIP Academy. Formaci\u00f3n para distribuidores y resellers\",\"isPartOf\":{\"@id\":\"https:\/\/www.alhambrait.com\/handsip\/#website\"},\"datePublished\":\"2024-01-31T08:47:05+00:00\",\"dateModified\":\"2024-10-14T15:14:33+00:00\",\"description\":\"El objetivo de esta formaci\u00f3n, dirigida a distribuidores y resellers, es que los asistentes sean capaces de planificar, implementar y depurar configuraciones\",\"breadcrumb\":{\"@id\":\"https:\/\/www.alhambrait.com\/handsip\/formacion\/#breadcrumb\"},\"inLanguage\":\"es\",\"potentialAction\":[{\"@type\":\"ReadAction\",\"target\":[\"https:\/\/www.alhambrait.com\/handsip\/formacion\/\"]}]},{\"@type\":\"BreadcrumbList\",\"@id\":\"https:\/\/www.alhambrait.com\/handsip\/formacion\/#breadcrumb\",\"itemListElement\":[{\"@type\":\"ListItem\",\"position\":1,\"name\":\"Portada\",\"item\":\"https:\/\/www.alhambrait.com\/handsip\/\"},{\"@type\":\"ListItem\",\"position\":2,\"name\":\"Formaci\u00f3n\"}]},{\"@type\":\"WebSite\",\"@id\":\"https:\/\/www.alhambrait.com\/handsip\/#website\",\"url\":\"https:\/\/www.alhambrait.com\/handsip\/\",\"name\":\"handSIP\",\"description\":\"Servicios Seguros de Voz para el Canal\",\"potentialAction\":[{\"@type\":\"SearchAction\",\"target\":{\"@type\":\"EntryPoint\",\"urlTemplate\":\"https:\/\/www.alhambrait.com\/handsip\/?s={search_term_string}\"},\"query-input\":{\"@type\":\"PropertyValueSpecification\",\"valueRequired\":true,\"valueName\":\"search_term_string\"}}],\"inLanguage\":\"es\"}]}<\/script>\n<!-- \/ Yoast SEO plugin. -->","yoast_head_json":{"title":"handSIP Academy. Formaci\u00f3n para distribuidores y resellers","description":"El objetivo de esta formaci\u00f3n, dirigida a distribuidores y resellers, es que los asistentes sean capaces de planificar, implementar y depurar configuraciones","robots":{"index":"index","follow":"follow","max-snippet":"max-snippet:-1","max-image-preview":"max-image-preview:large","max-video-preview":"max-video-preview:-1"},"canonical":"https:\/\/www.alhambrait.com\/handsip\/formacion\/","og_locale":"es_ES","og_type":"article","og_title":"handSIP Academy. Formaci\u00f3n para distribuidores y resellers","og_description":"El objetivo de esta formaci\u00f3n, dirigida a distribuidores y resellers, es que los asistentes sean capaces de planificar, implementar y depurar configuraciones","og_url":"https:\/\/www.alhambrait.com\/handsip\/formacion\/","og_site_name":"handSIP","article_modified_time":"2024-10-14T15:14:33+00:00","twitter_card":"summary_large_image","twitter_misc":{"Tiempo de lectura":"2 minutos"},"schema":{"@context":"https:\/\/schema.org","@graph":[{"@type":"WebPage","@id":"https:\/\/www.alhambrait.com\/handsip\/formacion\/","url":"https:\/\/www.alhambrait.com\/handsip\/formacion\/","name":"handSIP Academy. Formaci\u00f3n para distribuidores y resellers","isPartOf":{"@id":"https:\/\/www.alhambrait.com\/handsip\/#website"},"datePublished":"2024-01-31T08:47:05+00:00","dateModified":"2024-10-14T15:14:33+00:00","description":"El objetivo de esta formaci\u00f3n, dirigida a distribuidores y resellers, es que los asistentes sean capaces de planificar, implementar y depurar configuraciones","breadcrumb":{"@id":"https:\/\/www.alhambrait.com\/handsip\/formacion\/#breadcrumb"},"inLanguage":"es","potentialAction":[{"@type":"ReadAction","target":["https:\/\/www.alhambrait.com\/handsip\/formacion\/"]}]},{"@type":"BreadcrumbList","@id":"https:\/\/www.alhambrait.com\/handsip\/formacion\/#breadcrumb","itemListElement":[{"@type":"ListItem","position":1,"name":"Portada","item":"https:\/\/www.alhambrait.com\/handsip\/"},{"@type":"ListItem","position":2,"name":"Formaci\u00f3n"}]},{"@type":"WebSite","@id":"https:\/\/www.alhambrait.com\/handsip\/#website","url":"https:\/\/www.alhambrait.com\/handsip\/","name":"handSIP","description":"Servicios Seguros de Voz para el Canal","potentialAction":[{"@type":"SearchAction","target":{"@type":"EntryPoint","urlTemplate":"https:\/\/www.alhambrait.com\/handsip\/?s={search_term_string}"},"query-input":{"@type":"PropertyValueSpecification","valueRequired":true,"valueName":"search_term_string"}}],"inLanguage":"es"}]}},"_links":{"self":[{"href":"https:\/\/www.alhambrait.com\/handsip\/wp-json\/wp\/v2\/pages\/12226","targetHints":{"allow":["GET"]}}],"collection":[{"href":"https:\/\/www.alhambrait.com\/handsip\/wp-json\/wp\/v2\/pages"}],"about":[{"href":"https:\/\/www.alhambrait.com\/handsip\/wp-json\/wp\/v2\/types\/page"}],"author":[{"embeddable":true,"href":"https:\/\/www.alhambrait.com\/handsip\/wp-json\/wp\/v2\/users\/1"}],"replies":[{"embeddable":true,"href":"https:\/\/www.alhambrait.com\/handsip\/wp-json\/wp\/v2\/comments?post=12226"}],"version-history":[{"count":16,"href":"https:\/\/www.alhambrait.com\/handsip\/wp-json\/wp\/v2\/pages\/12226\/revisions"}],"predecessor-version":[{"id":39896,"href":"https:\/\/www.alhambrait.com\/handsip\/wp-json\/wp\/v2\/pages\/12226\/revisions\/39896"}],"wp:attachment":[{"href":"https:\/\/www.alhambrait.com\/handsip\/wp-json\/wp\/v2\/media?parent=12226"}],"curies":[{"name":"wp","href":"https:\/\/api.w.org\/{rel}","templated":true}]}}