{"id":12200,"date":"2024-01-31T08:05:29","date_gmt":"2024-01-31T08:05:29","guid":{"rendered":"https:\/\/alhambrait.com\/handsip\/?page_id=12200"},"modified":"2025-03-03T15:37:41","modified_gmt":"2025-03-03T15:37:41","slug":"soluciones","status":"publish","type":"page","link":"https:\/\/www.alhambrait.com\/handsip\/soluciones\/","title":{"rendered":"Soluciones"},"content":{"rendered":"<p>[et_pb_section fb_built=\u00bb1&#8243; custom_padding_last_edited=\u00bbon|phone\u00bb prev_background_color=\u00bb#ffffff\u00bb _builder_version=\u00bb4.24.3&#8243; _module_preset=\u00bbdefault\u00bb background_color=\u00bb#f97e03&#8243; custom_padding=\u00bb100px||||false|false\u00bb custom_padding_tablet=\u00bb100px||||false|false\u00bb custom_padding_phone=\u00bb50px||||false|false\u00bb top_divider_style=\u00bbarrow2&#8243; top_divider_height=\u00bb75px\u00bb top_divider_height_tablet=\u00bb50px\u00bb top_divider_height_phone=\u00bb25px\u00bb top_divider_height_last_edited=\u00bbon|phone\u00bb bottom_divider_style=\u00bbarrow2&#8243; bottom_divider_color=\u00bb#FFFFFF\u00bb bottom_divider_height=\u00bb75px\u00bb bottom_divider_height_tablet=\u00bb50px\u00bb bottom_divider_height_phone=\u00bb25px\u00bb bottom_divider_height_last_edited=\u00bbon|phone\u00bb global_colors_info=\u00bb{}\u00bb][et_pb_row _builder_version=\u00bb4.24.3&#8243; _module_preset=\u00bbdefault\u00bb global_colors_info=\u00bb{}\u00bb][et_pb_column type=\u00bb4_4&#8243; _builder_version=\u00bb4.24.3&#8243; _module_preset=\u00bbdefault\u00bb global_colors_info=\u00bb{}\u00bb][et_pb_blurb title=\u00bbSoluciones\u00bb alt=\u00bbConectividad\u00bb icon_placement=\u00bbleft\u00bb image_icon_width=\u00bb250px\u00bb content_max_width=\u00bb100%\u00bb icon_placement_tablet=\u00bbtop\u00bb icon_placement_phone=\u00bbtop\u00bb icon_placement_last_edited=\u00bbon|tablet\u00bb _builder_version=\u00bb4.24.3&#8243; _module_preset=\u00bbdefault\u00bb header_level=\u00bbh1&#8243; header_font=\u00bbAlhambra||||||||\u00bb header_text_align=\u00bbcenter\u00bb header_text_color=\u00bb#FFFFFF\u00bb header_font_size=\u00bb40px\u00bb body_text_align=\u00bbcenter\u00bb body_text_color=\u00bb#FFFFFF\u00bb image_icon_custom_margin=\u00bb|70px|||false|false\u00bb image_icon_custom_margin_tablet=\u00bb|0px|||false|false\u00bb image_icon_custom_margin_phone=\u00bb|0px|||false|false\u00bb image_icon_custom_margin_last_edited=\u00bbon|tablet\u00bb image_icon_custom_padding=\u00bb||||false|false\u00bb header_font_size_tablet=\u00bb32px\u00bb header_font_size_phone=\u00bb28px\u00bb header_font_size_last_edited=\u00bbon|phone\u00bb body_font_size_tablet=\u00bb\u00bb body_font_size_phone=\u00bb15px\u00bb body_font_size_last_edited=\u00bbon|phone\u00bb custom_css_blurb_title=\u00bbpadding-bottom:25px\u00bb global_colors_info=\u00bb{}\u00bb]<\/p>\n<p>Soluciones de Voz espec\u00edficas seg\u00fan las necesidades de tus clientes: mensajer\u00eda, integraciones, grabaci\u00f3n de llamadas\u2026<\/p>\n<p>[\/et_pb_blurb][\/et_pb_column][\/et_pb_row][et_pb_row column_structure=\u00bb1_6,1_6,1_6,1_6,1_6,1_6&#8243; _builder_version=\u00bb4.24.3&#8243; _module_preset=\u00bbdefault\u00bb width=\u00bb85%\u00bb width_tablet=\u00bb90%\u00bb width_phone=\u00bb90%\u00bb width_last_edited=\u00bbon|phone\u00bb max_width=\u00bb2560px\u00bb global_colors_info=\u00bb{}\u00bb][et_pb_column type=\u00bb1_6&#8243; _builder_version=\u00bb4.24.3&#8243; _module_preset=\u00bbdefault\u00bb global_colors_info=\u00bb{}\u00bb][et_pb_blurb title=\u00bb Inteligencia Artificial\u00bb url=\u00bb\/handsip\/soluciones\/inteligencia-artificial\/\u00bb url_new_window=\u00bbon\u00bb image=\u00bbhttps:\/\/www.alhambrait.com\/handsip\/wp-content\/uploads\/2024\/04\/icon_inteligencia_artificial.png\u00bb alt=\u00bbIcono Inteligencia artificial\u00bb _builder_version=\u00bb4.24.3&#8243; _module_preset=\u00bbdefault\u00bb header_level=\u00bbh2&#8243; header_font=\u00bbAlhambra||||||||\u00bb header_text_align=\u00bbcenter\u00bb header_text_color=\u00bb#FFFFFF\u00bb animation=\u00bboff\u00bb header_font_size_tablet=\u00bb24px\u00bb header_font_size_phone=\u00bb21px\u00bb header_font_size_last_edited=\u00bbon|phone\u00bb custom_css_blurb_image=\u00bbmargin-bottom:15px\u00bb global_colors_info=\u00bb{}\u00bb][\/et_pb_blurb][\/et_pb_column][et_pb_column type=\u00bb1_6&#8243; _builder_version=\u00bb4.24.3&#8243; _module_preset=\u00bbdefault\u00bb global_colors_info=\u00bb{}\u00bb][et_pb_blurb title=\u00bbIntegraci\u00f3n con Teams\u00bb url=\u00bb\/handsip\/soluciones\/integracion-con-teams\/\u00bb url_new_window=\u00bbon\u00bb image=\u00bbhttps:\/\/www.alhambrait.com\/handsip\/wp-content\/uploads\/2024\/04\/icon_integracion_teams.png\u00bb alt=\u00bbIcono Integraci\u00f3n Teams\u00bb _builder_version=\u00bb4.24.3&#8243; _module_preset=\u00bbdefault\u00bb header_level=\u00bbh2&#8243; header_font=\u00bbAlhambra||||||||\u00bb header_text_align=\u00bbcenter\u00bb header_text_color=\u00bb#FFFFFF\u00bb animation=\u00bboff\u00bb header_font_size_tablet=\u00bb24px\u00bb header_font_size_phone=\u00bb21px\u00bb header_font_size_last_edited=\u00bbon|phone\u00bb custom_css_blurb_image=\u00bbmargin-bottom:15px\u00bb global_colors_info=\u00bb{}\u00bb][\/et_pb_blurb][\/et_pb_column][et_pb_column type=\u00bb1_6&#8243; _builder_version=\u00bb4.24.3&#8243; _module_preset=\u00bbdefault\u00bb global_colors_info=\u00bb{}\u00bb][et_pb_blurb title=\u00bb Integraci\u00f3n con Webex\u00bb url=\u00bb\/handsip\/soluciones\/integracion-con-webex\/\u00bb url_new_window=\u00bbon\u00bb image=\u00bbhttps:\/\/www.alhambrait.com\/handsip\/wp-content\/uploads\/2024\/04\/icon_integracion_webex.png\u00bb alt=\u00bbIcono Integraci\u00f3n Webex\u00bb _builder_version=\u00bb4.24.3&#8243; _module_preset=\u00bbdefault\u00bb header_level=\u00bbh2&#8243; header_font=\u00bbAlhambra||||||||\u00bb header_text_align=\u00bbcenter\u00bb header_text_color=\u00bb#FFFFFF\u00bb animation=\u00bboff\u00bb header_font_size_tablet=\u00bb24px\u00bb header_font_size_phone=\u00bb21px\u00bb header_font_size_last_edited=\u00bbon|phone\u00bb custom_css_blurb_image=\u00bbmargin-bottom:15px\u00bb global_colors_info=\u00bb{}\u00bb][\/et_pb_blurb][\/et_pb_column][et_pb_column type=\u00bb1_6&#8243; _builder_version=\u00bb4.24.3&#8243; _module_preset=\u00bbdefault\u00bb global_colors_info=\u00bb{}\u00bb][et_pb_blurb title=\u00bb Grabaci\u00f3n de Llamadas\u00bb url=\u00bb\/handsip\/soluciones\/grabacion-de-llamadas\/\u00bb url_new_window=\u00bbon\u00bb image=\u00bbhttps:\/\/www.alhambrait.com\/handsip\/wp-content\/uploads\/2024\/04\/icon_grabacion_llamadas.png\u00bb alt=\u00bbIcono Grabaci\u00f3n de Llamadas\u00bb _builder_version=\u00bb4.24.3&#8243; _module_preset=\u00bbdefault\u00bb header_level=\u00bbh2&#8243; header_font=\u00bbAlhambra||||||||\u00bb header_text_align=\u00bbcenter\u00bb header_text_color=\u00bb#FFFFFF\u00bb animation=\u00bboff\u00bb header_font_size_tablet=\u00bb24px\u00bb header_font_size_phone=\u00bb21px\u00bb header_font_size_last_edited=\u00bbon|phone\u00bb custom_css_blurb_image=\u00bbmargin-bottom:15px\u00bb global_colors_info=\u00bb{}\u00bb][\/et_pb_blurb][\/et_pb_column][et_pb_column type=\u00bb1_6&#8243; _builder_version=\u00bb4.24.3&#8243; _module_preset=\u00bbdefault\u00bb global_colors_info=\u00bb{}\u00bb][et_pb_blurb title=\u00bbVideoconferencia\u00bb url=\u00bb\/handsip\/soluciones\/videoconferencia\/\u00bb url_new_window=\u00bbon\u00bb image=\u00bbhttps:\/\/www.alhambrait.com\/handsip\/wp-content\/uploads\/2024\/04\/icon_videoconferencia.png\u00bb alt=\u00bbIcono Videoconferencia\u00bb _builder_version=\u00bb4.24.3&#8243; _module_preset=\u00bbdefault\u00bb header_level=\u00bbh2&#8243; header_font=\u00bbAlhambra||||||||\u00bb header_text_align=\u00bbcenter\u00bb header_text_color=\u00bb#FFFFFF\u00bb animation=\u00bboff\u00bb header_font_size_tablet=\u00bb24px\u00bb header_font_size_phone=\u00bb21px\u00bb header_font_size_last_edited=\u00bbon|phone\u00bb custom_css_blurb_image=\u00bbmargin-bottom:15px\u00bb global_colors_info=\u00bb{}\u00bb][\/et_pb_blurb][\/et_pb_column][et_pb_column type=\u00bb1_6&#8243; _builder_version=\u00bb4.24.3&#8243; _module_preset=\u00bbdefault\u00bb global_colors_info=\u00bb{}\u00bb][et_pb_blurb title=\u00bbCiberseguridad\u00bb url=\u00bb\/handsip\/soluciones\/ciberseguridad\/\u00bb url_new_window=\u00bbon\u00bb image=\u00bbhttps:\/\/www.alhambrait.com\/handsip\/wp-content\/uploads\/2024\/04\/icon_ciberseguridad.png\u00bb alt=\u00bbIcono Ciberseguridad\u00bb _builder_version=\u00bb4.24.3&#8243; _module_preset=\u00bbdefault\u00bb header_level=\u00bbh2&#8243; header_font=\u00bbAlhambra||||||||\u00bb header_text_align=\u00bbcenter\u00bb header_text_color=\u00bb#FFFFFF\u00bb animation=\u00bboff\u00bb header_font_size_tablet=\u00bb24px\u00bb header_font_size_phone=\u00bb21px\u00bb header_font_size_last_edited=\u00bbon|phone\u00bb custom_css_blurb_image=\u00bbmargin-bottom:15px\u00bb global_colors_info=\u00bb{}\u00bb][\/et_pb_blurb][\/et_pb_column][\/et_pb_row][\/et_pb_section][et_pb_section fb_built=\u00bb1&#8243; _builder_version=\u00bb4.24.3&#8243; _module_preset=\u00bbdefault\u00bb background_color=\u00bbRGBA(255,255,255,0)\u00bb background_image=\u00bbhttps:\/\/alhambrait.com\/handsip\/wp-content\/uploads\/2024\/01\/destacado_contacto_1920.jpg\u00bb min_height=\u00bb450px\u00bb height=\u00bb450px\u00bb max_height=\u00bb450px\u00bb top_divider_style=\u00bbarrow2&#8243; top_divider_color=\u00bb#FFFFFF\u00bb top_divider_height=\u00bb75px\u00bb top_divider_height_tablet=\u00bb50px\u00bb top_divider_height_phone=\u00bb25px\u00bb top_divider_height_last_edited=\u00bbon|desktop\u00bb bottom_divider_style=\u00bbarrow2&#8243; bottom_divider_color=\u00bb#FFFFFF\u00bb bottom_divider_height=\u00bb75px\u00bb bottom_divider_height_tablet=\u00bb50px\u00bb bottom_divider_height_phone=\u00bb25px\u00bb bottom_divider_height_last_edited=\u00bbon|phone\u00bb background_last_edited=\u00bbon|phone\u00bb background_image_tablet=\u00bbhttps:\/\/alhambrait.com\/handsip\/wp-content\/uploads\/2024\/01\/destacado_contacto_1200.jpg\u00bb background_image_phone=\u00bbhttps:\/\/alhambrait.com\/handsip\/wp-content\/uploads\/2024\/01\/destacado_contacto_500.jpg\u00bb background_enable_image_tablet=\u00bbon\u00bb background_enable_image_phone=\u00bbon\u00bb custom_css_main_element=\u00bbdisplay: flex;||flex-direction: column;||justify-content: center;\u00bb global_module=\u00bb12142&#8243; saved_tabs=\u00bball\u00bb global_colors_info=\u00bb{}\u00bb custom_css_main_element_last_edited=\u00bbon|phone\u00bb custom_css_main_element_tablet=\u00bbdisplay: flex;||flex-direction: column;||justify-content: center;\u00bb custom_css_main_element_phone=\u00bbdisplay: flex;||flex-direction: column;||justify-content: center;\u00bb][et_pb_row custom_padding_last_edited=\u00bbon|desktop\u00bb _builder_version=\u00bb4.24.3&#8243; _module_preset=\u00bbdefault\u00bb width=\u00bb30%\u00bb width_tablet=\u00bb60%\u00bb width_phone=\u00bb80%\u00bb width_last_edited=\u00bbon|phone\u00bb max_width=\u00bb2560px\u00bb custom_padding=\u00bb||||false|false\u00bb custom_padding_tablet=\u00bb||||false|false\u00bb custom_padding_phone=\u00bb||||false|false\u00bb global_colors_info=\u00bb{}\u00bb][et_pb_column type=\u00bb4_4&#8243; _builder_version=\u00bb4.23.4&#8243; _module_preset=\u00bbdefault\u00bb global_colors_info=\u00bb{}\u00bb][et_pb_cta button_url=\u00bb\/handsip\/contacto\/solicitud-de-informacion\/\u00bb button_text=\u00bb\u00bfHablamos?\u00bb _builder_version=\u00bb4.27.0&#8243; _module_preset=\u00bbdefault\u00bb header_font=\u00bb||||||||\u00bb header_text_color=\u00bb#2e414f\u00bb header_font_size=\u00bb28px\u00bb body_text_align=\u00bbcenter\u00bb body_text_color=\u00bb#2e414f\u00bb body_font_size=\u00bb28px\u00bb body_line_height=\u00bb1em\u00bb background_color=\u00bbrgba(255,255,255,0.9)\u00bb header_font_size_tablet=\u00bb26px\u00bb header_font_size_phone=\u00bb21px\u00bb header_font_size_last_edited=\u00bbon|phone\u00bb body_font_size_tablet=\u00bb26px\u00bb body_font_size_phone=\u00bb21px\u00bb body_font_size_last_edited=\u00bbon|phone\u00bb border_radii=\u00bbon|50px|50px|50px|50px\u00bb global_colors_info=\u00bb{}\u00bb]<\/p>\n<p>Te ayudamos con los Proyectos Tecnol\u00f3gicos de tus Clientes<\/p>\n<p>[\/et_pb_cta][\/et_pb_column][\/et_pb_row][\/et_pb_section][et_pb_section fb_built=\u00bb1&#8243; _builder_version=\u00bb4.25.0&#8243; _module_preset=\u00bbdefault\u00bb custom_padding=\u00bb||||false|false\u00bb global_module=\u00bb39858&#8243; global_colors_info=\u00bb{}\u00bb][et_pb_row _builder_version=\u00bb4.23.4&#8243; _module_preset=\u00bbdefault\u00bb width=\u00bb65%\u00bb width_tablet=\u00bb85%\u00bb width_phone=\u00bb90%\u00bb width_last_edited=\u00bbon|phone\u00bb max_width=\u00bb2560px\u00bb global_colors_info=\u00bb{}\u00bb][et_pb_column type=\u00bb4_4&#8243; _builder_version=\u00bb4.23.4&#8243; _module_preset=\u00bbdefault\u00bb global_colors_info=\u00bb{}\u00bb][et_pb_blurb title=\u00bbComprometidos contigo y con el planeta\u00bb use_icon=\u00bbon\u00bb content_max_width=\u00bb100%\u00bb _builder_version=\u00bb4.27.0&#8243; _module_preset=\u00bbdefault\u00bb header_level=\u00bbh2&#8243; header_font=\u00bbAlhambra||||||||\u00bb header_text_align=\u00bbcenter\u00bb header_font_size=\u00bb40px\u00bb header_font_size_tablet=\u00bb32px\u00bb header_font_size_phone=\u00bb28px\u00bb header_font_size_last_edited=\u00bbon|desktop\u00bb body_font_size_tablet=\u00bb\u00bb body_font_size_phone=\u00bb15px\u00bb body_font_size_last_edited=\u00bbon|tablet\u00bb custom_css_blurb_title=\u00bbpadding-bottom:25px\u00bb global_colors_info=\u00bb{}\u00bb]<\/p>\n<p>Nos alineamos con los requisitos y exigencias que vuestra organizaci\u00f3n asume d\u00eda a d\u00eda, tanto por la actividad del negocio y de los clientes, como por el entorno regulatorio en el que oper\u00e1is. Y nuestro compromiso tambi\u00e9n est\u00e1 con el planeta: somos una organizaci\u00f3n <strong>Neutral CO2<\/strong>. Eliminamos o compensamos todas las emisiones producidas por nuestra actividad tecnol\u00f3gica.<\/p>\n<p>[\/et_pb_blurb][et_pb_image src=\u00bbhttps:\/\/alhambrait.com\/handsip\/wp-content\/uploads\/2024\/04\/logos_calidad_appplus_2024.png\u00bb alt=\u00bbProcesos Certificados en Espa\u00f1a\u00bb title_text=\u00bblogos_calidad_appplus_2024_mobile\u00bb align=\u00bbcenter\u00bb src_tablet=\u00bbhttps:\/\/alhambrait.com\/handsip\/wp-content\/uploads\/2024\/04\/logos_calidad_appplus_2024_tablet.png\u00bb src_phone=\u00bbhttps:\/\/alhambrait.com\/handsip\/wp-content\/uploads\/2024\/04\/logos_calidad_appplus_2024_mobile.png\u00bb src_last_edited=\u00bbon|phone\u00bb _builder_version=\u00bb4.24.3&#8243; _module_preset=\u00bbdefault\u00bb global_colors_info=\u00bb{}\u00bb][\/et_pb_image][\/et_pb_column][\/et_pb_row][\/et_pb_section]<\/p>\n","protected":false},"excerpt":{"rendered":"<p>Soluciones de Voz espec\u00edficas seg\u00fan las necesidades de tus clientes: mensajer\u00eda, integraciones, grabaci\u00f3n de llamadas\u2026Te ayudamos con los Proyectos Tecnol\u00f3gicos de tus ClientesNos alineamos con los requisitos y exigencias que vuestra organizaci\u00f3n asume d\u00eda a d\u00eda, tanto por la actividad del negocio y de los clientes, como por el entorno regulatorio en el que oper\u00e1is. [&hellip;]<\/p>\n","protected":false},"author":1,"featured_media":0,"parent":0,"menu_order":0,"comment_status":"closed","ping_status":"closed","template":"","meta":{"_et_pb_use_builder":"on","_et_pb_old_content":"","_et_gb_content_width":"","footnotes":""},"class_list":["post-12200","page","type-page","status-publish","hentry"],"yoast_head":"<!-- This site is optimized with the Yoast SEO plugin v27.2 - https:\/\/yoast.com\/product\/yoast-seo-wordpress\/ -->\n<title>Soluciones de Voz seguras en la Nube<\/title>\n<meta name=\"description\" content=\"Soluciones de Voz seguras en la nube que mejoran tus comunicaciones: handVox, Teams y Webex integration, handCare y grabaci\u00f3n de llamadas.\" \/>\n<meta name=\"robots\" content=\"index, follow, max-snippet:-1, max-image-preview:large, max-video-preview:-1\" \/>\n<link rel=\"canonical\" href=\"https:\/\/www.alhambrait.com\/handsip\/soluciones\/\" \/>\n<meta property=\"og:locale\" content=\"es_ES\" \/>\n<meta property=\"og:type\" content=\"article\" \/>\n<meta property=\"og:title\" content=\"Soluciones de Voz seguras en la Nube\" \/>\n<meta property=\"og:description\" content=\"Soluciones de Voz seguras en la nube que mejoran tus comunicaciones: handVox, Teams y Webex integration, handCare y grabaci\u00f3n de llamadas.\" \/>\n<meta property=\"og:url\" content=\"https:\/\/www.alhambrait.com\/handsip\/soluciones\/\" \/>\n<meta property=\"og:site_name\" content=\"handSIP\" \/>\n<meta property=\"article:modified_time\" content=\"2025-03-03T15:37:41+00:00\" \/>\n<meta name=\"twitter:card\" content=\"summary_large_image\" \/>\n<meta name=\"twitter:label1\" content=\"Tiempo de lectura\" \/>\n\t<meta name=\"twitter:data1\" content=\"2 minutos\" \/>\n<script type=\"application\/ld+json\" class=\"yoast-schema-graph\">{\"@context\":\"https:\/\/schema.org\",\"@graph\":[{\"@type\":\"WebPage\",\"@id\":\"https:\/\/www.alhambrait.com\/handsip\/soluciones\/\",\"url\":\"https:\/\/www.alhambrait.com\/handsip\/soluciones\/\",\"name\":\"Soluciones de Voz seguras en la Nube\",\"isPartOf\":{\"@id\":\"https:\/\/www.alhambrait.com\/handsip\/#website\"},\"datePublished\":\"2024-01-31T08:05:29+00:00\",\"dateModified\":\"2025-03-03T15:37:41+00:00\",\"description\":\"Soluciones de Voz seguras en la nube que mejoran tus comunicaciones: handVox, Teams y Webex integration, handCare y grabaci\u00f3n de llamadas.\",\"breadcrumb\":{\"@id\":\"https:\/\/www.alhambrait.com\/handsip\/soluciones\/#breadcrumb\"},\"inLanguage\":\"es\",\"potentialAction\":[{\"@type\":\"ReadAction\",\"target\":[\"https:\/\/www.alhambrait.com\/handsip\/soluciones\/\"]}]},{\"@type\":\"BreadcrumbList\",\"@id\":\"https:\/\/www.alhambrait.com\/handsip\/soluciones\/#breadcrumb\",\"itemListElement\":[{\"@type\":\"ListItem\",\"position\":1,\"name\":\"Portada\",\"item\":\"https:\/\/www.alhambrait.com\/handsip\/\"},{\"@type\":\"ListItem\",\"position\":2,\"name\":\"Soluciones\"}]},{\"@type\":\"WebSite\",\"@id\":\"https:\/\/www.alhambrait.com\/handsip\/#website\",\"url\":\"https:\/\/www.alhambrait.com\/handsip\/\",\"name\":\"handSIP\",\"description\":\"Servicios Seguros de Voz para el Canal\",\"potentialAction\":[{\"@type\":\"SearchAction\",\"target\":{\"@type\":\"EntryPoint\",\"urlTemplate\":\"https:\/\/www.alhambrait.com\/handsip\/?s={search_term_string}\"},\"query-input\":{\"@type\":\"PropertyValueSpecification\",\"valueRequired\":true,\"valueName\":\"search_term_string\"}}],\"inLanguage\":\"es\"}]}<\/script>\n<!-- \/ Yoast SEO plugin. -->","yoast_head_json":{"title":"Soluciones de Voz seguras en la Nube","description":"Soluciones de Voz seguras en la nube que mejoran tus comunicaciones: handVox, Teams y Webex integration, handCare y grabaci\u00f3n de llamadas.","robots":{"index":"index","follow":"follow","max-snippet":"max-snippet:-1","max-image-preview":"max-image-preview:large","max-video-preview":"max-video-preview:-1"},"canonical":"https:\/\/www.alhambrait.com\/handsip\/soluciones\/","og_locale":"es_ES","og_type":"article","og_title":"Soluciones de Voz seguras en la Nube","og_description":"Soluciones de Voz seguras en la nube que mejoran tus comunicaciones: handVox, Teams y Webex integration, handCare y grabaci\u00f3n de llamadas.","og_url":"https:\/\/www.alhambrait.com\/handsip\/soluciones\/","og_site_name":"handSIP","article_modified_time":"2025-03-03T15:37:41+00:00","twitter_card":"summary_large_image","twitter_misc":{"Tiempo de lectura":"2 minutos"},"schema":{"@context":"https:\/\/schema.org","@graph":[{"@type":"WebPage","@id":"https:\/\/www.alhambrait.com\/handsip\/soluciones\/","url":"https:\/\/www.alhambrait.com\/handsip\/soluciones\/","name":"Soluciones de Voz seguras en la Nube","isPartOf":{"@id":"https:\/\/www.alhambrait.com\/handsip\/#website"},"datePublished":"2024-01-31T08:05:29+00:00","dateModified":"2025-03-03T15:37:41+00:00","description":"Soluciones de Voz seguras en la nube que mejoran tus comunicaciones: handVox, Teams y Webex integration, handCare y grabaci\u00f3n de llamadas.","breadcrumb":{"@id":"https:\/\/www.alhambrait.com\/handsip\/soluciones\/#breadcrumb"},"inLanguage":"es","potentialAction":[{"@type":"ReadAction","target":["https:\/\/www.alhambrait.com\/handsip\/soluciones\/"]}]},{"@type":"BreadcrumbList","@id":"https:\/\/www.alhambrait.com\/handsip\/soluciones\/#breadcrumb","itemListElement":[{"@type":"ListItem","position":1,"name":"Portada","item":"https:\/\/www.alhambrait.com\/handsip\/"},{"@type":"ListItem","position":2,"name":"Soluciones"}]},{"@type":"WebSite","@id":"https:\/\/www.alhambrait.com\/handsip\/#website","url":"https:\/\/www.alhambrait.com\/handsip\/","name":"handSIP","description":"Servicios Seguros de Voz para el Canal","potentialAction":[{"@type":"SearchAction","target":{"@type":"EntryPoint","urlTemplate":"https:\/\/www.alhambrait.com\/handsip\/?s={search_term_string}"},"query-input":{"@type":"PropertyValueSpecification","valueRequired":true,"valueName":"search_term_string"}}],"inLanguage":"es"}]}},"_links":{"self":[{"href":"https:\/\/www.alhambrait.com\/handsip\/wp-json\/wp\/v2\/pages\/12200","targetHints":{"allow":["GET"]}}],"collection":[{"href":"https:\/\/www.alhambrait.com\/handsip\/wp-json\/wp\/v2\/pages"}],"about":[{"href":"https:\/\/www.alhambrait.com\/handsip\/wp-json\/wp\/v2\/types\/page"}],"author":[{"embeddable":true,"href":"https:\/\/www.alhambrait.com\/handsip\/wp-json\/wp\/v2\/users\/1"}],"replies":[{"embeddable":true,"href":"https:\/\/www.alhambrait.com\/handsip\/wp-json\/wp\/v2\/comments?post=12200"}],"version-history":[{"count":13,"href":"https:\/\/www.alhambrait.com\/handsip\/wp-json\/wp\/v2\/pages\/12200\/revisions"}],"predecessor-version":[{"id":42002,"href":"https:\/\/www.alhambrait.com\/handsip\/wp-json\/wp\/v2\/pages\/12200\/revisions\/42002"}],"wp:attachment":[{"href":"https:\/\/www.alhambrait.com\/handsip\/wp-json\/wp\/v2\/media?parent=12200"}],"curies":[{"name":"wp","href":"https:\/\/api.w.org\/{rel}","templated":true}]}}