{"id":12126,"date":"2024-01-30T08:01:20","date_gmt":"2024-01-30T08:01:20","guid":{"rendered":"https:\/\/alhambrait.com\/handsip\/?page_id=12126"},"modified":"2026-03-23T16:40:02","modified_gmt":"2026-03-23T16:40:02","slug":"aviso-legal","status":"publish","type":"page","link":"https:\/\/www.alhambrait.com\/handsip\/aviso-legal\/","title":{"rendered":"Aviso Legal"},"content":{"rendered":"<p>[et_pb_section fb_built=\u00bb1&#8243; prev_background_color=\u00bb#ffffff\u00bb next_background_color=\u00bb#ffffff\u00bb _builder_version=\u00bb4.24.0&#8243; _module_preset=\u00bbdefault\u00bb background_color=\u00bbRGBA(255,255,255,0)\u00bb background_image=\u00bbhttps:\/\/alhambrait.com\/handsip\/wp-content\/uploads\/2024\/01\/banner_aviso_legal_1920.jpg\u00bb min_height=\u00bb500px\u00bb height=\u00bb500px\u00bb max_height=\u00bb500px\u00bb top_divider_style=\u00bbwaves2&#8243; top_divider_height=\u00bb75px\u00bb top_divider_height_tablet=\u00bb50px\u00bb top_divider_height_phone=\u00bb25px\u00bb top_divider_height_last_edited=\u00bbon|tablet\u00bb bottom_divider_style=\u00bbarrow2&#8243; bottom_divider_height=\u00bb75px\u00bb bottom_divider_height_tablet=\u00bb50px\u00bb bottom_divider_height_phone=\u00bb25px\u00bb bottom_divider_height_last_edited=\u00bbon|phone\u00bb background_last_edited=\u00bbon|phone\u00bb background_image_tablet=\u00bbhttps:\/\/alhambrait.com\/handsip\/wp-content\/uploads\/2024\/01\/banner_aviso_legal_1200.jpg\u00bb background_image_phone=\u00bbhttps:\/\/alhambrait.com\/handsip\/wp-content\/uploads\/2024\/01\/banner_aviso_legal_500.jpg\u00bb background_enable_image_tablet=\u00bbon\u00bb background_enable_image_phone=\u00bbon\u00bb custom_css_main_element=\u00bbdisplay: flex;||flex-direction: column;||justify-content: center;\u00bb global_colors_info=\u00bb{}\u00bb custom_css_main_element_last_edited=\u00bbon|phone\u00bb custom_css_main_element_tablet=\u00bbdisplay: flex;||flex-direction: column;||justify-content: center;\u00bb custom_css_main_element_phone=\u00bbdisplay: flex;||flex-direction: column;||justify-content: center;\u00bb][et_pb_row custom_padding_last_edited=\u00bbon|desktop\u00bb _builder_version=\u00bb4.24.0&#8243; _module_preset=\u00bbdefault\u00bb width_tablet=\u00bb90%\u00bb width_phone=\u00bb80%\u00bb width_last_edited=\u00bbon|phone\u00bb max_width=\u00bb2560px\u00bb custom_padding=\u00bb||||false|false\u00bb custom_padding_tablet=\u00bb||||false|false\u00bb custom_padding_phone=\u00bb||||false|false\u00bb global_colors_info=\u00bb{}\u00bb][et_pb_column type=\u00bb4_4&#8243; _builder_version=\u00bb4.23.4&#8243; _module_preset=\u00bbdefault\u00bb global_colors_info=\u00bb{}\u00bb][et_pb_blurb title=\u00bbAviso Legal\u00bb use_icon=\u00bbon\u00bb content_max_width=\u00bb100%\u00bb _builder_version=\u00bb4.24.3&#8243; _module_preset=\u00bbdefault\u00bb header_level=\u00bbh1&#8243; header_font=\u00bbAlhambra||||||||\u00bb header_text_align=\u00bbright\u00bb header_text_color=\u00bb#FFFFFF\u00bb header_font_size=\u00bb48px\u00bb custom_margin_tablet=\u00bb\u00bb custom_margin_phone=\u00bb||||false|false\u00bb custom_margin_last_edited=\u00bbon|phone\u00bb custom_padding=\u00bb|60%|||false|false\u00bb custom_padding_tablet=\u00bb|65%|||false|false\u00bb custom_padding_phone=\u00bb|0%|||false|false\u00bb custom_padding_last_edited=\u00bbon|phone\u00bb header_text_align_tablet=\u00bbright\u00bb header_text_align_phone=\u00bbcenter\u00bb header_text_align_last_edited=\u00bbon|desktop\u00bb header_font_size_tablet=\u00bb35px\u00bb header_font_size_phone=\u00bb30px\u00bb header_font_size_last_edited=\u00bbon|phone\u00bb header_text_shadow_style=\u00bbpreset3&#8243; header_text_shadow_blur_strength=\u00bb0.5em\u00bb global_colors_info=\u00bb{}\u00bb][\/et_pb_blurb][\/et_pb_column][\/et_pb_row][\/et_pb_section][et_pb_section fb_built=\u00bb1&#8243; _builder_version=\u00bb4.24.0&#8243; _module_preset=\u00bbdefault\u00bb custom_padding=\u00bb0px||0px||false|false\u00bb global_colors_info=\u00bb{}\u00bb][et_pb_row _builder_version=\u00bb4.24.0&#8243; _module_preset=\u00bbdefault\u00bb custom_padding=\u00bb||0px||false|false\u00bb global_colors_info=\u00bb{}\u00bb][et_pb_column type=\u00bb4_4&#8243; _builder_version=\u00bb4.24.0&#8243; _module_preset=\u00bbdefault\u00bb global_colors_info=\u00bb{}\u00bb][et_pb_text _builder_version=\u00bb4.24.0&#8243; _module_preset=\u00bbdefault\u00bb text_font_size=\u00bb15px\u00bb text_orientation=\u00bbcenter\u00bb custom_padding=\u00bb||||false|false\u00bb text_font_size_tablet=\u00bb15px\u00bb text_font_size_phone=\u00bb14px\u00bb text_font_size_last_edited=\u00bbon|phone\u00bb global_colors_info=\u00bb{}\u00bb]<\/p>\n<p><strong><a style=\"color: #f97e03;\" href=\"https:\/\/www.alhambrait.com\/handsip\/\">Inicio<\/a> <\/strong>&gt; Aviso legal<\/p>\n<p>[\/et_pb_text][et_pb_divider _builder_version=\u00bb4.24.0&#8243; _module_preset=\u00bbdefault\u00bb custom_margin=\u00bb-20px||||false|false\u00bb custom_padding=\u00bb0px||0px||false|false\u00bb global_colors_info=\u00bb{}\u00bb][\/et_pb_divider][\/et_pb_column][\/et_pb_row][\/et_pb_section][et_pb_section fb_built=\u00bb1&#8243; custom_padding_last_edited=\u00bbon|desktop\u00bb admin_label=\u00bbSecci\u00f3n\u00bb _builder_version=\u00bb4.24.0&#8243; background_color=\u00bb#ffffff\u00bb custom_padding=\u00bb0px||||false|false\u00bb custom_padding_tablet=\u00bb50px|0|50px|0&#8243; custom_padding_phone=\u00bb\u00bb custom_css_main_element=\u00bbborder: 1px;\u00bb transparent_background=\u00bboff\u00bb make_fullwidth=\u00bboff\u00bb use_custom_width=\u00bboff\u00bb width_unit=\u00bbon\u00bb global_colors_info=\u00bb{}\u00bb][et_pb_row admin_label=\u00bbFila\u00bb _builder_version=\u00bb4.16&#8243; background_size=\u00bbinitial\u00bb background_position=\u00bbtop_left\u00bb background_repeat=\u00bbrepeat\u00bb global_colors_info=\u00bb{}\u00bb][et_pb_column type=\u00bb4_4&#8243; _builder_version=\u00bb4.16&#8243; custom_padding=\u00bb|||\u00bb global_colors_info=\u00bb{}\u00bb custom_padding__hover=\u00bb|||\u00bb][et_pb_blurb title=\u00bbAviso Legal\u00bb use_icon=\u00bbon\u00bb image_icon_width=\u00bb79px\u00bb content_max_width=\u00bb100%\u00bb _builder_version=\u00bb4.24.3&#8243; _module_preset=\u00bbdefault\u00bb header_level=\u00bbh3&#8243; header_font=\u00bbAlhambra||||||||\u00bb header_text_align=\u00bbcenter\u00bb header_font_size=\u00bb40px\u00bb header_font_size_tablet=\u00bb32px\u00bb header_font_size_phone=\u00bb28px\u00bb header_font_size_last_edited=\u00bbon|phone\u00bb body_font_size_tablet=\u00bb\u00bb body_font_size_phone=\u00bb15px\u00bb body_font_size_last_edited=\u00bbon|phone\u00bb custom_css_blurb_title=\u00bbpadding-bottom:25px\u00bb global_colors_info=\u00bb{}\u00bb][\/et_pb_blurb][et_pb_text _builder_version=\u00bb4.27.6&#8243; _module_preset=\u00bbdefault\u00bb hover_enabled=\u00bb0&#8243; global_colors_info=\u00bb{}\u00bb sticky_enabled=\u00bb0&#8243;]<\/p>\n<div class=\"et_pb_column et_pb_column_4_4 et_pb_column_0 et_pb_css_mix_blend_mode_passthrough et-last-child\">\n<div class=\"et_pb_module et_pb_text et_pb_text_0 et_pb_text_align_left et_pb_bg_layout_light\">\n<div class=\"et_pb_text_inner\">\n<h2><span class=\"morado-corporativo\">1. El aviso legal y su aceptaci\u00f3n<\/span><\/h2>\n<p>El presente aviso legal regula el acceso a los contenidos en el Portal de Internet <a class=\"morado-corporativo\" href=\"https:\/\/www.alhambrait.com\/handsip\/\" target=\"_blank\" rel=\"noopener noreferrer\"><strong>www.handsip.com<\/strong><\/a> (en adelante, el \u00ab<strong>Portal<\/strong>\u00ab) que Alhambra Systems (en adelante \u00ab<strong>Alhambra<\/strong>\u00ab) pone a su disposici\u00f3n, as\u00ed como al resto de informaci\u00f3n contenida en los sites publicados por Alhambra en Internet. Alhambra tiene su domicilio social en la C\/Albasanz 16, 4\u00aaplanta, Edificio Antalia, 28037, Madrid. La utilizaci\u00f3n del Portal le atribuye a Ud. la condici\u00f3n de usuario del Portal (en adelante, el \u00ab<strong>Usuario<\/strong>\u00ab) e implica la aceptaci\u00f3n plena y sin reservas de todas y cada una de las disposiciones incluidas en este Aviso Legal. Alhambra tiene el derecho de modificar sin previo aviso, siempre que lo considere oportuno el contenido del portal tanto en dise\u00f1o y estructura como en contenido.<\/p>\n<h2><span class=\"morado-corporativo\">2. Objeto<\/span><\/h2>\n<p>A trav\u00e9s del Portal, Alhambra facilita a los Usuarios el acceso y la utilizaci\u00f3n de diversos contenidos.<\/p>\n<h2><span class=\"morado-corporativo\">3. Condiciones de acceso y utilizaci\u00f3n del portal<\/span><\/h2>\n<p>Alhambra no asumir\u00e1 ninguna responsabilidad derivada del uso por terceros del contenido del portal y podr\u00e1 ejercitar todas las acciones civiles o penales que le correspondan en caso de infracci\u00f3n de estos derechos por parte del usuario. Est\u00e1 absolutamente prohibido, el uso del portal o de alguno de sus elementos con fines il\u00edcitos. El conjunto de condiciones de acceso para el uso del portal est\u00e1n incluidas en el presente aviso legal.<\/p>\n<h2><span class=\"morado-corporativo\">4. Propiedad intelectual e industrial sobre los contenidos del portal<\/span><\/h2>\n<p>La estructura del portal, su dise\u00f1o y el c\u00f3digo fuente del mismo, as\u00ed como los logos y marcas que en \u00e9l se incluyen son titularidad de Alhambra o de terceros que nos han autorizado su uso, y est\u00e1n protegidos por la normativa de propiedad intelectual e industrial. No se podr\u00e1n realizar actos de reproducci\u00f3n, modificaci\u00f3n, distribuci\u00f3n, comunicaci\u00f3n p\u00fablica y, en general, cualquier otra forma de explotaci\u00f3n, por cualquier procedimiento, de estos elementos sin el previo consentimiento por escrito de Alhambra. Los hiperenlaces contenidos en el portal pueden dirigir a p\u00e1ginas web de terceros. Alhambra no asume ninguna responsabilidad por el contenido, informaciones o servicios que pudieran aparecer o prestarse en dichos sitios.<\/p>\n<h2><span class=\"morado-corporativo\">5. Disponibilidad y continuidad, utilidad y fiabilidad<\/span><\/h2>\n<p>Alhambra excluye cualquier responsabilidad por los da\u00f1os y perjuicios de cualquier tipo que puedan deberse a la falta de disponibilidad o de continuidad del funcionamiento del portal.<\/p>\n<p>Alhambra excluye cualquier responsabilidad por los da\u00f1os y perjuicios de cualquier tipo que puedan deberse a la presencia de virus o la presencia de otros elementos en los contenidos que puedan producir alteraciones en el sistema inform\u00e1tico o en los ficheros de los usuarios.<\/p>\n<h2><span class=\"morado-corporativo\">6. Protecci\u00f3n de datos de car\u00e1cter personal<\/span><\/h2>\n<p>Alhambra Systems es la entidad responsable de toda la informaci\u00f3n de car\u00e1cter personal suministrada por los usuarios de su portal.<\/p>\n<p>Consulte nuestra <a class=\"morado-corporativo\" href=\"https:\/\/www.alhambrait.com\/politica-de-privacidad\/\" target=\"_blank\" rel=\"noopener noreferrer\"><strong>Pol\u00edtica de Privacidad de Alhambra<\/strong><\/a> y como ejercer sus derechos en el siguiente <a class=\"morado-corporativo\" href=\"https:\/\/www.alhambrait.com\/gestion-datos-personales\/\" target=\"_blank\" rel=\"noopener noreferrer\"><strong>enlace<\/strong><\/a>.<\/p>\n<h2><span class=\"morado-corporativo\">7. Notificaciones<\/span><\/h2>\n<p>Todas las notificaciones y comunicaciones por parte del Usuario a Alhambra se considerar\u00e1n eficaces, a todos los efectos, cuando se dirijan al Servicio de Atenci\u00f3n al Cliente de alguna de las siguientes formas: (<strong>a<\/strong>) Env\u00edo por correo postal a la siguiente direcci\u00f3n: C\/Albasanz 16, 4\u00aaplanta, Edificio Antalia, 28037, Madrid; (<strong>b<\/strong>) Comunicaci\u00f3n por medio de una llamada telef\u00f3nica al n\u00famero de tel\u00e9fono:+34 91 787 23 00; y (c) Env\u00edo por correo electr\u00f3nico a la siguiente direcci\u00f3n: <strong><a class=\"morado-corporativo\" href=\"mailto:cumplimiento@alhambrait.com\" target=\"_blank\" rel=\"noopener noreferrer\">cumplimiento@alhambraIT.com<\/a><\/strong><\/p>\n<p>Todas las Notificaciones por parte de Alhambra al Usuario se considerar\u00e1n eficaces, a todos los efectos, cuando se realicen de alguna de las maneras anteriores, siempre y cuando esta informaci\u00f3n haya sido previamente puesta en conocimiento de Alhambra por los usuarios y verificada su identidad. A estos efectos, el Usuario manifiesta que todos los datos facilitados por \u00e9l son ciertos y correctos, y se compromete a comunicar a Alhambra todos los cambios relativos a los datos de notificaci\u00f3n.<\/p>\n<h2><span class=\"morado-corporativo\">8. Duraci\u00f3n y terminaci\u00f3n<\/span><\/h2>\n<p>Las prestaciones del Portal y de los dem\u00e1s Servicios tienen, en principio, una duraci\u00f3n indefinida. Alhambra est\u00e1 autorizada para suspender estas prestaciones. Cuando ello sea razonablemente posible, advertir\u00e1 previamente la terminaci\u00f3n o suspensi\u00f3n del servicio del Portal.<\/p>\n<h2><span class=\"morado-corporativo\">9. Exclusi\u00f3n de responsabilidad<\/span><\/h2>\n<p>A pesar de poner nuestra m\u00e1xima voluntad e inter\u00e9s en trasladar una informaci\u00f3n correcta y fidedigna, Alhambra no se responsabiliza de los eventuales errores tipogr\u00e1ficos, formales o num\u00e9ricos que pueda contener el portal, ni de la exactitud de la informaci\u00f3n contenida en \u00e9l.<\/p>\n<h2><span class=\"morado-corporativo\">10. Legislaci\u00f3n aplicable<\/span><\/h2>\n<p>El presente Aviso Legal se rige en todos y cada uno de sus extremos por la Ley de Servicios de la Sociedad de la Informaci\u00f3n y de Comercio Electr\u00f3nico (LSSI), que ha sido elaborada por la Secretar\u00eda de Estado de Telecomunicaciones y para la Sociedad de la Informaci\u00f3n del Ministerio de Industria, Energ\u00eda y Turismo.<br \/>Igualmente los aspectos relativos al tratamiento de datos personales e identificables se basan en la regulaci\u00f3n vigente en materia de datos personales.<\/p>\n<p>Para cualquier sugerencia escr\u00edbanos por correo electr\u00f3nico a: <strong><a class=\"morado-corporativo\" href=\"mailto:cumplimiento@alhambrait.com\" target=\"_blank\" rel=\"noopener noreferrer\">cumplimiento@alhambraIT.com<\/a><\/strong><\/p>\n<p>&nbsp;<\/p>\n<\/div>\n<\/div>\n<\/div>\n<p>[\/et_pb_text][\/et_pb_column][\/et_pb_row][\/et_pb_section][et_pb_section fb_built=\u00bb1&#8243; _builder_version=\u00bb4.24.3&#8243; _module_preset=\u00bbdefault\u00bb background_color=\u00bbRGBA(255,255,255,0)\u00bb background_image=\u00bbhttps:\/\/alhambrait.com\/handsip\/wp-content\/uploads\/2024\/01\/destacado_contacto_1920.jpg\u00bb min_height=\u00bb450px\u00bb height=\u00bb450px\u00bb max_height=\u00bb450px\u00bb top_divider_style=\u00bbarrow2&#8243; top_divider_color=\u00bb#FFFFFF\u00bb top_divider_height=\u00bb75px\u00bb top_divider_height_tablet=\u00bb50px\u00bb top_divider_height_phone=\u00bb25px\u00bb top_divider_height_last_edited=\u00bbon|desktop\u00bb bottom_divider_style=\u00bbarrow2&#8243; bottom_divider_color=\u00bb#FFFFFF\u00bb bottom_divider_height=\u00bb75px\u00bb bottom_divider_height_tablet=\u00bb50px\u00bb bottom_divider_height_phone=\u00bb25px\u00bb bottom_divider_height_last_edited=\u00bbon|phone\u00bb background_last_edited=\u00bbon|phone\u00bb background_image_tablet=\u00bbhttps:\/\/alhambrait.com\/handsip\/wp-content\/uploads\/2024\/01\/destacado_contacto_1200.jpg\u00bb background_image_phone=\u00bbhttps:\/\/alhambrait.com\/handsip\/wp-content\/uploads\/2024\/01\/destacado_contacto_500.jpg\u00bb background_enable_image_tablet=\u00bbon\u00bb background_enable_image_phone=\u00bbon\u00bb custom_css_main_element=\u00bbdisplay: flex;||flex-direction: column;||justify-content: center;\u00bb global_module=\u00bb12142&#8243; saved_tabs=\u00bball\u00bb global_colors_info=\u00bb{}\u00bb custom_css_main_element_last_edited=\u00bbon|phone\u00bb custom_css_main_element_tablet=\u00bbdisplay: flex;||flex-direction: column;||justify-content: center;\u00bb custom_css_main_element_phone=\u00bbdisplay: flex;||flex-direction: column;||justify-content: center;\u00bb][et_pb_row custom_padding_last_edited=\u00bbon|desktop\u00bb _builder_version=\u00bb4.24.3&#8243; _module_preset=\u00bbdefault\u00bb width=\u00bb30%\u00bb width_tablet=\u00bb60%\u00bb width_phone=\u00bb80%\u00bb width_last_edited=\u00bbon|phone\u00bb max_width=\u00bb2560px\u00bb custom_padding=\u00bb||||false|false\u00bb custom_padding_tablet=\u00bb||||false|false\u00bb custom_padding_phone=\u00bb||||false|false\u00bb global_colors_info=\u00bb{}\u00bb][et_pb_column type=\u00bb4_4&#8243; _builder_version=\u00bb4.23.4&#8243; _module_preset=\u00bbdefault\u00bb global_colors_info=\u00bb{}\u00bb][et_pb_cta button_url=\u00bb\/handsip\/contacto\/solicitud-de-informacion\/\u00bb button_text=\u00bb\u00bfHablamos?\u00bb _builder_version=\u00bb4.27.0&#8243; _module_preset=\u00bbdefault\u00bb header_font=\u00bb||||||||\u00bb header_text_color=\u00bb#2e414f\u00bb header_font_size=\u00bb28px\u00bb body_text_align=\u00bbcenter\u00bb body_text_color=\u00bb#2e414f\u00bb body_font_size=\u00bb28px\u00bb body_line_height=\u00bb1em\u00bb background_color=\u00bbrgba(255,255,255,0.9)\u00bb header_font_size_tablet=\u00bb26px\u00bb header_font_size_phone=\u00bb21px\u00bb header_font_size_last_edited=\u00bbon|phone\u00bb body_font_size_tablet=\u00bb26px\u00bb body_font_size_phone=\u00bb21px\u00bb body_font_size_last_edited=\u00bbon|phone\u00bb border_radii=\u00bbon|50px|50px|50px|50px\u00bb global_colors_info=\u00bb{}\u00bb]<\/p>\n<p>Te ayudamos con los Proyectos Tecnol\u00f3gicos de tus Clientes<\/p>\n<p>[\/et_pb_cta][\/et_pb_column][\/et_pb_row][\/et_pb_section][et_pb_section fb_built=\u00bb1&#8243; _builder_version=\u00bb4.27.4&#8243; _module_preset=\u00bbdefault\u00bb custom_padding=\u00bb||||false|false\u00bb global_module=\u00bb39858&#8243; global_colors_info=\u00bb{}\u00bb][et_pb_row _builder_version=\u00bb4.23.4&#8243; _module_preset=\u00bbdefault\u00bb width=\u00bb65%\u00bb width_tablet=\u00bb85%\u00bb width_phone=\u00bb90%\u00bb width_last_edited=\u00bbon|phone\u00bb max_width=\u00bb2560px\u00bb global_colors_info=\u00bb{}\u00bb][et_pb_column type=\u00bb4_4&#8243; _builder_version=\u00bb4.23.4&#8243; _module_preset=\u00bbdefault\u00bb global_colors_info=\u00bb{}\u00bb][et_pb_blurb title=\u00bbComprometidos contigo y con el planeta\u00bb use_icon=\u00bbon\u00bb content_max_width=\u00bb100%\u00bb _builder_version=\u00bb4.27.0&#8243; _module_preset=\u00bbdefault\u00bb header_level=\u00bbh2&#8243; header_font=\u00bbAlhambra||||||||\u00bb header_text_align=\u00bbcenter\u00bb header_font_size=\u00bb40px\u00bb header_font_size_tablet=\u00bb32px\u00bb header_font_size_phone=\u00bb28px\u00bb header_font_size_last_edited=\u00bbon|desktop\u00bb body_font_size_tablet=\u00bb\u00bb body_font_size_phone=\u00bb15px\u00bb body_font_size_last_edited=\u00bbon|tablet\u00bb custom_css_blurb_title=\u00bbpadding-bottom:25px\u00bb global_colors_info=\u00bb{}\u00bb]<\/p>\n<p>Nos alineamos con los requisitos y exigencias que vuestra organizaci\u00f3n asume d\u00eda a d\u00eda, tanto por la actividad del negocio y de los clientes, como por el entorno regulatorio en el que oper\u00e1is. Y nuestro compromiso tambi\u00e9n est\u00e1 con el planeta: somos una organizaci\u00f3n <strong>Neutral CO2<\/strong>. Eliminamos o compensamos todas las emisiones producidas por nuestra actividad tecnol\u00f3gica.<\/p>\n<p>[\/et_pb_blurb][et_pb_image src=\u00bbhttps:\/\/alhambrait.com\/handsip\/wp-content\/uploads\/2024\/04\/logos_calidad_appplus_2024.png\u00bb alt=\u00bbProcesos Certificados en Espa\u00f1a\u00bb title_text=\u00bblogos_calidad_appplus_2024_mobile\u00bb align=\u00bbcenter\u00bb src_tablet=\u00bbhttps:\/\/alhambrait.com\/handsip\/wp-content\/uploads\/2024\/04\/logos_calidad_appplus_2024_tablet.png\u00bb src_phone=\u00bbhttps:\/\/alhambrait.com\/handsip\/wp-content\/uploads\/2024\/04\/logos_calidad_appplus_2024_mobile.png\u00bb src_last_edited=\u00bbon|phone\u00bb _builder_version=\u00bb4.24.3&#8243; _module_preset=\u00bbdefault\u00bb global_colors_info=\u00bb{}\u00bb][\/et_pb_image][\/et_pb_column][\/et_pb_row][\/et_pb_section]<\/p>\n","protected":false},"excerpt":{"rendered":"<p>Inicio &gt; Aviso legal 1. El aviso legal y su aceptaci\u00f3n El presente aviso legal regula el acceso a los contenidos en el Portal de Internet www.handsip.com (en adelante, el \u00abPortal\u00ab) que Alhambra Systems (en adelante \u00abAlhambra\u00ab) pone a su disposici\u00f3n, as\u00ed como al resto de informaci\u00f3n contenida en los sites publicados por Alhambra en [&hellip;]<\/p>\n","protected":false},"author":1,"featured_media":0,"parent":0,"menu_order":0,"comment_status":"closed","ping_status":"closed","template":"","meta":{"_et_pb_use_builder":"on","_et_pb_old_content":"","_et_gb_content_width":"","footnotes":""},"class_list":["post-12126","page","type-page","status-publish","hentry"],"yoast_head":"<!-- This site is optimized with the Yoast SEO plugin v27.2 - https:\/\/yoast.com\/product\/yoast-seo-wordpress\/ -->\n<title>P\u00e1gina de Aviso Legal - handSIP<\/title>\n<meta name=\"description\" content=\"Esta es la p\u00e1gina de aviso legal del servicio handSIP de la empresa Alhambra IT\" \/>\n<meta name=\"robots\" content=\"index, follow, max-snippet:-1, max-image-preview:large, max-video-preview:-1\" \/>\n<link rel=\"canonical\" href=\"https:\/\/www.alhambrait.com\/handsip\/aviso-legal\/\" \/>\n<meta property=\"og:locale\" content=\"es_ES\" \/>\n<meta property=\"og:type\" content=\"article\" \/>\n<meta property=\"og:title\" content=\"P\u00e1gina de Aviso Legal - handSIP\" \/>\n<meta property=\"og:description\" content=\"Esta es la p\u00e1gina de aviso legal del servicio handSIP de la empresa Alhambra IT\" \/>\n<meta property=\"og:url\" content=\"https:\/\/www.alhambrait.com\/handsip\/aviso-legal\/\" \/>\n<meta property=\"og:site_name\" content=\"handSIP\" \/>\n<meta property=\"article:modified_time\" content=\"2026-03-23T16:40:02+00:00\" \/>\n<meta name=\"twitter:card\" content=\"summary_large_image\" \/>\n<meta name=\"twitter:label1\" content=\"Tiempo de lectura\" \/>\n\t<meta name=\"twitter:data1\" content=\"5 minutos\" \/>\n<script type=\"application\/ld+json\" class=\"yoast-schema-graph\">{\"@context\":\"https:\/\/schema.org\",\"@graph\":[{\"@type\":\"WebPage\",\"@id\":\"https:\/\/www.alhambrait.com\/handsip\/aviso-legal\/\",\"url\":\"https:\/\/www.alhambrait.com\/handsip\/aviso-legal\/\",\"name\":\"P\u00e1gina de Aviso Legal - handSIP\",\"isPartOf\":{\"@id\":\"https:\/\/www.alhambrait.com\/handsip\/#website\"},\"datePublished\":\"2024-01-30T08:01:20+00:00\",\"dateModified\":\"2026-03-23T16:40:02+00:00\",\"description\":\"Esta es la p\u00e1gina de aviso legal del servicio handSIP de la empresa Alhambra IT\",\"breadcrumb\":{\"@id\":\"https:\/\/www.alhambrait.com\/handsip\/aviso-legal\/#breadcrumb\"},\"inLanguage\":\"es\",\"potentialAction\":[{\"@type\":\"ReadAction\",\"target\":[\"https:\/\/www.alhambrait.com\/handsip\/aviso-legal\/\"]}]},{\"@type\":\"BreadcrumbList\",\"@id\":\"https:\/\/www.alhambrait.com\/handsip\/aviso-legal\/#breadcrumb\",\"itemListElement\":[{\"@type\":\"ListItem\",\"position\":1,\"name\":\"Portada\",\"item\":\"https:\/\/www.alhambrait.com\/handsip\/\"},{\"@type\":\"ListItem\",\"position\":2,\"name\":\"Aviso Legal\"}]},{\"@type\":\"WebSite\",\"@id\":\"https:\/\/www.alhambrait.com\/handsip\/#website\",\"url\":\"https:\/\/www.alhambrait.com\/handsip\/\",\"name\":\"handSIP\",\"description\":\"Servicios Seguros de Voz para el Canal\",\"potentialAction\":[{\"@type\":\"SearchAction\",\"target\":{\"@type\":\"EntryPoint\",\"urlTemplate\":\"https:\/\/www.alhambrait.com\/handsip\/?s={search_term_string}\"},\"query-input\":{\"@type\":\"PropertyValueSpecification\",\"valueRequired\":true,\"valueName\":\"search_term_string\"}}],\"inLanguage\":\"es\"}]}<\/script>\n<!-- \/ Yoast SEO plugin. -->","yoast_head_json":{"title":"P\u00e1gina de Aviso Legal - handSIP","description":"Esta es la p\u00e1gina de aviso legal del servicio handSIP de la empresa Alhambra IT","robots":{"index":"index","follow":"follow","max-snippet":"max-snippet:-1","max-image-preview":"max-image-preview:large","max-video-preview":"max-video-preview:-1"},"canonical":"https:\/\/www.alhambrait.com\/handsip\/aviso-legal\/","og_locale":"es_ES","og_type":"article","og_title":"P\u00e1gina de Aviso Legal - handSIP","og_description":"Esta es la p\u00e1gina de aviso legal del servicio handSIP de la empresa Alhambra IT","og_url":"https:\/\/www.alhambrait.com\/handsip\/aviso-legal\/","og_site_name":"handSIP","article_modified_time":"2026-03-23T16:40:02+00:00","twitter_card":"summary_large_image","twitter_misc":{"Tiempo de lectura":"5 minutos"},"schema":{"@context":"https:\/\/schema.org","@graph":[{"@type":"WebPage","@id":"https:\/\/www.alhambrait.com\/handsip\/aviso-legal\/","url":"https:\/\/www.alhambrait.com\/handsip\/aviso-legal\/","name":"P\u00e1gina de Aviso Legal - handSIP","isPartOf":{"@id":"https:\/\/www.alhambrait.com\/handsip\/#website"},"datePublished":"2024-01-30T08:01:20+00:00","dateModified":"2026-03-23T16:40:02+00:00","description":"Esta es la p\u00e1gina de aviso legal del servicio handSIP de la empresa Alhambra IT","breadcrumb":{"@id":"https:\/\/www.alhambrait.com\/handsip\/aviso-legal\/#breadcrumb"},"inLanguage":"es","potentialAction":[{"@type":"ReadAction","target":["https:\/\/www.alhambrait.com\/handsip\/aviso-legal\/"]}]},{"@type":"BreadcrumbList","@id":"https:\/\/www.alhambrait.com\/handsip\/aviso-legal\/#breadcrumb","itemListElement":[{"@type":"ListItem","position":1,"name":"Portada","item":"https:\/\/www.alhambrait.com\/handsip\/"},{"@type":"ListItem","position":2,"name":"Aviso Legal"}]},{"@type":"WebSite","@id":"https:\/\/www.alhambrait.com\/handsip\/#website","url":"https:\/\/www.alhambrait.com\/handsip\/","name":"handSIP","description":"Servicios Seguros de Voz para el Canal","potentialAction":[{"@type":"SearchAction","target":{"@type":"EntryPoint","urlTemplate":"https:\/\/www.alhambrait.com\/handsip\/?s={search_term_string}"},"query-input":{"@type":"PropertyValueSpecification","valueRequired":true,"valueName":"search_term_string"}}],"inLanguage":"es"}]}},"_links":{"self":[{"href":"https:\/\/www.alhambrait.com\/handsip\/wp-json\/wp\/v2\/pages\/12126","targetHints":{"allow":["GET"]}}],"collection":[{"href":"https:\/\/www.alhambrait.com\/handsip\/wp-json\/wp\/v2\/pages"}],"about":[{"href":"https:\/\/www.alhambrait.com\/handsip\/wp-json\/wp\/v2\/types\/page"}],"author":[{"embeddable":true,"href":"https:\/\/www.alhambrait.com\/handsip\/wp-json\/wp\/v2\/users\/1"}],"replies":[{"embeddable":true,"href":"https:\/\/www.alhambrait.com\/handsip\/wp-json\/wp\/v2\/comments?post=12126"}],"version-history":[{"count":23,"href":"https:\/\/www.alhambrait.com\/handsip\/wp-json\/wp\/v2\/pages\/12126\/revisions"}],"predecessor-version":[{"id":42432,"href":"https:\/\/www.alhambrait.com\/handsip\/wp-json\/wp\/v2\/pages\/12126\/revisions\/42432"}],"wp:attachment":[{"href":"https:\/\/www.alhambrait.com\/handsip\/wp-json\/wp\/v2\/media?parent=12126"}],"curies":[{"name":"wp","href":"https:\/\/api.w.org\/{rel}","templated":true}]}}