{"id":3288,"date":"2019-10-31T13:42:58","date_gmt":"2019-10-31T12:42:58","guid":{"rendered":"https:\/\/www.cloud.alhambrait.com\/?page_id=3288"},"modified":"2026-02-25T15:58:38","modified_gmt":"2026-02-25T14:58:38","slug":"presupuesto","status":"publish","type":"page","link":"https:\/\/www.alhambrait.com\/cloud\/hablamos\/presupuesto\/","title":{"rendered":"Presupuesto"},"content":{"rendered":"<p>[et_pb_section fb_built=\u00bb1&#8243; fullwidth=\u00bbon\u00bb _builder_version=\u00bb4.16&#8243; background_color=\u00bbrgba(0,0,0,0)\u00bb top_divider_style=\u00bbwave\u00bb top_divider_color=\u00bb#5619a3&#8243; top_divider_style_tablet=\u00bb\u00bb top_divider_style_phone=\u00bb\u00bb top_divider_style_last_edited=\u00bbon|tablet\u00bb top_divider_height_tablet=\u00bb75px\u00bb top_divider_height_phone=\u00bb50px\u00bb top_divider_height_last_edited=\u00bbon|phone\u00bb bottom_divider_style=\u00bbcurve\u00bb bottom_divider_color=\u00bb#ffffff\u00bb bottom_divider_height_tablet=\u00bb75px\u00bb bottom_divider_height_phone=\u00bb50px\u00bb bottom_divider_height_last_edited=\u00bbon|phone\u00bb global_colors_info=\u00bb{}\u00bb][et_pb_fullwidth_slider _builder_version=\u00bb4.16&#8243; background_color=\u00bbrgba(0,0,0,0)\u00bb background_enable_image=\u00bboff\u00bb content_width=\u00bb100%\u00bb min_height=\u00bb700px\u00bb min_height_tablet=\u00bb400px\u00bb min_height_phone=\u00bb350px\u00bb min_height_last_edited=\u00bbon|phone\u00bb hover_enabled=\u00bb0&#8243; header_text_shadow_style=\u00bbpreset3&#8243; global_colors_info=\u00bb{}\u00bb sticky_enabled=\u00bb0&#8243;][et_pb_slide heading=\u00bbPresupuesto\u00bb use_bg_overlay=\u00bboff\u00bb use_text_overlay=\u00bboff\u00bb _builder_version=\u00bb4.16&#8243; header_level=\u00bbh1&#8243; header_font=\u00bbAlhambra-IT||||||||\u00bb header_text_align=\u00bbcenter\u00bb header_font_size=\u00bb60px\u00bb background_color=\u00bbrgba(0,0,0,0)\u00bb background_enable_color=\u00bbon\u00bb background_image=\u00bbhttps:\/\/www.alhambrait.com\/cloud\/wp-content\/uploads\/2019\/12\/banner_solicitud_info.jpg\u00bb background_enable_image=\u00bbon\u00bb background_position=\u00bbtop_left\u00bb width_tablet=\u00bb\u00bb width_phone=\u00bb\u00bb width_last_edited=\u00bbon|tablet\u00bb custom_padding=\u00bb||||false|false\u00bb header_font_size_tablet=\u00bb40px\u00bb header_font_size_phone=\u00bb30px\u00bb header_font_size_last_edited=\u00bbon|phone\u00bb background_last_edited=\u00bboff|desktop\u00bb background_enable_image_tablet=\u00bboff\u00bb background_enable_image_phone=\u00bboff\u00bb custom_css_slide_description=\u00bbwidth: 50%;\u00bb header_text_shadow_style=\u00bbpreset3&#8243; global_colors_info=\u00bb{}\u00bb custom_css_main_element_last_edited=\u00bbon|desktop\u00bb custom_css_slide_description_last_edited=\u00bbon|phone\u00bb custom_css_slide_description_tablet=\u00bbwidth: 85%;\u00bb custom_css_slide_description_phone=\u00bbwidth: 95%;\u00bb sticky_transition=\u00bbon\u00bb][\/et_pb_slide][\/et_pb_fullwidth_slider][\/et_pb_section][et_pb_section fb_built=\u00bb1&#8243; _builder_version=\u00bb4.16&#8243; global_colors_info=\u00bb{}\u00bb][et_pb_row _builder_version=\u00bb4.16&#8243; custom_margin=\u00bb-25px||||false|false\u00bb custom_margin_tablet=\u00bb-20px||||false|false\u00bb custom_margin_phone=\u00bb0px||||false|false\u00bb custom_margin_last_edited=\u00bbon|phone\u00bb custom_padding=\u00bb0px||||false|false\u00bb global_colors_info=\u00bb{}\u00bb][et_pb_column type=\u00bb4_4&#8243; _builder_version=\u00bb4.16&#8243; global_colors_info=\u00bb{}\u00bb][et_pb_text _builder_version=\u00bb4.27.5&#8243; text_text_color=\u00bb#5b5b5f\u00bb custom_padding=\u00bb||5px||false|false\u00bb hover_enabled=\u00bb0&#8243; text_font_size_tablet=\u00bb\u00bb text_font_size_phone=\u00bb14px\u00bb text_font_size_last_edited=\u00bbon|desktop\u00bb border_width_bottom=\u00bb1px\u00bb border_color_bottom=\u00bbrgba(91,91,95,0.6)\u00bb global_colors_info=\u00bb{}\u00bb sticky_enabled=\u00bb0&#8243;]<\/p>\n<p><a style=\"color: #2ea3f2;\" href=\"https:\/\/www.alhambrait.com\/cloud\/hablamos\/\">\u00bfHablamos?<\/a> &gt; Presupuesto<\/p>\n<p>[\/et_pb_text][\/et_pb_column][\/et_pb_row][et_pb_row column_structure=\u00bb1_2,1_2&#8243; use_custom_gutter=\u00bbon\u00bb _builder_version=\u00bb4.16&#8243; width=\u00bb75%\u00bb max_width=\u00bb2560px\u00bb global_colors_info=\u00bb{}\u00bb][et_pb_column type=\u00bb1_2&#8243; _builder_version=\u00bb4.16&#8243; global_colors_info=\u00bb{}\u00bb][et_pb_blurb title=\u00bbPresupuesto\u00bb use_icon=\u00bbon\u00bb font_icon=\u00bb&#xf153;||fa||900&#8243; icon_color=\u00bb#5619a3&#8243; image_icon_width=\u00bb55px\u00bb _builder_version=\u00bb4.27.5&#8243; header_level=\u00bbh2&#8243; header_font=\u00bbAlhambra-IT||||||||\u00bb header_text_align=\u00bbcenter\u00bb header_text_color=\u00bb#5b5b5f\u00bb header_font_size=\u00bb30px\u00bb body_font_size=\u00bb15px\u00bb custom_css_blurb_title=\u00bbmargin-bottom: 20px;\u00bb icon_font_size=\u00bb55px\u00bb global_colors_info=\u00bb{}\u00bb]<\/p>\n<p>Si deseas contratar alguno de nuestros servicios o productos Cloud, rellena el siguiente formulario.<\/p>\n<p>Uno de nuestros expertos se pondr\u00e1 en contacto contigo para ampliarte informaci\u00f3n y detallarte las condiciones.<\/p>\n<p>Conoce todos tus derechos en nuestra <strong><a href=\"https:\/\/www.alhambrait.com\/politica-de-privacidad\/\" target=\"_blank\" rel=\"noopener noreferrer\">Pol\u00edtica de Privacidad<\/a><\/strong> y puedes ejercerlos desde <strong><a href=\"https:\/\/www.alhambrait.com\/gestion-datos-personales\/\" target=\"_blank\" rel=\"noopener noreferrer\">aqu\u00ed<\/a><\/strong>.<\/p>\n<p>Muchas gracias por contactar con nosotros.<\/p>\n<p>[\/et_pb_blurb][et_pb_divider color=\u00bb#9c9a9f\u00bb _builder_version=\u00bb4.16&#8243; global_colors_info=\u00bb{}\u00bb][\/et_pb_divider][et_pb_blurb title=\u00bbOficina Central Madrid:\u00bb use_icon=\u00bbon\u00bb font_icon=\u00bb&#xf3c5;||fa||900&#8243; icon_color=\u00bb#2ea3f2&#8243; icon_placement=\u00bbleft\u00bb _builder_version=\u00bb4.16&#8243; header_font=\u00bbAlhambra-IT||||||||\u00bb header_font_size=\u00bb21px\u00bb body_font_size=\u00bb16px\u00bb custom_css_blurb_title=\u00bbmargin-top: 7px;||margin-bottom: 10px;\u00bb global_colors_info=\u00bb{}\u00bb]<\/p>\n<p><strong>Albasanz, 16 | <\/strong>Edificio Antalia, Planta 4\u00aa | 28037 Madrid &#8211; Espa\u00f1a<\/p>\n<p>[\/et_pb_blurb][et_pb_blurb title=\u00bb(+34) 91 787 23 00&#8243; use_icon=\u00bbon\u00bb font_icon=\u00bb&#xf3cd;||fa||900&#8243; icon_color=\u00bb#2ea3f2&#8243; icon_placement=\u00bbleft\u00bb _builder_version=\u00bb4.27.5&#8243; header_font=\u00bbAlhambra-IT||||||||\u00bb header_font_size=\u00bb21px\u00bb body_font_size=\u00bb16px\u00bb custom_css_blurb_title=\u00bbmargin-top: 7px;\u00bb global_colors_info=\u00bb{}\u00bb][\/et_pb_blurb][et_pb_blurb title=\u00bbOtras Delegaciones\u00bb url=\u00bbhttps:\/\/www.alhambrait.com\/nosotros\/delegaciones\/\u00bb use_icon=\u00bbon\u00bb font_icon=\u00bb&#xf7a2;||fa||900&#8243; icon_color=\u00bb#2ea3f2&#8243; icon_placement=\u00bbleft\u00bb _builder_version=\u00bb4.27.5&#8243; header_font=\u00bbAlhambra-IT||||||||\u00bb header_font_size=\u00bb21px\u00bb body_font_size=\u00bb16px\u00bb custom_css_blurb_title=\u00bbmargin-top: 7px;\u00bb global_colors_info=\u00bb{}\u00bb][\/et_pb_blurb][\/et_pb_column][et_pb_column type=\u00bb1_2&#8243; _builder_version=\u00bb4.16&#8243; global_colors_info=\u00bb{}\u00bb][et_pb_blurb title=\u00bbRellena el formulario:\u00bb use_icon=\u00bbon\u00bb content_max_width=\u00bb1100px\u00bb _builder_version=\u00bb4.16&#8243; header_font=\u00bbAlhambra-IT||||||||\u00bb header_text_align=\u00bbleft\u00bb header_font_size=\u00bb30px\u00bb global_colors_info=\u00bb{}\u00bb][\/et_pb_blurb][et_pb_text _builder_version=\u00bb4.16&#8243; global_colors_info=\u00bb{}\u00bb]<!--[if lte IE 8]>\n<script charset=\"utf-8\" type=\"text\/javascript\" src=\"\/\/js.hsforms.net\/forms\/v2-legacy.js\"><\/script>\n<![endif]--><br \/>\n<script charset=\"utf-8\" type=\"text\/javascript\" src=\"\/\/js.hsforms.net\/forms\/v2.js\"><\/script><br \/>\n<script>\n  hbspt.forms.create({\n\tportalId: \"2899526\",\n\tformId: \"4409d5c5-812b-431d-8eb0-1f8c0083d046\"\n});\n<\/script>[\/et_pb_text][et_pb_text _builder_version=\u00bb4.16&#8243; global_colors_info=\u00bb{}\u00bb]<\/p>\n<p><!-- [if lte IE 8]>\n\n\n<script charset=\"utf-8\" type=\"text\/javascript\" src=\"\/\/js.hsforms.net\/forms\/v2-legacy.js\"><\/script>\n<![endif]--><br \/>\n<script charset=\"utf-8\" type=\"text\/javascript\" src=\"\/\/js.hsforms.net\/forms\/v2.js\"><\/script><\/p>\n<p>\n<script>\/\/ <![CDATA[   hbspt.forms.create({ \tportalId: \"2899526\", \tformId: \"4409d5c5-812b-431d-8eb0-1f8c0083d046\" }); \/\/ ]]><\/script>\n<\/p>\n<p>[\/et_pb_text][\/et_pb_column][\/et_pb_row][\/et_pb_section]<\/p>\n","protected":false},"excerpt":{"rendered":"<p>\u00bfHablamos? &gt; PresupuestoSi deseas contratar alguno de nuestros servicios o productos Cloud, rellena el siguiente formulario. Uno de nuestros expertos se pondr\u00e1 en contacto contigo para ampliarte informaci\u00f3n y detallarte las condiciones. Conoce todos tus derechos en nuestra Pol\u00edtica de Privacidad y puedes ejercerlos desde aqu\u00ed. Muchas gracias por contactar con nosotros.Albasanz, 16 | Edificio Antalia, Planta 4\u00aa | 28037 Madrid &#8211; Espa\u00f1a<\/p>\n","protected":false},"author":3,"featured_media":0,"parent":448,"menu_order":0,"comment_status":"closed","ping_status":"closed","template":"","meta":{"_et_pb_use_builder":"on","_et_pb_old_content":"","_et_gb_content_width":"","content-type":"","footnotes":""},"class_list":["post-3288","page","type-page","status-publish","hentry"],"yoast_head":"<!-- This site is optimized with the Yoast SEO plugin v27.5 - https:\/\/yoast.com\/product\/yoast-seo-wordpress\/ -->\n<title>Contrata nuestros servicios o productos Cloud<\/title>\n<meta name=\"description\" content=\"Si quieres contratar alguno de nuestros servicios o productos Cloud, rellena este formulario y contactaremos contigo para ofrecerte toda la informaci\u00f3n\" \/>\n<meta name=\"robots\" content=\"index, follow, max-snippet:-1, max-image-preview:large, max-video-preview:-1\" \/>\n<link rel=\"canonical\" href=\"https:\/\/www.alhambrait.com\/cloud\/hablamos\/presupuesto\/\" \/>\n<meta property=\"og:locale\" content=\"es_ES\" \/>\n<meta property=\"og:type\" content=\"article\" \/>\n<meta property=\"og:title\" content=\"Contrata nuestros servicios o productos Cloud\" \/>\n<meta property=\"og:description\" content=\"Si quieres contratar alguno de nuestros servicios o productos Cloud, rellena este formulario y contactaremos contigo para ofrecerte toda la informaci\u00f3n\" \/>\n<meta property=\"og:url\" content=\"https:\/\/www.alhambrait.com\/cloud\/hablamos\/presupuesto\/\" \/>\n<meta property=\"og:site_name\" content=\"Alhambra Cloud\" \/>\n<meta property=\"article:modified_time\" content=\"2026-02-25T14:58:38+00:00\" \/>\n<meta name=\"twitter:card\" content=\"summary_large_image\" \/>\n<meta name=\"twitter:label1\" content=\"Tiempo de lectura\" \/>\n\t<meta name=\"twitter:data1\" content=\"1 minuto\" \/>\n<script type=\"application\/ld+json\" class=\"yoast-schema-graph\">{\"@context\":\"https:\\\/\\\/schema.org\",\"@graph\":[{\"@type\":\"WebPage\",\"@id\":\"https:\\\/\\\/www.alhambrait.com\\\/cloud\\\/hablamos\\\/presupuesto\\\/\",\"url\":\"https:\\\/\\\/www.alhambrait.com\\\/cloud\\\/hablamos\\\/presupuesto\\\/\",\"name\":\"Contrata nuestros servicios o productos Cloud\",\"isPartOf\":{\"@id\":\"https:\\\/\\\/www.alhambrait.com\\\/cloud\\\/#website\"},\"datePublished\":\"2019-10-31T12:42:58+00:00\",\"dateModified\":\"2026-02-25T14:58:38+00:00\",\"description\":\"Si quieres contratar alguno de nuestros servicios o productos Cloud, rellena este formulario y contactaremos contigo para ofrecerte toda la informaci\u00f3n\",\"breadcrumb\":{\"@id\":\"https:\\\/\\\/www.alhambrait.com\\\/cloud\\\/hablamos\\\/presupuesto\\\/#breadcrumb\"},\"inLanguage\":\"es\",\"potentialAction\":[{\"@type\":\"ReadAction\",\"target\":[\"https:\\\/\\\/www.alhambrait.com\\\/cloud\\\/hablamos\\\/presupuesto\\\/\"]}]},{\"@type\":\"BreadcrumbList\",\"@id\":\"https:\\\/\\\/www.alhambrait.com\\\/cloud\\\/hablamos\\\/presupuesto\\\/#breadcrumb\",\"itemListElement\":[{\"@type\":\"ListItem\",\"position\":1,\"name\":\"Portada\",\"item\":\"https:\\\/\\\/www.alhambrait.com\\\/cloud\\\/\"},{\"@type\":\"ListItem\",\"position\":2,\"name\":\"\u00bfHablamos?\",\"item\":\"https:\\\/\\\/www.alhambrait.com\\\/cloud\\\/hablamos\\\/\"},{\"@type\":\"ListItem\",\"position\":3,\"name\":\"Presupuesto\"}]},{\"@type\":\"WebSite\",\"@id\":\"https:\\\/\\\/www.alhambrait.com\\\/cloud\\\/#website\",\"url\":\"https:\\\/\\\/www.alhambrait.com\\\/cloud\\\/\",\"name\":\"Alhambra Cloud\",\"description\":\"Servicios Cloud que aseguran tu futuro digital\",\"publisher\":{\"@id\":\"https:\\\/\\\/www.alhambrait.com\\\/cloud\\\/#organization\"},\"potentialAction\":[{\"@type\":\"SearchAction\",\"target\":{\"@type\":\"EntryPoint\",\"urlTemplate\":\"https:\\\/\\\/www.alhambrait.com\\\/cloud\\\/?s={search_term_string}\"},\"query-input\":{\"@type\":\"PropertyValueSpecification\",\"valueRequired\":true,\"valueName\":\"search_term_string\"}}],\"inLanguage\":\"es\"},{\"@type\":\"Organization\",\"@id\":\"https:\\\/\\\/www.alhambrait.com\\\/cloud\\\/#organization\",\"name\":\"Alhambra Cloud. Plataforma Cloud para el mundo empresarial\",\"url\":\"https:\\\/\\\/www.alhambrait.com\\\/cloud\\\/\",\"logo\":{\"@type\":\"ImageObject\",\"inLanguage\":\"es\",\"@id\":\"https:\\\/\\\/www.alhambrait.com\\\/cloud\\\/#\\\/schema\\\/logo\\\/image\\\/\",\"url\":\"https:\\\/\\\/www.alhambrait.com\\\/cloud\\\/wp-content\\\/uploads\\\/2020\\\/06\\\/logo_alhambra_cloud.jpg\",\"contentUrl\":\"https:\\\/\\\/www.alhambrait.com\\\/cloud\\\/wp-content\\\/uploads\\\/2020\\\/06\\\/logo_alhambra_cloud.jpg\",\"width\":798,\"height\":235,\"caption\":\"Alhambra Cloud. Plataforma Cloud para el mundo empresarial\"},\"image\":{\"@id\":\"https:\\\/\\\/www.alhambrait.com\\\/cloud\\\/#\\\/schema\\\/logo\\\/image\\\/\"}}]}<\/script>\n<!-- \/ Yoast SEO plugin. -->","yoast_head_json":{"title":"Contrata nuestros servicios o productos Cloud","description":"Si quieres contratar alguno de nuestros servicios o productos Cloud, rellena este formulario y contactaremos contigo para ofrecerte toda la informaci\u00f3n","robots":{"index":"index","follow":"follow","max-snippet":"max-snippet:-1","max-image-preview":"max-image-preview:large","max-video-preview":"max-video-preview:-1"},"canonical":"https:\/\/www.alhambrait.com\/cloud\/hablamos\/presupuesto\/","og_locale":"es_ES","og_type":"article","og_title":"Contrata nuestros servicios o productos Cloud","og_description":"Si quieres contratar alguno de nuestros servicios o productos Cloud, rellena este formulario y contactaremos contigo para ofrecerte toda la informaci\u00f3n","og_url":"https:\/\/www.alhambrait.com\/cloud\/hablamos\/presupuesto\/","og_site_name":"Alhambra Cloud","article_modified_time":"2026-02-25T14:58:38+00:00","twitter_card":"summary_large_image","twitter_misc":{"Tiempo de lectura":"1 minuto"},"schema":{"@context":"https:\/\/schema.org","@graph":[{"@type":"WebPage","@id":"https:\/\/www.alhambrait.com\/cloud\/hablamos\/presupuesto\/","url":"https:\/\/www.alhambrait.com\/cloud\/hablamos\/presupuesto\/","name":"Contrata nuestros servicios o productos Cloud","isPartOf":{"@id":"https:\/\/www.alhambrait.com\/cloud\/#website"},"datePublished":"2019-10-31T12:42:58+00:00","dateModified":"2026-02-25T14:58:38+00:00","description":"Si quieres contratar alguno de nuestros servicios o productos Cloud, rellena este formulario y contactaremos contigo para ofrecerte toda la informaci\u00f3n","breadcrumb":{"@id":"https:\/\/www.alhambrait.com\/cloud\/hablamos\/presupuesto\/#breadcrumb"},"inLanguage":"es","potentialAction":[{"@type":"ReadAction","target":["https:\/\/www.alhambrait.com\/cloud\/hablamos\/presupuesto\/"]}]},{"@type":"BreadcrumbList","@id":"https:\/\/www.alhambrait.com\/cloud\/hablamos\/presupuesto\/#breadcrumb","itemListElement":[{"@type":"ListItem","position":1,"name":"Portada","item":"https:\/\/www.alhambrait.com\/cloud\/"},{"@type":"ListItem","position":2,"name":"\u00bfHablamos?","item":"https:\/\/www.alhambrait.com\/cloud\/hablamos\/"},{"@type":"ListItem","position":3,"name":"Presupuesto"}]},{"@type":"WebSite","@id":"https:\/\/www.alhambrait.com\/cloud\/#website","url":"https:\/\/www.alhambrait.com\/cloud\/","name":"Alhambra Cloud","description":"Servicios Cloud que aseguran tu futuro digital","publisher":{"@id":"https:\/\/www.alhambrait.com\/cloud\/#organization"},"potentialAction":[{"@type":"SearchAction","target":{"@type":"EntryPoint","urlTemplate":"https:\/\/www.alhambrait.com\/cloud\/?s={search_term_string}"},"query-input":{"@type":"PropertyValueSpecification","valueRequired":true,"valueName":"search_term_string"}}],"inLanguage":"es"},{"@type":"Organization","@id":"https:\/\/www.alhambrait.com\/cloud\/#organization","name":"Alhambra Cloud. Plataforma Cloud para el mundo empresarial","url":"https:\/\/www.alhambrait.com\/cloud\/","logo":{"@type":"ImageObject","inLanguage":"es","@id":"https:\/\/www.alhambrait.com\/cloud\/#\/schema\/logo\/image\/","url":"https:\/\/www.alhambrait.com\/cloud\/wp-content\/uploads\/2020\/06\/logo_alhambra_cloud.jpg","contentUrl":"https:\/\/www.alhambrait.com\/cloud\/wp-content\/uploads\/2020\/06\/logo_alhambra_cloud.jpg","width":798,"height":235,"caption":"Alhambra Cloud. Plataforma Cloud para el mundo empresarial"},"image":{"@id":"https:\/\/www.alhambrait.com\/cloud\/#\/schema\/logo\/image\/"}}]}},"_links":{"self":[{"href":"https:\/\/www.alhambrait.com\/cloud\/wp-json\/wp\/v2\/pages\/3288","targetHints":{"allow":["GET"]}}],"collection":[{"href":"https:\/\/www.alhambrait.com\/cloud\/wp-json\/wp\/v2\/pages"}],"about":[{"href":"https:\/\/www.alhambrait.com\/cloud\/wp-json\/wp\/v2\/types\/page"}],"author":[{"embeddable":true,"href":"https:\/\/www.alhambrait.com\/cloud\/wp-json\/wp\/v2\/users\/3"}],"replies":[{"embeddable":true,"href":"https:\/\/www.alhambrait.com\/cloud\/wp-json\/wp\/v2\/comments?post=3288"}],"version-history":[{"count":20,"href":"https:\/\/www.alhambrait.com\/cloud\/wp-json\/wp\/v2\/pages\/3288\/revisions"}],"predecessor-version":[{"id":43729,"href":"https:\/\/www.alhambrait.com\/cloud\/wp-json\/wp\/v2\/pages\/3288\/revisions\/43729"}],"up":[{"embeddable":true,"href":"https:\/\/www.alhambrait.com\/cloud\/wp-json\/wp\/v2\/pages\/448"}],"wp:attachment":[{"href":"https:\/\/www.alhambrait.com\/cloud\/wp-json\/wp\/v2\/media?parent=3288"}],"curies":[{"name":"wp","href":"https:\/\/api.w.org\/{rel}","templated":true}]}}