{"id":11788,"date":"2022-02-16T12:15:30","date_gmt":"2022-02-16T11:15:30","guid":{"rendered":"https:\/\/www.alhambrait.com\/cloud\/?page_id=11788"},"modified":"2025-01-21T13:28:00","modified_gmt":"2025-01-21T12:28:00","slug":"gracias-demo","status":"publish","type":"page","link":"https:\/\/www.alhambrait.com\/cloud\/gracias-demo\/","title":{"rendered":"Gracias Demo"},"content":{"rendered":"<p>[et_pb_section fb_built=\u00bb1&#8243; next_background_color=\u00bb#ffffff\u00bb _builder_version=\u00bb4.27.4&#8243; _module_preset=\u00bbdefault\u00bb background_image=\u00bbhttps:\/\/www.alhambrait.com\/cloud\/wp-content\/uploads\/2025\/01\/banner_hablamos_1920.jpg\u00bb min_height=\u00bb500px\u00bb height=\u00bb500px\u00bb max_height=\u00bb500px\u00bb top_divider_style=\u00bbwave\u00bb top_divider_color=\u00bb#5619a3&#8243; top_divider_height_tablet=\u00bb75px\u00bb top_divider_height_phone=\u00bb50px\u00bb top_divider_height_last_edited=\u00bbon|phone\u00bb bottom_divider_style=\u00bbwave\u00bb bottom_divider_height_tablet=\u00bb75px\u00bb bottom_divider_height_phone=\u00bb50px\u00bb bottom_divider_height_last_edited=\u00bbon|phone\u00bb hover_enabled=\u00bb0&#8243; background_last_edited=\u00bbon|phone\u00bb background_image_tablet=\u00bbhttps:\/\/www.alhambrait.com\/cloud\/wp-content\/uploads\/2025\/01\/banner_hablamos_1280.jpg\u00bb background_image_phone=\u00bbhttps:\/\/www.alhambrait.com\/cloud\/wp-content\/uploads\/2025\/01\/banner_hablamos_500.jpg\u00bb background_enable_image_tablet=\u00bbon\u00bb background_enable_image_phone=\u00bbon\u00bb custom_css_main_element=\u00bbdisplay: flex;||flex-direction: column;||justify-content: center;\u00bb global_colors_info=\u00bb{}\u00bb theme_builder_area=\u00bbpost_content\u00bb alt=\u00bbHablamos\u00bb title_text=\u00bbbanner_hablamos_500&#8243; sticky_enabled=\u00bb0&#8243;][et_pb_row _builder_version=\u00bb4.27.4&#8243; _module_preset=\u00bbdefault\u00bb global_colors_info=\u00bb{}\u00bb theme_builder_area=\u00bbpost_content\u00bb][et_pb_column type=\u00bb4_4&#8243; _builder_version=\u00bb4.27.4&#8243; _module_preset=\u00bbdefault\u00bb global_colors_info=\u00bb{}\u00bb theme_builder_area=\u00bbpost_content\u00bb][et_pb_blurb title=\u00bbGracias por contactar\u00bb _builder_version=\u00bb4.27.4&#8243; _module_preset=\u00bbdefault\u00bb header_level=\u00bbh1&#8243; header_font=\u00bbAlhambra-IT||||||||\u00bb header_text_align=\u00bbcenter\u00bb header_text_color=\u00bb#FFFFFF\u00bb header_font_size=\u00bb40px\u00bb hover_enabled=\u00bb0&#8243; header_font_size_tablet=\u00bb35px\u00bb header_font_size_phone=\u00bb30px\u00bb header_font_size_last_edited=\u00bbon|phone\u00bb header_text_shadow_style=\u00bbpreset3&#8243; global_colors_info=\u00bb{}\u00bb theme_builder_area=\u00bbpost_content\u00bb sticky_enabled=\u00bb0&#8243;][\/et_pb_blurb][\/et_pb_column][\/et_pb_row][\/et_pb_section][et_pb_section fb_built=\u00bb1&#8243; _builder_version=\u00bb4.16&#8243; global_colors_info=\u00bb{}\u00bb][et_pb_row _builder_version=\u00bb4.16&#8243; custom_margin=\u00bb-25px||||false|false\u00bb custom_margin_tablet=\u00bb-20px||||false|false\u00bb custom_margin_phone=\u00bb0px||||false|false\u00bb custom_margin_last_edited=\u00bbon|phone\u00bb custom_padding=\u00bb0px||||false|false\u00bb global_colors_info=\u00bb{}\u00bb][et_pb_column type=\u00bb4_4&#8243; _builder_version=\u00bb4.16&#8243; global_colors_info=\u00bb{}\u00bb][et_pb_text _builder_version=\u00bb4.16&#8243; text_text_color=\u00bb#5b5b5f\u00bb custom_padding=\u00bb||5px||false|false\u00bb text_font_size_tablet=\u00bb\u00bb text_font_size_phone=\u00bb14px\u00bb text_font_size_last_edited=\u00bbon|desktop\u00bb border_width_bottom=\u00bb1px\u00bb border_color_bottom=\u00bbrgba(91,91,95,0.6)\u00bb global_colors_info=\u00bb{}\u00bb]<\/p>\n<p><a href=\"\/hablamos\/\" style=\"color: #2ea3f2;\">\u00bfHablamos?<\/a> &gt; Gracias por contactar<\/p>\n<p>[\/et_pb_text][\/et_pb_column][\/et_pb_row][et_pb_row _builder_version=\u00bb4.16&#8243; _module_preset=\u00bbdefault\u00bb max_width=\u00bb2560px\u00bb custom_padding=\u00bb0px||0px||false|false\u00bb global_colors_info=\u00bb{}\u00bb][et_pb_column type=\u00bb4_4&#8243; _builder_version=\u00bb4.16&#8243; _module_preset=\u00bbdefault\u00bb global_colors_info=\u00bb{}\u00bb][et_pb_blurb title=\u00bbSolicitud de Demo recibida\u00bb image_icon_width=\u00bb55px\u00bb content_max_width=\u00bb1100px\u00bb _builder_version=\u00bb4.16&#8243; header_level=\u00bbh2&#8243; header_font=\u00bbAlhambra-IT||||||||\u00bb header_text_align=\u00bbleft\u00bb header_text_color=\u00bb#5b5b5f\u00bb header_font_size=\u00bb30px\u00bb body_text_align=\u00bbleft\u00bb body_font_size=\u00bb15px\u00bb custom_css_blurb_title=\u00bbmargin-bottom: 20px;\u00bb icon_font_size=\u00bb55px\u00bb global_colors_info=\u00bb{}\u00bb]<\/p>\n<p>Gracias por solicitar una Demo de Alhambra Cloud. En los pr\u00f3ximos d\u00edas nos pondremos en contacto contigo para darte todos los detalles sobre la prueba gratuita. Pronto podr\u00e1s comenzar a disfrutar de las ventajas de un Cloud seguro, gestionado y replicado en data centers en Espa\u00f1a.<\/p>\n<p>Los datos que nos has proporcionado en el formulario de Solicitud de Informaci\u00f3n son necesarios para poder responder a tu consulta. Recuerda que para obtener toda la informaci\u00f3n que necesites y ejercer tus derechos de acceso, portabilidad, rectificaci\u00f3n, oposici\u00f3n, supresi\u00f3n, limitaci\u00f3n del tratamiento y derecho a no ser objeto de decisiones \u00edntegramente automatizadas sobre tus datos personales, puedes dirigirte a nuestro apartado de <strong><a href=\"https:\/\/www.alhambrait.com\/hablamos\/gestion-datos-personales\/\" target=\"_blank\" rel=\"noopener noreferrer\">Gesti\u00f3n de Datos Personales<\/a><\/strong> o consultar nuestra <a href=\"https:\/\/www.alhambrait.com\/politica-de-privacidad\/\"><strong>Pol\u00edtica de Privacidad<\/strong><\/a>.<\/p>\n<p>Por \u00faltimo, indicarte que estamos a tu entera disposici\u00f3n y que puedes comunicarte tambi\u00e9n con Alhambra Cloud a trav\u00e9s del tel\u00e9fono +34 91 787 23 00<\/p>\n<p>&nbsp;<\/p>\n<p>[\/et_pb_blurb][\/et_pb_column][\/et_pb_row][\/et_pb_section]<\/p>\n","protected":false},"excerpt":{"rendered":"<p>\u00bfHablamos? &gt; Gracias por contactarGracias por solicitar una Demo de Alhambra Cloud. En los pr\u00f3ximos d\u00edas nos pondremos en contacto contigo para darte todos los detalles sobre la prueba gratuita. Pronto podr\u00e1s comenzar a disfrutar de las ventajas de un Cloud seguro, gestionado y replicado en data centers en Espa\u00f1a. Los datos que nos has proporcionado en el formulario de Solicitud de Informaci\u00f3n son necesarios para poder responder a tu consulta. Recuerda que para obtener toda la informaci\u00f3n que necesites y ejercer tus derechos de acceso, portabilidad, rectificaci\u00f3n, oposici\u00f3n, supresi\u00f3n, limitaci\u00f3n del tratamiento y derecho a no ser objeto de decisiones \u00edntegramente automatizadas sobre tus datos personales, puedes dirigirte a nuestro apartado de Gesti\u00f3n de Datos Personales o consultar nuestra Pol\u00edtica de Privacidad. Por \u00faltimo, indicarte que estamos a tu entera disposici\u00f3n y que puedes comunicarte tambi\u00e9n con Alhambra Cloud a trav\u00e9s del tel\u00e9fono +34 91 787 23 00 &nbsp;<\/p>\n","protected":false},"author":3,"featured_media":0,"parent":0,"menu_order":0,"comment_status":"closed","ping_status":"closed","template":"","meta":{"_et_pb_use_builder":"on","_et_pb_old_content":"","_et_gb_content_width":"","content-type":"","footnotes":""},"class_list":["post-11788","page","type-page","status-publish","hentry"],"yoast_head":"<!-- This site is optimized with the Yoast SEO plugin v27.3 - https:\/\/yoast.com\/product\/yoast-seo-wordpress\/ -->\n<title>Gracias Demo - Alhambra Cloud<\/title>\n<meta name=\"robots\" content=\"noindex, nofollow\" \/>\n<meta property=\"og:locale\" content=\"es_ES\" \/>\n<meta property=\"og:type\" content=\"article\" \/>\n<meta property=\"og:title\" content=\"Gracias Demo - Alhambra Cloud\" \/>\n<meta property=\"og:description\" content=\"\u00bfHablamos? &gt; Gracias por contactarGracias por solicitar una Demo de Alhambra Cloud. En los pr\u00f3ximos d\u00edas nos pondremos en contacto contigo para darte todos los detalles sobre la prueba gratuita. Pronto podr\u00e1s comenzar a disfrutar de las ventajas de un Cloud seguro, gestionado y replicado en data centers en Espa\u00f1a. Los datos que nos has proporcionado en el formulario de Solicitud de Informaci\u00f3n son necesarios para poder responder a tu consulta. Recuerda que para obtener toda la informaci\u00f3n que necesites y ejercer tus derechos de acceso, portabilidad, rectificaci\u00f3n, oposici\u00f3n, supresi\u00f3n, limitaci\u00f3n del tratamiento y derecho a no ser objeto de decisiones \u00edntegramente automatizadas sobre tus datos personales, puedes dirigirte a nuestro apartado de Gesti\u00f3n de Datos Personales o consultar nuestra Pol\u00edtica de Privacidad. Por \u00faltimo, indicarte que estamos a tu entera disposici\u00f3n y que puedes comunicarte tambi\u00e9n con Alhambra Cloud a trav\u00e9s del tel\u00e9fono +34 91 787 23 00 &nbsp;\" \/>\n<meta property=\"og:url\" content=\"https:\/\/www.alhambrait.com\/cloud\/gracias-demo\/\" \/>\n<meta property=\"og:site_name\" content=\"Alhambra Cloud\" \/>\n<meta property=\"article:modified_time\" content=\"2025-01-21T12:28:00+00:00\" \/>\n<meta name=\"twitter:card\" content=\"summary_large_image\" \/>\n<meta name=\"twitter:label1\" content=\"Tiempo de lectura\" \/>\n\t<meta name=\"twitter:data1\" content=\"1 minuto\" \/>\n<script type=\"application\/ld+json\" class=\"yoast-schema-graph\">{\"@context\":\"https:\\\/\\\/schema.org\",\"@graph\":[{\"@type\":\"WebPage\",\"@id\":\"https:\\\/\\\/www.alhambrait.com\\\/cloud\\\/gracias-demo\\\/\",\"url\":\"https:\\\/\\\/www.alhambrait.com\\\/cloud\\\/gracias-demo\\\/\",\"name\":\"Gracias Demo - Alhambra Cloud\",\"isPartOf\":{\"@id\":\"https:\\\/\\\/www.alhambrait.com\\\/cloud\\\/#website\"},\"datePublished\":\"2022-02-16T11:15:30+00:00\",\"dateModified\":\"2025-01-21T12:28:00+00:00\",\"breadcrumb\":{\"@id\":\"https:\\\/\\\/www.alhambrait.com\\\/cloud\\\/gracias-demo\\\/#breadcrumb\"},\"inLanguage\":\"es\",\"potentialAction\":[{\"@type\":\"ReadAction\",\"target\":[\"https:\\\/\\\/www.alhambrait.com\\\/cloud\\\/gracias-demo\\\/\"]}]},{\"@type\":\"BreadcrumbList\",\"@id\":\"https:\\\/\\\/www.alhambrait.com\\\/cloud\\\/gracias-demo\\\/#breadcrumb\",\"itemListElement\":[{\"@type\":\"ListItem\",\"position\":1,\"name\":\"Portada\",\"item\":\"https:\\\/\\\/www.alhambrait.com\\\/cloud\\\/\"},{\"@type\":\"ListItem\",\"position\":2,\"name\":\"Gracias Demo\"}]},{\"@type\":\"WebSite\",\"@id\":\"https:\\\/\\\/www.alhambrait.com\\\/cloud\\\/#website\",\"url\":\"https:\\\/\\\/www.alhambrait.com\\\/cloud\\\/\",\"name\":\"Alhambra Cloud\",\"description\":\"Servicios Cloud que aseguran tu futuro digital\",\"publisher\":{\"@id\":\"https:\\\/\\\/www.alhambrait.com\\\/cloud\\\/#organization\"},\"potentialAction\":[{\"@type\":\"SearchAction\",\"target\":{\"@type\":\"EntryPoint\",\"urlTemplate\":\"https:\\\/\\\/www.alhambrait.com\\\/cloud\\\/?s={search_term_string}\"},\"query-input\":{\"@type\":\"PropertyValueSpecification\",\"valueRequired\":true,\"valueName\":\"search_term_string\"}}],\"inLanguage\":\"es\"},{\"@type\":\"Organization\",\"@id\":\"https:\\\/\\\/www.alhambrait.com\\\/cloud\\\/#organization\",\"name\":\"Alhambra Cloud. Plataforma Cloud para el mundo empresarial\",\"url\":\"https:\\\/\\\/www.alhambrait.com\\\/cloud\\\/\",\"logo\":{\"@type\":\"ImageObject\",\"inLanguage\":\"es\",\"@id\":\"https:\\\/\\\/www.alhambrait.com\\\/cloud\\\/#\\\/schema\\\/logo\\\/image\\\/\",\"url\":\"https:\\\/\\\/www.alhambrait.com\\\/cloud\\\/wp-content\\\/uploads\\\/2020\\\/06\\\/logo_alhambra_cloud.jpg\",\"contentUrl\":\"https:\\\/\\\/www.alhambrait.com\\\/cloud\\\/wp-content\\\/uploads\\\/2020\\\/06\\\/logo_alhambra_cloud.jpg\",\"width\":798,\"height\":235,\"caption\":\"Alhambra Cloud. Plataforma Cloud para el mundo empresarial\"},\"image\":{\"@id\":\"https:\\\/\\\/www.alhambrait.com\\\/cloud\\\/#\\\/schema\\\/logo\\\/image\\\/\"}}]}<\/script>\n<!-- \/ Yoast SEO plugin. -->","yoast_head_json":{"title":"Gracias Demo - Alhambra Cloud","robots":{"index":"noindex","follow":"nofollow"},"og_locale":"es_ES","og_type":"article","og_title":"Gracias Demo - Alhambra Cloud","og_description":"\u00bfHablamos? &gt; Gracias por contactarGracias por solicitar una Demo de Alhambra Cloud. En los pr\u00f3ximos d\u00edas nos pondremos en contacto contigo para darte todos los detalles sobre la prueba gratuita. Pronto podr\u00e1s comenzar a disfrutar de las ventajas de un Cloud seguro, gestionado y replicado en data centers en Espa\u00f1a. Los datos que nos has proporcionado en el formulario de Solicitud de Informaci\u00f3n son necesarios para poder responder a tu consulta. Recuerda que para obtener toda la informaci\u00f3n que necesites y ejercer tus derechos de acceso, portabilidad, rectificaci\u00f3n, oposici\u00f3n, supresi\u00f3n, limitaci\u00f3n del tratamiento y derecho a no ser objeto de decisiones \u00edntegramente automatizadas sobre tus datos personales, puedes dirigirte a nuestro apartado de Gesti\u00f3n de Datos Personales o consultar nuestra Pol\u00edtica de Privacidad. Por \u00faltimo, indicarte que estamos a tu entera disposici\u00f3n y que puedes comunicarte tambi\u00e9n con Alhambra Cloud a trav\u00e9s del tel\u00e9fono +34 91 787 23 00 &nbsp;","og_url":"https:\/\/www.alhambrait.com\/cloud\/gracias-demo\/","og_site_name":"Alhambra Cloud","article_modified_time":"2025-01-21T12:28:00+00:00","twitter_card":"summary_large_image","twitter_misc":{"Tiempo de lectura":"1 minuto"},"schema":{"@context":"https:\/\/schema.org","@graph":[{"@type":"WebPage","@id":"https:\/\/www.alhambrait.com\/cloud\/gracias-demo\/","url":"https:\/\/www.alhambrait.com\/cloud\/gracias-demo\/","name":"Gracias Demo - Alhambra Cloud","isPartOf":{"@id":"https:\/\/www.alhambrait.com\/cloud\/#website"},"datePublished":"2022-02-16T11:15:30+00:00","dateModified":"2025-01-21T12:28:00+00:00","breadcrumb":{"@id":"https:\/\/www.alhambrait.com\/cloud\/gracias-demo\/#breadcrumb"},"inLanguage":"es","potentialAction":[{"@type":"ReadAction","target":["https:\/\/www.alhambrait.com\/cloud\/gracias-demo\/"]}]},{"@type":"BreadcrumbList","@id":"https:\/\/www.alhambrait.com\/cloud\/gracias-demo\/#breadcrumb","itemListElement":[{"@type":"ListItem","position":1,"name":"Portada","item":"https:\/\/www.alhambrait.com\/cloud\/"},{"@type":"ListItem","position":2,"name":"Gracias Demo"}]},{"@type":"WebSite","@id":"https:\/\/www.alhambrait.com\/cloud\/#website","url":"https:\/\/www.alhambrait.com\/cloud\/","name":"Alhambra Cloud","description":"Servicios Cloud que aseguran tu futuro digital","publisher":{"@id":"https:\/\/www.alhambrait.com\/cloud\/#organization"},"potentialAction":[{"@type":"SearchAction","target":{"@type":"EntryPoint","urlTemplate":"https:\/\/www.alhambrait.com\/cloud\/?s={search_term_string}"},"query-input":{"@type":"PropertyValueSpecification","valueRequired":true,"valueName":"search_term_string"}}],"inLanguage":"es"},{"@type":"Organization","@id":"https:\/\/www.alhambrait.com\/cloud\/#organization","name":"Alhambra Cloud. Plataforma Cloud para el mundo empresarial","url":"https:\/\/www.alhambrait.com\/cloud\/","logo":{"@type":"ImageObject","inLanguage":"es","@id":"https:\/\/www.alhambrait.com\/cloud\/#\/schema\/logo\/image\/","url":"https:\/\/www.alhambrait.com\/cloud\/wp-content\/uploads\/2020\/06\/logo_alhambra_cloud.jpg","contentUrl":"https:\/\/www.alhambrait.com\/cloud\/wp-content\/uploads\/2020\/06\/logo_alhambra_cloud.jpg","width":798,"height":235,"caption":"Alhambra Cloud. Plataforma Cloud para el mundo empresarial"},"image":{"@id":"https:\/\/www.alhambrait.com\/cloud\/#\/schema\/logo\/image\/"}}]}},"_links":{"self":[{"href":"https:\/\/www.alhambrait.com\/cloud\/wp-json\/wp\/v2\/pages\/11788","targetHints":{"allow":["GET"]}}],"collection":[{"href":"https:\/\/www.alhambrait.com\/cloud\/wp-json\/wp\/v2\/pages"}],"about":[{"href":"https:\/\/www.alhambrait.com\/cloud\/wp-json\/wp\/v2\/types\/page"}],"author":[{"embeddable":true,"href":"https:\/\/www.alhambrait.com\/cloud\/wp-json\/wp\/v2\/users\/3"}],"replies":[{"embeddable":true,"href":"https:\/\/www.alhambrait.com\/cloud\/wp-json\/wp\/v2\/comments?post=11788"}],"version-history":[{"count":5,"href":"https:\/\/www.alhambrait.com\/cloud\/wp-json\/wp\/v2\/pages\/11788\/revisions"}],"predecessor-version":[{"id":14388,"href":"https:\/\/www.alhambrait.com\/cloud\/wp-json\/wp\/v2\/pages\/11788\/revisions\/14388"}],"wp:attachment":[{"href":"https:\/\/www.alhambrait.com\/cloud\/wp-json\/wp\/v2\/media?parent=11788"}],"curies":[{"name":"wp","href":"https:\/\/api.w.org\/{rel}","templated":true}]}}