{"id":10739,"date":"2021-11-24T13:04:29","date_gmt":"2021-11-24T12:04:29","guid":{"rendered":"https:\/\/www.alhambrait.com\/cloud\/compliance\/pci-dss-certification\/"},"modified":"2025-03-26T15:55:51","modified_gmt":"2025-03-26T14:55:51","slug":"pci-dss-certification","status":"publish","type":"page","link":"https:\/\/www.alhambrait.com\/cloud\/en\/compliance\/pci-dss-certification\/","title":{"rendered":"PCI DSS certification"},"content":{"rendered":"<p>[et_pb_section fb_built=&#8221;1&#8243; _builder_version=&#8221;4.27.4&#8243; _module_preset=&#8221;default&#8221; background_image=&#8221;https:\/\/www.alhambrait.com\/cloud\/wp-content\/uploads\/2025\/01\/banner_pci_1920.jpg&#8221; min_height=&#8221;500px&#8221; height=&#8221;500px&#8221; max_height=&#8221;500px&#8221; top_divider_style=&#8221;wave&#8221; top_divider_color=&#8221;#5619a3&#8243; top_divider_height_tablet=&#8221;75px&#8221; top_divider_height_phone=&#8221;50px&#8221; top_divider_height_last_edited=&#8221;on|phone&#8221; bottom_divider_style=&#8221;wave&#8221; bottom_divider_color=&#8221;#2ea3f2&#8243; bottom_divider_height_tablet=&#8221;75px&#8221; bottom_divider_height_phone=&#8221;50px&#8221; bottom_divider_height_last_edited=&#8221;on|phone&#8221; background_last_edited=&#8221;on|phone&#8221; background_image_tablet=&#8221;https:\/\/www.alhambrait.com\/cloud\/wp-content\/uploads\/2025\/01\/banner_pci_1280.jpg&#8221; background_image_phone=&#8221;https:\/\/www.alhambrait.com\/cloud\/wp-content\/uploads\/2025\/01\/banner_pci_500.jpg&#8221; background_enable_image_tablet=&#8221;on&#8221; background_enable_image_phone=&#8221;on&#8221; custom_css_main_element=&#8221;display: flex;||flex-direction: column;||justify-content: center;&#8221; global_colors_info=&#8221;{}&#8221;][et_pb_row _builder_version=&#8221;4.27.4&#8243; _module_preset=&#8221;default&#8221; width_tablet=&#8221;&#8221; width_phone=&#8221;&#8221; width_last_edited=&#8221;on|phone&#8221; global_colors_info=&#8221;{}&#8221;][et_pb_column type=&#8221;4_4&#8243; _builder_version=&#8221;4.27.4&#8243; _module_preset=&#8221;default&#8221; global_colors_info=&#8221;{}&#8221;][et_pb_blurb title=&#8221;PCI DSS Certification&#8221; _builder_version=&#8221;4.27.4&#8243; _module_preset=&#8221;default&#8221; header_font=&#8221;Alhambra-IT||||||||&#8221; header_text_align=&#8221;center&#8221; header_text_color=&#8221;#FFFFFF&#8221; header_font_size=&#8221;40px&#8221; hover_enabled=&#8221;0&#8243; header_font_size_tablet=&#8221;35px&#8221; header_font_size_phone=&#8221;30px&#8221; header_font_size_last_edited=&#8221;on|desktop&#8221; header_text_shadow_style=&#8221;preset3&#8243; global_colors_info=&#8221;{}&#8221; header_level=&#8221;h1&#8243; sticky_enabled=&#8221;0&#8243;][\/et_pb_blurb][\/et_pb_column][\/et_pb_row][\/et_pb_section][et_pb_section fb_built=&#8221;1&#8243; custom_padding_last_edited=&#8221;on|phone&#8221; next_background_color=&#8221;#ffffff&#8221; _builder_version=&#8221;4.16&#8243; background_color=&#8221;#2ea3f2&#8243; custom_margin=&#8221;||||false|false&#8221; custom_padding=&#8221;75px||200px||false|false&#8221; custom_padding_tablet=&#8221;50px||150px||false|false&#8221; custom_padding_phone=&#8221;25px||100px||false|false&#8221; bottom_divider_style=&#8221;curve&#8221; bottom_divider_flip=&#8221;vertical&#8221; bottom_divider_height_tablet=&#8221;75px&#8221; bottom_divider_height_phone=&#8221;50px&#8221; bottom_divider_height_last_edited=&#8221;on|phone&#8221; global_colors_info=&#8221;{}&#8221;][et_pb_row _builder_version=&#8221;4.16&#8243; custom_margin=&#8221;-25px||||false|false&#8221; custom_margin_tablet=&#8221;-20px||||false|false&#8221; custom_margin_phone=&#8221;0px||||false|false&#8221; custom_margin_last_edited=&#8221;on|phone&#8221; custom_padding=&#8221;0px||||false|false&#8221; global_colors_info=&#8221;{}&#8221;][et_pb_column type=&#8221;4_4&#8243; _builder_version=&#8221;4.16&#8243; global_colors_info=&#8221;{}&#8221;][et_pb_text _builder_version=&#8221;4.21.2&#8243; text_text_color=&#8221;#ffffff&#8221; custom_padding=&#8221;||5px||false|false&#8221; text_font_size_tablet=&#8221;&#8221; text_font_size_phone=&#8221;14px&#8221; text_font_size_last_edited=&#8221;on|desktop&#8221; border_width_bottom=&#8221;1px&#8221; border_color_bottom=&#8221;rgba(255,255,255,0.6)&#8221; global_colors_info=&#8221;{}&#8221;]<\/p>\n<p><a style=\"color: #5619a3;\" href=\"https:\/\/www.alhambrait.com\/cloud\/en\/\">Home<\/a> &gt; <a style=\"color: #5619a3;\" href=\"https:\/\/www.alhambrait.com\/cloud\/en\/compliance\/\">Compliance<\/a> &gt; PCI DSS<\/p>\n<p>[\/et_pb_text][\/et_pb_column][\/et_pb_row][et_pb_row _builder_version=&#8221;4.16&#8243; global_colors_info=&#8221;{}&#8221;][et_pb_column type=&#8221;4_4&#8243; _builder_version=&#8221;4.16&#8243; global_colors_info=&#8221;{}&#8221;][et_pb_blurb title=&#8221;Handle credit or debit card data with total security&#8221; image=&#8221;https:\/\/www.alhambrait.com\/cloud\/wp-content\/uploads\/2021\/10\/icon2_pci.png&#8221; alt=&#8221;PCI DSS&#8221; content_max_width=&#8221;100%&#8221; image_icon_width_tablet=&#8221;&#8221; image_icon_width_phone=&#8221;&#8221; image_icon_width_last_edited=&#8221;on|phone&#8221; _builder_version=&#8221;4.27.4&#8243; header_level=&#8221;h2&#8243; header_font=&#8221;Alhambra-IT||||||||&#8221; header_text_align=&#8221;center&#8221; header_text_color=&#8221;#ffffff&#8221; header_font_size=&#8221;40px&#8221; body_text_align=&#8221;left&#8221; body_text_color=&#8221;rgba(255,255,255,0.9)&#8221; body_font_size=&#8221;18px&#8221; body_line_height=&#8221;1.5em&#8221; background_color=&#8221;El Servicio de Data Center Virtual de Alhambra Cloud proporciona recursos dedicados con ventajas a\u00f1adidas frente al hardware f\u00edsico, y abstrae de la gesti\u00f3n de dispositivos de comunicaciones, seguridad, almacenamiento e infraestructura de CPD, proporcionando un servicio integral de gesti\u00f3n y soporte. &#8221; header_font_size_tablet=&#8221;35px&#8221; header_font_size_phone=&#8221;30px&#8221; header_font_size_last_edited=&#8221;on|phone&#8221; body_font_size_tablet=&#8221;16px&#8221; body_font_size_phone=&#8221;14px&#8221; body_font_size_last_edited=&#8221;on|desktop&#8221; custom_css_blurb_title=&#8221;margin-bottom: 35px;&#8221; icon_font_size_tablet=&#8221;70px&#8221; icon_font_size_phone=&#8221;65px&#8221; icon_font_size_last_edited=&#8221;on|phone&#8221; global_colors_info=&#8221;{}&#8221;]<\/p>\n<p>Alhambra Cloud helps you to comply with PCI DSS certification so that your business can carry out online transactions with bank cards in compliance with current regulations.<\/p>\n<p>[\/et_pb_blurb][et_pb_blurb title=&#8221;What does PCI DSS certification consist of?&#8221; alt=&#8221;PCI DSS&#8221; content_max_width=&#8221;100%&#8221; image_icon_width_tablet=&#8221;&#8221; image_icon_width_phone=&#8221;&#8221; image_icon_width_last_edited=&#8221;on|phone&#8221; _builder_version=&#8221;4.22.1&#8243; header_level=&#8221;h2&#8243; header_font=&#8221;Alhambra-IT||||||||&#8221; header_text_align=&#8221;left&#8221; header_text_color=&#8221;#ffffff&#8221; header_font_size=&#8221;35px&#8221; body_text_align=&#8221;left&#8221; body_text_color=&#8221;rgba(255,255,255,0.9)&#8221; body_font_size=&#8221;18px&#8221; body_line_height=&#8221;1.5em&#8221; background_color=&#8221;El Servicio de Data Center Virtual de Alhambra Cloud proporciona recursos dedicados con ventajas a\u00f1adidas frente al hardware f\u00edsico, y abstrae de la gesti\u00f3n de dispositivos de comunicaciones, seguridad, almacenamiento e infraestructura de CPD, proporcionando un servicio integral de gesti\u00f3n y soporte. &#8221; custom_padding=&#8221;50px||||false|false&#8221; header_font_size_tablet=&#8221;32px&#8221; header_font_size_phone=&#8221;28px&#8221; header_font_size_last_edited=&#8221;on|phone&#8221; body_font_size_tablet=&#8221;16px&#8221; body_font_size_phone=&#8221;14px&#8221; body_font_size_last_edited=&#8221;on|desktop&#8221; custom_css_blurb_title=&#8221;margin-bottom: 35px;&#8221; icon_font_size_tablet=&#8221;70px&#8221; icon_font_size_phone=&#8221;65px&#8221; icon_font_size_last_edited=&#8221;on|phone&#8221; global_colors_info=&#8221;{}&#8221;]<\/p>\n<p>The PCI DSS (Payment Card Industry Data Security Standard) is a global information security standard created to prevent bank card fraud.<\/p>\n<p>Increased control translates into PCI DSS certification.<\/p>\n<p>The standard certifies that all parties involved in a payment process meet high security standards when handling, processing, transacting or performing any type of activity on credit or debit card data.<\/p>\n<p>[\/et_pb_blurb][\/et_pb_column][\/et_pb_row][\/et_pb_section][et_pb_section fb_built=&#8221;1&#8243; custom_padding_last_edited=&#8221;on|phone&#8221; next_background_color=&#8221;#ffffff&#8221; _builder_version=&#8221;4.16&#8243; use_background_color_gradient=&#8221;on&#8221; background_color_gradient_stops=&#8221;#ffffff 0%|#d5edfc 100%&#8221; background_color_gradient_start=&#8221;#ffffff&#8221; background_color_gradient_end=&#8221;#d5edfc&#8221; custom_padding=&#8221;||150px||false|false&#8221; custom_padding_tablet=&#8221;||100px||false|false&#8221; custom_padding_phone=&#8221;||75px||false|false&#8221; bottom_divider_style=&#8221;curve&#8221; global_colors_info=&#8221;{}&#8221;][et_pb_row column_structure=&#8221;3_5,2_5&#8243; use_custom_gutter=&#8221;on&#8221; gutter_width=&#8221;4&#8243; _builder_version=&#8221;4.16&#8243; _module_preset=&#8221;default&#8221; global_colors_info=&#8221;{}&#8221;][et_pb_column type=&#8221;3_5&#8243; _builder_version=&#8221;4.16&#8243; _module_preset=&#8221;default&#8221; global_colors_info=&#8221;{}&#8221;][et_pb_blurb title=&#8221;Which companies must comply with PCI DSS?&#8221; use_icon=&#8221;on&#8221; content_max_width=&#8221;1100px&#8221; _builder_version=&#8221;4.22.2&#8243; header_level=&#8221;h3&#8243; header_font=&#8221;Alhambra-IT||||||||&#8221; header_text_color=&#8221;#2ea3f2&#8243; header_font_size=&#8221;35px&#8221; body_font_size=&#8221;16px&#8221; body_line_height=&#8221;2em&#8221; custom_padding=&#8221;||||false|false&#8221; custom_css_blurb_title=&#8221;margin-bottom: 30px;&#8221; global_colors_info=&#8221;{}&#8221;]<\/p>\n<p>This certification is a mandatory requirement for any organization that handles payment data through credit or debit cards, such as, for example:<\/p>\n<p><strong>Merchants \/ e-commerce<\/strong>: Through the payment gateways of merchants \/ e-commerce that store card data.<\/p>\n<p><strong>Contact Center<\/strong>: Companies that manage telephone collections through credit or debit card payments.<\/p>\n<p><strong>Reservation center<\/strong>: Companies that make reservations of goods and services through the cardholder&#8217;s credit card data.<\/p>\n<p>[\/et_pb_blurb][\/et_pb_column][et_pb_column type=&#8221;2_5&#8243; _builder_version=&#8221;4.16&#8243; _module_preset=&#8221;default&#8221; global_colors_info=&#8221;{}&#8221;][et_pb_image src=&#8221;https:\/\/www.alhambrait.com\/cloud\/wp-content\/uploads\/2021\/10\/img_pci_ok.jpg&#8221; alt=&#8221;Certificaci\u00f3n PCI DSS&#8221; title_text=&#8221;Certificaci\u00f3n PCI DSS&#8221; _builder_version=&#8221;4.16&#8243; _module_preset=&#8221;default&#8221; custom_margin=&#8221;||0px||false|false&#8221; custom_padding=&#8221;||||false|false&#8221; global_colors_info=&#8221;{}&#8221;][\/et_pb_image][et_pb_cta button_url=&#8221;https:\/\/www.alhambrait.com\/cloud\/en\/secure-cloud\/pci-virtual-data-center\/&#8221; button_text=&#8221;+ Info&#8221; _builder_version=&#8221;4.22.2&#8243; _module_preset=&#8221;default&#8221; body_text_align=&#8221;center&#8221; body_text_color=&#8221;#FFFFFF&#8221; body_font_size=&#8221;21px&#8221; background_color=&#8221;#2ea3f2&#8243; custom_button=&#8221;on&#8221; button_text_size=&#8221;21px&#8221; button_text_color=&#8221;#FFFFFF&#8221; button_bg_color=&#8221;#222222&#8243; button_font=&#8221;Alhambra-IT||||||||&#8221; button_icon_color=&#8221;#FFFFFF&#8221; button_alignment=&#8221;center&#8221; custom_margin=&#8221;||||false|false&#8221; custom_padding=&#8221;||||false|false&#8221; global_colors_info=&#8221;{}&#8221;]<\/p>\n<p>Learn about the benefits of our PCI-DSS Compliance Virtual Data Center<\/p>\n<p>[\/et_pb_cta][\/et_pb_column][\/et_pb_row][\/et_pb_section][et_pb_section fb_built=&#8221;1&#8243; custom_padding_last_edited=&#8221;on|phone&#8221; _builder_version=&#8221;4.27.4&#8243; background_image=&#8221;https:\/\/www.alhambrait.com\/cloud\/wp-content\/uploads\/2019\/09\/fondo_contacto.jpg&#8221; custom_margin=&#8221;||||false|false&#8221; custom_padding=&#8221;100px||200px||false|false&#8221; custom_padding_tablet=&#8221;&#8221; custom_padding_phone=&#8221;&#8221; top_divider_style=&#8221;curve&#8221; top_divider_color=&#8221;#ffffff&#8221; top_divider_flip=&#8221;vertical&#8221; top_divider_height_tablet=&#8221;75px&#8221; top_divider_height_phone=&#8221;50px&#8221; top_divider_height_last_edited=&#8221;on|tablet&#8221; bottom_divider_style=&#8221;curve&#8221; bottom_divider_color=&#8221;#FFFFFF&#8221; bottom_divider_height_tablet=&#8221;75px&#8221; bottom_divider_height_phone=&#8221;50px&#8221; bottom_divider_height_last_edited=&#8221;on|phone&#8221; global_module=&#8221;14402&#8243; saved_tabs=&#8221;all&#8221; global_colors_info=&#8221;{}&#8221;][et_pb_row column_structure=&#8221;1_2,1_2&#8243; _builder_version=&#8221;4.27.2&#8243; positioning=&#8221;absolute&#8221; position_origin_a=&#8221;center_center&#8221; global_colors_info=&#8221;{}&#8221;][et_pb_column type=&#8221;1_2&#8243; _builder_version=&#8221;4.16&#8243; global_colors_info=&#8221;{}&#8221;][et_pb_blurb title=&#8221;We help you with your technology project.&#8221; use_icon=&#8221;on&#8221; content_max_width=&#8221;1100px&#8221; _builder_version=&#8221;4.27.4&#8243; header_font=&#8221;Alhambra-IT||||||||&#8221; header_text_align=&#8221;right&#8221; header_text_color=&#8221;#5b5b5f&#8221; header_font_size=&#8221;40px&#8221; header_text_align_tablet=&#8221;center&#8221; header_text_align_phone=&#8221;&#8221; header_text_align_last_edited=&#8221;on|phone&#8221; header_font_size_tablet=&#8221;32px&#8221; header_font_size_phone=&#8221;28px&#8221; header_font_size_last_edited=&#8221;on|phone&#8221; global_colors_info=&#8221;{}&#8221;][\/et_pb_blurb][\/et_pb_column][et_pb_column type=&#8221;1_2&#8243; _builder_version=&#8221;4.16&#8243; global_colors_info=&#8221;{}&#8221;][et_pb_button button_url=&#8221;\/cloud\/en\/want-to-talk\/information-request\/&#8221; button_text=&#8221;More Information&#8221; button_alignment=&#8221;left&#8221; button_alignment_tablet=&#8221;center&#8221; button_alignment_phone=&#8221;&#8221; button_alignment_last_edited=&#8221;on|phone&#8221; _builder_version=&#8221;4.27.2&#8243; custom_button=&#8221;on&#8221; button_text_size=&#8221;21px&#8221; button_text_color=&#8221;#ffffff&#8221; button_bg_color=&#8221;#5619a3&#8243; button_font=&#8221;Alhambra-IT||||||||&#8221; button_icon_color=&#8221;#ffffff&#8221; background_layout=&#8221;dark&#8221; custom_margin=&#8221;25px||||false|false&#8221; custom_margin_tablet=&#8221;0px||||false|false&#8221; custom_margin_phone=&#8221;0px||||false|false&#8221; custom_margin_last_edited=&#8221;on|tablet&#8221; custom_padding=&#8221;||||false|false&#8221; button_icon_placement_tablet=&#8221;right&#8221; button_icon_placement_phone=&#8221;&#8221; button_icon_placement_last_edited=&#8221;on|tablet&#8221; global_colors_info=&#8221;{}&#8221; button_border_radius__hover_enabled=&#8221;on|hover&#8221; button_border_radius__hover=&#8221;11px&#8221; button_letter_spacing__hover_enabled=&#8221;on|hover&#8221; button_letter_spacing__hover=&#8221;0px&#8221;][\/et_pb_button][\/et_pb_column][\/et_pb_row][\/et_pb_section]<\/p>\n","protected":false},"excerpt":{"rendered":"<p>Home &gt; Compliance &gt; PCI DSSAlhambra Cloud helps you to comply with PCI DSS certification so that your business can carry out online transactions with bank cards in compliance with current regulations.The PCI DSS (Payment Card Industry Data Security Standard) is a global information security standard created to prevent bank card fraud. Increased control translates into PCI DSS certification. The standard certifies that all parties involved in a payment process meet high security standards when handling, processing, transacting or performing any type of activity on credit or debit card data.This certification is a mandatory requirement for any organization that handles payment data through credit or debit cards, such as, for example: Merchants \/ e-commerce: Through the payment gateways of merchants \/ e-commerce that store card data. Contact Center: Companies that manage telephone collections through credit or debit card payments. Reservation center: Companies that make reservations of goods and services through the cardholder&#8217;s credit card data.Learn about the benefits of our PCI-DSS Compliance Virtual Data Center<\/p>\n","protected":false},"author":3,"featured_media":0,"parent":8318,"menu_order":0,"comment_status":"closed","ping_status":"closed","template":"","meta":{"_et_pb_use_builder":"on","_et_pb_old_content":"","_et_gb_content_width":"","content-type":"","footnotes":""},"class_list":["post-10739","page","type-page","status-publish","hentry"],"yoast_head":"<!-- This site is optimized with the Yoast SEO plugin v27.4 - https:\/\/yoast.com\/product\/yoast-seo-wordpress\/ -->\n<title>PCI DSS certification | Alhambra Cloud<\/title>\n<meta name=\"description\" content=\"With the Alahmbra Cloud PCI DSS Certification, you will be able to handle credit or debit card data with total guarantee and security.\" \/>\n<meta name=\"robots\" content=\"index, follow, max-snippet:-1, max-image-preview:large, max-video-preview:-1\" \/>\n<link rel=\"canonical\" href=\"https:\/\/www.alhambrait.com\/cloud\/en\/compliance\/pci-dss-certification\/\" \/>\n<meta property=\"og:locale\" content=\"en_US\" \/>\n<meta property=\"og:type\" content=\"article\" \/>\n<meta property=\"og:title\" content=\"PCI DSS certification | Alhambra Cloud\" \/>\n<meta property=\"og:description\" content=\"With the Alahmbra Cloud PCI DSS Certification, you will be able to handle credit or debit card data with total guarantee and security.\" \/>\n<meta property=\"og:url\" content=\"https:\/\/www.alhambrait.com\/cloud\/en\/compliance\/pci-dss-certification\/\" \/>\n<meta property=\"og:site_name\" content=\"Alhambra Cloud\" \/>\n<meta property=\"article:modified_time\" content=\"2025-03-26T14:55:51+00:00\" \/>\n<meta name=\"twitter:card\" content=\"summary_large_image\" \/>\n<meta name=\"twitter:label1\" content=\"Est. reading time\" \/>\n\t<meta name=\"twitter:data1\" content=\"2 minutes\" \/>\n<script type=\"application\/ld+json\" class=\"yoast-schema-graph\">{\"@context\":\"https:\\\/\\\/schema.org\",\"@graph\":[{\"@type\":\"WebPage\",\"@id\":\"https:\\\/\\\/www.alhambrait.com\\\/cloud\\\/en\\\/compliance\\\/pci-dss-certification\\\/\",\"url\":\"https:\\\/\\\/www.alhambrait.com\\\/cloud\\\/en\\\/compliance\\\/pci-dss-certification\\\/\",\"name\":\"PCI DSS certification | Alhambra Cloud\",\"isPartOf\":{\"@id\":\"https:\\\/\\\/www.alhambrait.com\\\/cloud\\\/en\\\/#website\"},\"datePublished\":\"2021-11-24T12:04:29+00:00\",\"dateModified\":\"2025-03-26T14:55:51+00:00\",\"description\":\"With the Alahmbra Cloud PCI DSS Certification, you will be able to handle credit or debit card data with total guarantee and security.\",\"breadcrumb\":{\"@id\":\"https:\\\/\\\/www.alhambrait.com\\\/cloud\\\/en\\\/compliance\\\/pci-dss-certification\\\/#breadcrumb\"},\"inLanguage\":\"en-US\",\"potentialAction\":[{\"@type\":\"ReadAction\",\"target\":[\"https:\\\/\\\/www.alhambrait.com\\\/cloud\\\/en\\\/compliance\\\/pci-dss-certification\\\/\"]}]},{\"@type\":\"BreadcrumbList\",\"@id\":\"https:\\\/\\\/www.alhambrait.com\\\/cloud\\\/en\\\/compliance\\\/pci-dss-certification\\\/#breadcrumb\",\"itemListElement\":[{\"@type\":\"ListItem\",\"position\":1,\"name\":\"Portada\",\"item\":\"https:\\\/\\\/www.alhambrait.com\\\/cloud\\\/en\\\/\"},{\"@type\":\"ListItem\",\"position\":2,\"name\":\"Compliance\",\"item\":\"https:\\\/\\\/www.alhambrait.com\\\/cloud\\\/en\\\/compliance\\\/\"},{\"@type\":\"ListItem\",\"position\":3,\"name\":\"PCI DSS certification\"}]},{\"@type\":\"WebSite\",\"@id\":\"https:\\\/\\\/www.alhambrait.com\\\/cloud\\\/en\\\/#website\",\"url\":\"https:\\\/\\\/www.alhambrait.com\\\/cloud\\\/en\\\/\",\"name\":\"Alhambra Cloud\",\"description\":\"Servicios Cloud que aseguran tu futuro digital\",\"publisher\":{\"@id\":\"https:\\\/\\\/www.alhambrait.com\\\/cloud\\\/en\\\/#organization\"},\"potentialAction\":[{\"@type\":\"SearchAction\",\"target\":{\"@type\":\"EntryPoint\",\"urlTemplate\":\"https:\\\/\\\/www.alhambrait.com\\\/cloud\\\/en\\\/?s={search_term_string}\"},\"query-input\":{\"@type\":\"PropertyValueSpecification\",\"valueRequired\":true,\"valueName\":\"search_term_string\"}}],\"inLanguage\":\"en-US\"},{\"@type\":\"Organization\",\"@id\":\"https:\\\/\\\/www.alhambrait.com\\\/cloud\\\/en\\\/#organization\",\"name\":\"Alhambra Cloud. Plataforma Cloud para el mundo empresarial\",\"url\":\"https:\\\/\\\/www.alhambrait.com\\\/cloud\\\/en\\\/\",\"logo\":{\"@type\":\"ImageObject\",\"inLanguage\":\"en-US\",\"@id\":\"https:\\\/\\\/www.alhambrait.com\\\/cloud\\\/en\\\/#\\\/schema\\\/logo\\\/image\\\/\",\"url\":\"https:\\\/\\\/www.alhambrait.com\\\/cloud\\\/wp-content\\\/uploads\\\/2020\\\/06\\\/logo_alhambra_cloud.jpg\",\"contentUrl\":\"https:\\\/\\\/www.alhambrait.com\\\/cloud\\\/wp-content\\\/uploads\\\/2020\\\/06\\\/logo_alhambra_cloud.jpg\",\"width\":798,\"height\":235,\"caption\":\"Alhambra Cloud. Plataforma Cloud para el mundo empresarial\"},\"image\":{\"@id\":\"https:\\\/\\\/www.alhambrait.com\\\/cloud\\\/en\\\/#\\\/schema\\\/logo\\\/image\\\/\"}}]}<\/script>\n<!-- \/ Yoast SEO plugin. -->","yoast_head_json":{"title":"PCI DSS certification | Alhambra Cloud","description":"With the Alahmbra Cloud PCI DSS Certification, you will be able to handle credit or debit card data with total guarantee and security.","robots":{"index":"index","follow":"follow","max-snippet":"max-snippet:-1","max-image-preview":"max-image-preview:large","max-video-preview":"max-video-preview:-1"},"canonical":"https:\/\/www.alhambrait.com\/cloud\/en\/compliance\/pci-dss-certification\/","og_locale":"en_US","og_type":"article","og_title":"PCI DSS certification | Alhambra Cloud","og_description":"With the Alahmbra Cloud PCI DSS Certification, you will be able to handle credit or debit card data with total guarantee and security.","og_url":"https:\/\/www.alhambrait.com\/cloud\/en\/compliance\/pci-dss-certification\/","og_site_name":"Alhambra Cloud","article_modified_time":"2025-03-26T14:55:51+00:00","twitter_card":"summary_large_image","twitter_misc":{"Est. reading time":"2 minutes"},"schema":{"@context":"https:\/\/schema.org","@graph":[{"@type":"WebPage","@id":"https:\/\/www.alhambrait.com\/cloud\/en\/compliance\/pci-dss-certification\/","url":"https:\/\/www.alhambrait.com\/cloud\/en\/compliance\/pci-dss-certification\/","name":"PCI DSS certification | Alhambra Cloud","isPartOf":{"@id":"https:\/\/www.alhambrait.com\/cloud\/en\/#website"},"datePublished":"2021-11-24T12:04:29+00:00","dateModified":"2025-03-26T14:55:51+00:00","description":"With the Alahmbra Cloud PCI DSS Certification, you will be able to handle credit or debit card data with total guarantee and security.","breadcrumb":{"@id":"https:\/\/www.alhambrait.com\/cloud\/en\/compliance\/pci-dss-certification\/#breadcrumb"},"inLanguage":"en-US","potentialAction":[{"@type":"ReadAction","target":["https:\/\/www.alhambrait.com\/cloud\/en\/compliance\/pci-dss-certification\/"]}]},{"@type":"BreadcrumbList","@id":"https:\/\/www.alhambrait.com\/cloud\/en\/compliance\/pci-dss-certification\/#breadcrumb","itemListElement":[{"@type":"ListItem","position":1,"name":"Portada","item":"https:\/\/www.alhambrait.com\/cloud\/en\/"},{"@type":"ListItem","position":2,"name":"Compliance","item":"https:\/\/www.alhambrait.com\/cloud\/en\/compliance\/"},{"@type":"ListItem","position":3,"name":"PCI DSS certification"}]},{"@type":"WebSite","@id":"https:\/\/www.alhambrait.com\/cloud\/en\/#website","url":"https:\/\/www.alhambrait.com\/cloud\/en\/","name":"Alhambra Cloud","description":"Servicios Cloud que aseguran tu futuro digital","publisher":{"@id":"https:\/\/www.alhambrait.com\/cloud\/en\/#organization"},"potentialAction":[{"@type":"SearchAction","target":{"@type":"EntryPoint","urlTemplate":"https:\/\/www.alhambrait.com\/cloud\/en\/?s={search_term_string}"},"query-input":{"@type":"PropertyValueSpecification","valueRequired":true,"valueName":"search_term_string"}}],"inLanguage":"en-US"},{"@type":"Organization","@id":"https:\/\/www.alhambrait.com\/cloud\/en\/#organization","name":"Alhambra Cloud. Plataforma Cloud para el mundo empresarial","url":"https:\/\/www.alhambrait.com\/cloud\/en\/","logo":{"@type":"ImageObject","inLanguage":"en-US","@id":"https:\/\/www.alhambrait.com\/cloud\/en\/#\/schema\/logo\/image\/","url":"https:\/\/www.alhambrait.com\/cloud\/wp-content\/uploads\/2020\/06\/logo_alhambra_cloud.jpg","contentUrl":"https:\/\/www.alhambrait.com\/cloud\/wp-content\/uploads\/2020\/06\/logo_alhambra_cloud.jpg","width":798,"height":235,"caption":"Alhambra Cloud. Plataforma Cloud para el mundo empresarial"},"image":{"@id":"https:\/\/www.alhambrait.com\/cloud\/en\/#\/schema\/logo\/image\/"}}]}},"_links":{"self":[{"href":"https:\/\/www.alhambrait.com\/cloud\/en\/wp-json\/wp\/v2\/pages\/10739","targetHints":{"allow":["GET"]}}],"collection":[{"href":"https:\/\/www.alhambrait.com\/cloud\/en\/wp-json\/wp\/v2\/pages"}],"about":[{"href":"https:\/\/www.alhambrait.com\/cloud\/en\/wp-json\/wp\/v2\/types\/page"}],"author":[{"embeddable":true,"href":"https:\/\/www.alhambrait.com\/cloud\/en\/wp-json\/wp\/v2\/users\/3"}],"replies":[{"embeddable":true,"href":"https:\/\/www.alhambrait.com\/cloud\/en\/wp-json\/wp\/v2\/comments?post=10739"}],"version-history":[{"count":17,"href":"https:\/\/www.alhambrait.com\/cloud\/en\/wp-json\/wp\/v2\/pages\/10739\/revisions"}],"predecessor-version":[{"id":41980,"href":"https:\/\/www.alhambrait.com\/cloud\/en\/wp-json\/wp\/v2\/pages\/10739\/revisions\/41980"}],"up":[{"embeddable":true,"href":"https:\/\/www.alhambrait.com\/cloud\/en\/wp-json\/wp\/v2\/pages\/8318"}],"wp:attachment":[{"href":"https:\/\/www.alhambrait.com\/cloud\/en\/wp-json\/wp\/v2\/media?parent=10739"}],"curies":[{"name":"wp","href":"https:\/\/api.w.org\/{rel}","templated":true}]}}